{"id":4173,"date":"2025-11-24T14:25:45","date_gmt":"2025-11-24T13:25:45","guid":{"rendered":"https:\/\/spainbytrain.org\/avis-legal\/"},"modified":"2025-11-24T14:25:46","modified_gmt":"2025-11-24T13:25:46","slug":"avis-legal","status":"publish","type":"page","link":"https:\/\/spainbytrain.org\/fr\/avis-legal\/","title":{"rendered":"AVIS L\u00c9GAL"},"content":{"rendered":"\t\t<div data-elementor-type=\"wp-page\" data-elementor-id=\"4173\" class=\"elementor elementor-4173 elementor-2659\">\n\t\t\t\t<div class=\"elementor-element elementor-element-363d20fb cabecera-background e-flex e-con-boxed e-con e-parent\" data-id=\"363d20fb\" data-element_type=\"container\" data-e-type=\"container\">\n\t\t\t\t\t<div class=\"e-con-inner\">\n\t\t\t\t<div class=\"elementor-element elementor-element-67fb89e elementor-widget elementor-widget-text-editor\" data-id=\"67fb89e\" data-element_type=\"widget\" data-e-type=\"widget\" data-widget_type=\"text-editor.default\">\n\t\t\t\t<div class=\"elementor-widget-container\">\n\t\t\t\t\t\t\t\t\t<h1><span style=\"text-decoration: underline;\"><strong>AVIS L\u00c9GAL<\/strong><\/span><\/h1><p>Afin de se conformer aux dispositions de la loi 34\/2002 du 11 juillet sur les services de la soci\u00e9t\u00e9 de l\u2019information et le commerce \u00e9lectronique (LSSICE), voici les informations g\u00e9n\u00e9rales du site <a href=\"https:\/\/spainbytrain.org\/fr\/\" target=\"_blank\" rel=\"noreferrer noopener\">web https:\/\/spainbytrain.org<\/a><\/p><h2 class=\"wp-block-heading\"><strong>1. Entit\u00e9<\/strong><\/h2><p>Association du r\u00e9seau AVE Cities<\/p><p>CIF : G99086001<\/p><p>Paseo Marqu\u00e9s de Contadero s\/n<\/p><p>41001 S\u00e9ville<\/p><p>Email : <a href=\"mailto:info@spainbytrain.org\">info@spainbytrain.org<\/a> <\/p><h2 class=\"wp-block-heading\"><strong>2. Utilisation du site web<\/strong><\/h2><p>Le site web est propos\u00e9 \u00e0 des fins promotionnelles, informant sur les diff\u00e9rents services propos\u00e9s par l\u2019association. Spain by Train est une association qui regroupe 35 villes espagnoles o\u00f9 s\u2019arr\u00eate le train \u00e0 grande vitesse. La pr\u00e9sidence tourne et elle est actuellement assur\u00e9e par le Conseil municipal de S\u00e9ville. Le site web promeut les 35 destinations d\u2019un point de vue touristique   <\/p><p>L\u2019Association <a href=\"https:\/\/spainbytrain.org\/fr\/\" target=\"_blank\" rel=\"noreferrer noopener\">ne peut spainbytrain.org<\/a> cesser de fournir les services d\u2019information propos\u00e9s sur ce site via le site sans aucune communication avec l\u2019utilisateur, ce qui n\u2019entra\u00eenera aucune obligation l\u00e9gale envers l\u2019utilisateur ou des tiers.<\/p><h2 class=\"wp-block-heading\"><strong>3. Confidentialit\u00e9<\/strong><\/h2><p>Les informations que Spain by Train peut recueillir aupr\u00e8s des utilisateurs de ce site web seront utilis\u00e9es exclusivement pour fournir des informations aux parties int\u00e9ress\u00e9es qui les demandent et\/ou pour r\u00e9pondre \u00e0 toute question jug\u00e9e appropri\u00e9e par l\u2019utilisateur.<\/p><p>Pour plus d\u2019informations, veuillez consulter notre Politique de confidentialit\u00e9.<\/p><h2 class=\"wp-block-heading\"><strong>4. Liens avec des tiers<\/strong><\/h2><p>Dans le cas de liens vers des sites tiers, l\u2019utilisateur sera r\u00e9gi par les Conditions d\u2019utilisation et la politique de confidentialit\u00e9 du nouveau site, acceptant que Spain by Train ne sera pas responsable ni n\u2019aura aucune obligation l\u00e9gale d\u2019utiliser ces sites.<\/p><h2 class=\"wp-block-heading\"><strong>5. Propri\u00e9t\u00e9 intellectuelle<\/strong><\/h2><p>Spain by Train, par elle-m\u00eame ou en tant que cessionnaire ou licenci\u00e9, est le propri\u00e9taire de tous les droits de propri\u00e9t\u00e9 intellectuelle et industrielle des \u00e9l\u00e9ments composant ce site web, tous les droits \u00e9tant donc r\u00e9serv\u00e9s. Toute conduite telle que la reproduction, la distribution et la communication publique, y compris la disponibilit\u00e9 totale ou partielle du contenu de ce site \u00e0 des fins commerciales conform\u00e9ment aux articles 8 et 21 de la Loi sur la propri\u00e9t\u00e9 intellectuelle, est express\u00e9ment interdite. <\/p><p>Dans tous les cas, l\u2019utilisateur du site peut consulter les \u00e9l\u00e9ments et le contenu de ce site et peut les imprimer, stocker et m\u00eame les copier sur n\u2019importe quel support, \u00e0 condition qu\u2019ils soient destin\u00e9s \u00e0 un usage strictement personnel et priv\u00e9.<\/p><h2 class=\"wp-block-heading\"><strong>6. Conditions d\u2019utilisation et responsabilit\u00e9<\/strong><\/h2><p>L\u2019utilisateur du site web Spain by Train. s\u2019engage \u00e0 utiliser ce site web conform\u00e9ment \u00e0 la loi, \u00e0 la morale et \u00e0 l\u2019ordre public. <\/p><p>Que nous pouvons sp\u00e9cifier dans les comportements suivants que l\u2019utilisateur doit s\u2019abstenir d\u2019ex\u00e9cuter :<\/p><p>Utilisation non autoris\u00e9e ou frauduleuse du site web. Tentative d\u2019acc\u00e8s non autoris\u00e9e par son propri\u00e9taire l\u00e9gitime. Toute utilisation du site \u00e0 des fins illicites, ou nuisible \u00e0 des tiers ou dans l\u2019intention de nuire au site et \u00e0 ses autres utilisateurs. Causez tout dommage aux syst\u00e8mes que ce site pourrait avoir install\u00e9s pour son fonctionnement.  <\/p><p>Spain by Train ne sera responsable que des contenus cr\u00e9\u00e9s et ajout\u00e9s par lui-m\u00eame, et non des liens pouvant \u00eatre incorpor\u00e9s par des tiers, ni de ceux externes qui redirigent vers un autre site web qui, bien s\u00fbr, ne contr\u00f4le pas sa modification.<br>Le propri\u00e9taire se r\u00e9serve le droit d\u2019apporter autant de modifications qu\u2019il juge appropri\u00e9es sans pr\u00e9avis, tant au contenu qu\u2019aux services qu\u2019il offre. De plus, elle se r\u00e9serve le droit d\u2019approuver ou de supprimer le contenu qu\u2019elle ne juge pas appropri\u00e9 ajout\u00e9 par des tiers. <\/p><h2 class=\"wp-block-heading\"><strong>7. Modifications des Conditions d\u2019utilisation<\/strong><\/h2><p>Spain by Train se r\u00e9serve le droit de modifier ses conditions d\u2019utilisation et sa politique de confidentialit\u00e9 lorsqu\u2019elle le jugera appropri\u00e9. L\u2019utilisateur s\u2019engage \u00e0 examiner le contenu de ces conditions d\u2019utilisation, car elles peuvent \u00eatre modifi\u00e9es sans pr\u00e9avis. De m\u00eame, vous comprenez et acceptez chacune des clauses contenues dans ce document. Il est de la seule responsabilit\u00e9 de l\u2019utilisateur de consulter les conditions mentionn\u00e9es ci-dessus.   <\/p><h2 class=\"wp-block-heading\"><strong>8. Droit et juridiction<\/strong><\/h2><p>La loi applicable en cas de litige ou de conflit d\u2019interpr\u00e9tation des termes composant cette Avis L\u00e9gal, ainsi que toute question li\u00e9e aux services de ce Portail, sera la loi espagnole. Pour la r\u00e9solution de tout conflit pouvant survenir lors de la visite du Portail ou de l\u2019utilisation du contenu qui y est publi\u00e9, ces conflits seront r\u00e9gl\u00e9s dans les tribunaux et tribunaux correspondants. <\/p>\t\t\t\t\t\t\t\t<\/div>\n\t\t\t\t<\/div>\n\t\t\t\t\t<\/div>\n\t\t\t\t<\/div>\n\t\t\t\t<\/div>\n\t\t","protected":false},"excerpt":{"rendered":"<p>AVIS L\u00c9GAL Afin de se conformer aux dispositions de la loi 34\/2002 du 11 juillet sur les services de la soci\u00e9t\u00e9 de l\u2019information et le commerce \u00e9lectronique (LSSICE), voici les informations g\u00e9n\u00e9rales du site web https:\/\/spainbytrain.org 1. Entit\u00e9 Association du r\u00e9seau AVE Cities CIF : G99086001 Paseo Marqu\u00e9s de Contadero s\/n 41001 S\u00e9ville Email : [&hellip;]<\/p>\n","protected":false},"author":3720,"featured_media":0,"parent":0,"menu_order":0,"comment_status":"closed","ping_status":"closed","template":"","meta":{"inline_featured_image":false,"footnotes":""},"class_list":["post-4173","page","type-page","status-publish","hentry"],"_links":{"self":[{"href":"https:\/\/spainbytrain.org\/fr\/wp-json\/wp\/v2\/pages\/4173","targetHints":{"allow":["GET"]}}],"collection":[{"href":"https:\/\/spainbytrain.org\/fr\/wp-json\/wp\/v2\/pages"}],"about":[{"href":"https:\/\/spainbytrain.org\/fr\/wp-json\/wp\/v2\/types\/page"}],"author":[{"embeddable":true,"href":"https:\/\/spainbytrain.org\/fr\/wp-json\/wp\/v2\/users\/3720"}],"replies":[{"embeddable":true,"href":"https:\/\/spainbytrain.org\/fr\/wp-json\/wp\/v2\/comments?post=4173"}],"version-history":[{"count":1,"href":"https:\/\/spainbytrain.org\/fr\/wp-json\/wp\/v2\/pages\/4173\/revisions"}],"predecessor-version":[{"id":4174,"href":"https:\/\/spainbytrain.org\/fr\/wp-json\/wp\/v2\/pages\/4173\/revisions\/4174"}],"wp:attachment":[{"href":"https:\/\/spainbytrain.org\/fr\/wp-json\/wp\/v2\/media?parent=4173"}],"curies":[{"name":"wp","href":"https:\/\/api.w.org\/{rel}","templated":true}]}}