{"id":4116,"date":"2025-11-24T14:20:30","date_gmt":"2025-11-24T13:20:30","guid":{"rendered":"https:\/\/spainbytrain.org\/politique-sur-les-temoins\/"},"modified":"2025-11-24T14:20:31","modified_gmt":"2025-11-24T13:20:31","slug":"politique-sur-les-temoins","status":"publish","type":"page","link":"https:\/\/spainbytrain.org\/fr\/politique-sur-les-temoins\/","title":{"rendered":"POLITIQUE SUR LES T\u00c9MOINS"},"content":{"rendered":"\t\t<div data-elementor-type=\"wp-page\" data-elementor-id=\"4116\" class=\"elementor elementor-4116 elementor-2678\">\n\t\t\t\t<div class=\"elementor-element elementor-element-363d20fb cabecera-background e-flex e-con-boxed e-con e-parent\" data-id=\"363d20fb\" data-element_type=\"container\" data-e-type=\"container\">\n\t\t\t\t\t<div class=\"e-con-inner\">\n\t\t\t\t<div class=\"elementor-element elementor-element-67fb89e elementor-widget elementor-widget-text-editor\" data-id=\"67fb89e\" data-element_type=\"widget\" data-e-type=\"widget\" data-widget_type=\"text-editor.default\">\n\t\t\t\t<div class=\"elementor-widget-container\">\n\t\t\t\t\t\t\t\t\t<h1><strong><u>POLITIQUE SUR LES T\u00c9MOINS<\/u><\/strong><\/h1><p>Conform\u00e9ment aux dispositions de la Loi sur les services d\u2019information et le commerce \u00e9lectronique, et conform\u00e9ment \u00e0 la directive europ\u00e9enne 2009\/136\/CE, ainsi qu\u2019aux r\u00e9visions du Comit\u00e9 europ\u00e9en dans les Lignes directrices 05\/2020 sur le consentement, <a href=\"https:\/\/spainbytrain.org\/fr\/\">https:\/\/spainbytrain.org<\/a> vous informe de l\u2019utilisation des cookies, ainsi que votre consentement \u00e0 la poursuite de cette utilisation simplement en continuant \u00e0 naviguer sur ce site web.<\/p><p>Les cookies sont de petits fichiers qui sont t\u00e9l\u00e9charg\u00e9s et stock\u00e9s sur l\u2019ordinateur d\u2019un utilisateur lors de l\u2019acc\u00e8s \u00e0 certains sites web, afin de stocker des informations de navigation pour faciliter cela, reconna\u00eetre l\u2019ordinateur, le navigateur&#8230; Ou en collectant des donn\u00e9es \u00e0 des fins statistiques. En aucun cas ces virus ou syst\u00e8mes ne sont nuisibles \u00e0 l\u2019utilisateur. <\/p><p>En acceptant la publicit\u00e9 pour cookies qui appara\u00eet au d\u00e9but de la navigation ou en configurant les cookies sur ce site, vous acceptez express\u00e9ment l\u2019utilisation de ces cookies sur vos appareils. Si vous d\u00e9sactivez les cookies, votre navigation sur le site peut ne pas \u00eatre optimale et certains utilitaires disponibles sur le site peuvent ne pas fonctionner correctement. <\/p><h3><strong>Types de cookies (source : Agence espagnole de protection des donn\u00e9es)<\/strong><\/h3><ol><li><strong>Les types de cookies d\u00e9pendent de l\u2019entit\u00e9 qui les g\u00e8re.<\/strong><\/li><\/ol><p>Selon l\u2019entit\u00e9 qui g\u00e8re l\u2019ordinateur ou le domaine d\u2019o\u00f9 proviennent les cookies et traite les donn\u00e9es obtenues, on peut distinguer :<\/p><p><u>\u2013 <strong>Cookies de premi\u00e8re partie<\/strong> :<\/u> Ce sont celles qui sont envoy\u00e9es \u00e0 l\u2019\u00e9quipement terminal de l\u2019utilisateur depuis un ordinateur ou un domaine g\u00e9r\u00e9 par l\u2019\u00e9diteur lui-m\u00eame et \u00e0 partir desquelles le service demand\u00e9 par l\u2019utilisateur est fourni.<\/p><p><u>\u2013 <strong>Cookies tiers<\/strong> :<\/u> Ce sont celles envoy\u00e9es \u00e0 l\u2019\u00e9quipement terminal de l\u2019utilisateur depuis un ordinateur ou un domaine qui n\u2019est pas g\u00e9r\u00e9 par l\u2019\u00e9diteur, mais par une autre entit\u00e9 qui traite les donn\u00e9es obtenues via des cookies.<\/p><p>Dans le cas o\u00f9 des cookies sont install\u00e9s depuis un ordinateur ou un domaine g\u00e9r\u00e9 par l\u2019\u00e9diteur lui-m\u00eame, mais que les informations collect\u00e9es par celui-ci sont g\u00e9r\u00e9es par un tiers, ils ne peuvent pas \u00eatre consid\u00e9r\u00e9s comme des cookies de premi\u00e8re partie.<\/p><ol start=\"2\"><li><strong>Types de cookies selon la dur\u00e9e pendant laquelle ils restent activ\u00e9s<\/strong><\/li><\/ol><p>Selon la p\u00e9riode pendant laquelle ils restent activ\u00e9s dans l\u2019\u00e9quipement terminal, on peut <u>distinguer :<\/u><\/p><p><u>\u2013 <strong>Cookies de session<\/strong> :<\/u> Ce sont des types de cookies con\u00e7us pour collecter et stocker des donn\u00e9es pendant que l\u2019utilisateur acc\u00e8de \u00e0 un site web.<\/p><p>Ils servent g\u00e9n\u00e9ralement \u00e0 stocker des informations qui ne sont int\u00e9ress\u00e9es qu\u2019\u00e0 conserver pour la fourniture du service demand\u00e9 par l\u2019utilisateur \u00e0 une seule occasion (par exemple, une liste des produits achet\u00e9s).<\/p><p><u>\u2013 <strong>Cookies persistants<\/strong><\/u> : Ce sont des types de cookies dans lesquels les donn\u00e9es sont toujours stock\u00e9es sur le terminal et peuvent \u00eatre consult\u00e9es et trait\u00e9es pendant une p\u00e9riode d\u00e9finie par la personne responsable du cookie, pouvant aller de quelques minutes \u00e0 plusieurs ann\u00e9es.<\/p><ol start=\"3\"><li><strong>Types de cookies selon leur objectif<\/strong><\/li><\/ol><p>Selon la finalit\u00e9 pour laquelle les donn\u00e9es obtenues via les cookies sont trait\u00e9es, nous pouvons distinguer entre :<\/p><p>\u2013<strong> <\/strong><u><strong>Cookies techniques<\/strong> :<\/u>  Ce sont celles qui permettent \u00e0 l\u2019utilisateur de parcourir un site web, une plateforme ou une application et d\u2019utiliser les diff\u00e9rentes options ou services qui y existent, tels que, par exemple, contr\u00f4ler la communication du trafic et des donn\u00e9es, identifier la session, acc\u00e9der \u00e0 des parties d\u2019acc\u00e8s restreint, m\u00e9moriser les \u00e9l\u00e9ments qui composent un ordre,  Effectuer le processus d\u2019achat d\u2019une commande, la demande d\u2019inscription ou de participation \u00e0 un \u00e9v\u00e9nement, utiliser des \u00e9l\u00e9ments de s\u00e9curit\u00e9 lors de la navigation, stocker du contenu pour la diffusion de vid\u00e9os ou de sons, ou partager du contenu via les r\u00e9seaux sociaux.<\/p><p><u>\u2013<strong> Cookies de personnalisation<\/strong> :<\/u> Ce sont celles qui permettent \u00e0 l\u2019utilisateur d\u2019acc\u00e9der au service avec certaines caract\u00e9ristiques g\u00e9n\u00e9rales pr\u00e9d\u00e9finies bas\u00e9es sur une s\u00e9rie de crit\u00e8res du terminal de l\u2019utilisateur, tels que la langue, le type de navigateur via lequel le service est acc\u00e9d\u00e9, la configuration r\u00e9gionale depuis laquelle le service est acc\u00e9d\u00e9, etc.<\/p><p><u>\u2013<strong> Cookies d\u2019analyse<\/strong> :<\/u> Ce sont celles qui permettent \u00e0 la personne responsable de surveiller et d\u2019analyser le comportement des utilisateurs des sites web auxquels ils sont li\u00e9s. Les informations recueillies via ce type de cookie sont utilis\u00e9es pour mesurer l\u2019activit\u00e9 des sites web, applications ou plateformes et pour cr\u00e9er des profils de navigation des utilisateurs de ces sites, applications et plateformes, afin d\u2019introduire des am\u00e9liorations bas\u00e9es sur l\u2019analyse des donn\u00e9es d\u2019utilisation effectu\u00e9es par les utilisateurs du service. <\/p><p>Plus pr\u00e9cis\u00e9ment, l\u2019association SPAIN BY TRAIN utilise des cookies pour les objectifs d\u00e9crits ci-dessous. Si \u00e0 l\u2019avenir d\u2019autres technologies sont utilis\u00e9es dans le but de fournir plus de services et de meilleure qualit\u00e9, l\u2019utilisateur en sera inform\u00e9. <\/p><ol start=\"4\"><li><strong>Cookies techniques<\/strong><\/li><\/ol><p>Les cookies techniques sont essentiels pour que vous puissiez vous d\u00e9placer sur un site web et utiliser ses fonctionnalit\u00e9s. En g\u00e9n\u00e9ral, ces cookies activent les diff\u00e9rentes fonctions du site, rendent votre navigation plus s\u00fbre ou offrent des fonctionnalit\u00e9s pr\u00e9c\u00e9demment demand\u00e9es par l\u2019utilisateur. Comme ils sont n\u00e9cessaires au fonctionnement du site, ces cookies seront activ\u00e9s par d\u00e9faut et ne pourront pas \u00eatre refus\u00e9s.  <\/p><p>Ce site utilise les cookies techniques n\u00e9cessaires pour :<\/p><ul><li>pour garantir une navigation s\u00fbre et ininterrompue sur notre site web ;<\/li><li>sauvegarder les pr\u00e9f\u00e9rences de l\u2019utilisateur concernant la configuration, l\u2019acceptation ou le rejet des cookies de la<br>lieu.<\/li><li>Partagez du contenu (comme des articles et des articles de blog) sur diff\u00e9rents r\u00e9seaux sociaux (comme Twitter ou Twitter).<br>Facebook).<\/li><\/ul><ol start=\"5\"><li><strong>Cookies analytiques<\/strong><\/li><\/ol><p>Ces cookies nous permettent de suivre et d\u2019analyser le comportement des utilisateurs qui naviguent sur le site. Les informations recueillies via ce type de cookie sont utilis\u00e9es pour mesurer l\u2019activit\u00e9 des sites web, applications ou plateformes, afin d\u2019introduire des am\u00e9liorations bas\u00e9es sur l\u2019analyse des donn\u00e9es d\u2019utilisation effectu\u00e9es par les utilisateurs du service. <\/p><h3><strong>Cookies <\/strong><a href=\"https:\/\/spainbytrain.org\/fr\/\"><strong>utilis\u00e9s par https:\/\/spainbytrain.org<\/strong><\/a><strong> <\/strong><\/h3><table width=\"1440\"><thead><tr>COOKIE <td><strong>\u00c0 BUT<\/strong><\/td><td><strong><\/strong> <\/td><td><strong>EXCLUSIF<\/strong><\/td><\/tr><\/thead><tbody><tr><td>NID<\/td><td>Collectez les informations pour le moteur de recherche Google inclus dans le web (Google CSE). Y compris l\u2019utilisation de<br>Google Maps. Des cookies persistants.  <\/td><td>Google Cookie. +info : http:\/\/www.google.es\/intl\/es\/policies\/technologies\/types\/ <\/td><\/tr><tr><td>_ga, _gat, _gid, _secure_3PAPSID, _secure_3PSID<\/td><td>Cookies utilis\u00e9s par Google Analytics qui contiennent un identifiant anonyme servant \u00e0 distinguer<br>Utilisateurs. Ils sont de nature analytique et statistique. Dur\u00e9e : _ga : 2 ans \/ _gat : 10 minutes \/ _gid : 24 h \/<br>__SEGURE 3PAPSID 18 mois \/ __SECURE 3PISID 1 an ;  <\/td><td rowspan=\"2\">GOOGLE ANALYTICS : Un outil qui aide les propri\u00e9taires de sites web \u00e0 mesurer comment<br>Les utilisateurs interagissent avec le contenu du site. Google Analytics, un service d\u2019analyse web<br>fourni par Google, Inc., domicili\u00e9 aux \u00c9tats-Unis et avec son si\u00e8ge au 1600 Amphitheatre<br>Parkway, Mountain View, Californie 94043. Pour fournir ces services, ils utilisent des cookies<br>qui collectent les informations, y compris l\u2019adresse IP de l\u2019utilisateur, qui seront transmises, trait\u00e9es, et<br>stock\u00e9e par Google selon les conditions d\u00e9finies sur le site Google.com. Y compris la transmission possible de<br>ces informations destin\u00e9es \u00e0 des tiers pour des raisons de Gat_gtag_UA Incluent des informations de campagne relatives \u00e0 la<br>utilisateur. Si vous avez li\u00e9 vos comptes Google Analytics et AdWords, les tags de conversion pour<br>Les sites web liront ce cookie, sauf si vous le d\u00e9sactivez. Dur\u00e9e de 90 jours obligatoire par la loi ou quand<br>ces tiers traitent les informations au nom de Google      <\/td><\/tr><tr><td>Gat_gtag_UA<\/td><td>Incluez des informations sur la campagne concernant l\u2019utilisateur. Si vous avez li\u00e9 vos comptes Google Analytics<br>et AdWords, les balises de conversion du site lisent ce cookie, sauf si vous le d\u00e9sactivez.<br>Dur\u00e9e de 90 jours <\/td><\/tr><tr><td>Optanonalertboxclosed, optanonconsent, SBvirtudtelf, Eupubsonsent<\/td><td>Cookies install\u00e9s par le module de gestion des cookies, utilis\u00e9s pour stocker et d\u00e9terminer le<br>S\u00e9lections d\u2019utilisateurs. Dur\u00e9e : un an <\/td><td>UN TURST : https:\/\/www.onetrust.com\/privacy\/<\/td><\/tr><\/tbody><\/table><h3><strong>Contr\u00f4le de la suppression des cookies<\/strong><\/h3><p>Avec le module de param\u00e8tres des cookies, vous avez la possibilit\u00e9 de rejeter ou d\u2019accepter les cookies n\u00e9cessitant votre consentement. Vous pouvez \u00e9galement bloquer et supprimer les cookies en modifiant les param\u00e8tres de votre navigateur. Pour g\u00e9rer les cookies, la plupart des navigateurs vous permettent de refuser ou d\u2019accepter tous les cookies, ou n\u2019accepter que certains types de cookies. Le processus de gestion et de suppression des cookies se trouve dans la fonction d\u2019aide int\u00e9gr\u00e9e au navigateur. Si vous souhaitez limiter l\u2019utilisation des cookies, vous ne pourrez pas utiliser toutes les fonctionnalit\u00e9s interactives de notre site web.    <\/p><p>De m\u00eame, vous pouvez autoriser, bloquer ou supprimer les cookies install\u00e9s sur votre ordinateur en configurant les options du navigateur install\u00e9 sur votre ordinateur :<\/p><p>Firefox : <a href=\"https:\/\/support.mozilla.org\/es\/kb\/habilitar-y-deshabilitar-cookies-sitios-web%E2%80%A6\" target=\"_blank\" rel=\"noopener\">https:\/\/support.mozilla.org\/es\/kb\/habilitar-y-deshabilitar-cookies-sitios-web&#8230;<\/a><\/p><p>Chrome : <a href=\"https:\/\/support.google.com\/accounts\/answer\/61416?hl=es\" target=\"_blank\" rel=\"noopener\">https:\/\/support.google.com\/accounts\/answer\/61416?hl=es<\/a><\/p><p>Explorateur : <a href=\"https:\/\/support.microsoft.com\/es-es\/help\/17442\/windows-internet-explorer-dele\" target=\"_blank\" rel=\"noopener\">https:\/\/support.microsoft.com\/es-es\/help\/17442\/windows-internet-explorer-dele<\/a><\/p><p>Safari : <a href=\"https:\/\/support.apple.com\/es-es\/guide\/safari\/sfri11471\/mac\" target=\"_blank\" rel=\"noopener\">https:\/\/support.apple.com\/es-es\/guide\/safari\/sfri11471\/mac<\/a><\/p><p>Op\u00e9ra : <strong><a href=\"https:\/\/help.opera.com\/Windows\/11.50\/es-ES\/cookies.html\" target=\"_blank\" rel=\"noopener\">https:\/\/help.opera.com\/Windows\/11.50\/es-ES\/cookies.html<\/a><\/strong><\/p>\t\t\t\t\t\t\t\t<\/div>\n\t\t\t\t<\/div>\n\t\t\t\t\t<\/div>\n\t\t\t\t<\/div>\n\t\t\t\t<\/div>\n\t\t","protected":false},"excerpt":{"rendered":"<p>POLITIQUE SUR LES T\u00c9MOINS Conform\u00e9ment aux dispositions de la Loi sur les services d\u2019information et le commerce \u00e9lectronique, et conform\u00e9ment \u00e0 la directive europ\u00e9enne 2009\/136\/CE, ainsi qu\u2019aux r\u00e9visions du Comit\u00e9 europ\u00e9en dans les Lignes directrices 05\/2020 sur le consentement, https:\/\/spainbytrain.org vous informe de l\u2019utilisation des cookies, ainsi que votre consentement \u00e0 la poursuite de cette [&hellip;]<\/p>\n","protected":false},"author":3720,"featured_media":0,"parent":0,"menu_order":0,"comment_status":"closed","ping_status":"closed","template":"","meta":{"inline_featured_image":false,"footnotes":""},"class_list":["post-4116","page","type-page","status-publish","hentry"],"_links":{"self":[{"href":"https:\/\/spainbytrain.org\/fr\/wp-json\/wp\/v2\/pages\/4116","targetHints":{"allow":["GET"]}}],"collection":[{"href":"https:\/\/spainbytrain.org\/fr\/wp-json\/wp\/v2\/pages"}],"about":[{"href":"https:\/\/spainbytrain.org\/fr\/wp-json\/wp\/v2\/types\/page"}],"author":[{"embeddable":true,"href":"https:\/\/spainbytrain.org\/fr\/wp-json\/wp\/v2\/users\/3720"}],"replies":[{"embeddable":true,"href":"https:\/\/spainbytrain.org\/fr\/wp-json\/wp\/v2\/comments?post=4116"}],"version-history":[{"count":1,"href":"https:\/\/spainbytrain.org\/fr\/wp-json\/wp\/v2\/pages\/4116\/revisions"}],"predecessor-version":[{"id":4117,"href":"https:\/\/spainbytrain.org\/fr\/wp-json\/wp\/v2\/pages\/4116\/revisions\/4117"}],"wp:attachment":[{"href":"https:\/\/spainbytrain.org\/fr\/wp-json\/wp\/v2\/media?parent=4116"}],"curies":[{"name":"wp","href":"https:\/\/api.w.org\/{rel}","templated":true}]}}