{"id":4114,"date":"2025-11-24T14:20:20","date_gmt":"2025-11-24T13:20:20","guid":{"rendered":"https:\/\/spainbytrain.org\/politique-de-confidentialite\/"},"modified":"2025-11-24T14:20:21","modified_gmt":"2025-11-24T13:20:21","slug":"politique-de-confidentialite","status":"publish","type":"page","link":"https:\/\/spainbytrain.org\/fr\/politique-de-confidentialite\/","title":{"rendered":"POLITIQUE DE CONFIDENTIALIT\u00c9"},"content":{"rendered":"\t\t<div data-elementor-type=\"wp-page\" data-elementor-id=\"4114\" class=\"elementor elementor-4114 elementor-2687\">\n\t\t\t\t<div class=\"elementor-element elementor-element-363d20fb cabecera-background e-flex e-con-boxed e-con e-parent\" data-id=\"363d20fb\" data-element_type=\"container\" data-e-type=\"container\">\n\t\t\t\t\t<div class=\"e-con-inner\">\n\t\t\t\t<div class=\"elementor-element elementor-element-67fb89e elementor-widget elementor-widget-text-editor\" data-id=\"67fb89e\" data-element_type=\"widget\" data-e-type=\"widget\" data-widget_type=\"text-editor.default\">\n\t\t\t\t<div class=\"elementor-widget-container\">\n\t\t\t\t\t\t\t\t\t<h1><strong><u>POLITIQUE DE CONFIDENTIALIT\u00c9<\/u><\/strong><\/h1><p><strong>Informations sur notre politique de protection des donn\u00e9es et notre politique de confidentialit\u00e9 :<\/strong><\/p><p>Le site web  <a href=\"https:\/\/spainbytrain.org\/fr\/\">https:\/\/spainbytrain.org<\/a>  se conforme aux obligations impos\u00e9es par le R\u00e8glement (UE) 2016\/679 du Parlement europ\u00e9en et du Conseil du 27 avril 2016 sur la protection des personnes physiques ainsi que par la Loi organique 3\/2018 du 5 d\u00e9cembre 2018 sur la protection des donn\u00e9es personnelles et la garantie des droits num\u00e9riques, en ce qui concerne le traitement des donn\u00e9es personnelles et toute autre l\u00e9gislation qui leur est applicable,  ainsi que les r\u00e8glements en vigueur \u00e0 tout moment applicables, garantissant le respect de toutes les obligations et droits des personnes concern\u00e9es en mati\u00e8re de traitement des donn\u00e9es personnelles.<\/p><p>De m\u00eame, conform\u00e9ment aux dispositions de la loi 34\/2002 du 11 juillet relative aux services de la soci\u00e9t\u00e9 de l\u2019information et au commerce \u00e9lectronique, elle demandera \u00e0 l\u2019utilisateur le consentement pr\u00e9alable pour envoyer des communications commerciales, en cas de lieu, en respectant \u00e9galement toutes les obligations et droits des utilisateurs.<\/p><p>En vertu de ce qui pr\u00e9c\u00e8de, les utilisateurs souhaitant b\u00e9n\u00e9ficier des diff\u00e9rents services propos\u00e9s par l\u2019association SPAIN BY TRAIN seront inform\u00e9s des informations relatives \u00e0 l\u2019identification de la personne responsable du fichier, aux fins du traitement de leurs donn\u00e9es, ainsi que de la possibilit\u00e9 d\u2019exercer les droits d\u2019acc\u00e8s, de rectification, d\u2019annulation et d\u2019opposition devant la personne responsable du fichier.  Tout cela en lisant et en acceptant pr\u00e9alablement la politique de confidentialit\u00e9 de l\u2019entit\u00e9, en \u00e9tant d\u00fbment inform\u00e9.<\/p><ol><li><h3><strong>Responsable de donn\u00e9es<\/strong><\/h3><\/li><\/ol><p>Association du r\u00e9seau AVE Cities<\/p><p>CIF : G99086001<\/p><p>Paseo Marqu\u00e9s de Contadero s\/n<\/p><p>41001 S\u00e9ville<\/p><ol start=\"2\"><li><h3><strong>  Objectif du traitement des donn\u00e9es<\/strong><\/h3><\/li><\/ol><p>Le principal objectif du traitement de vos donn\u00e9es personnelles est la possibilit\u00e9 de communiquer avec vous afin de r\u00e9pondre \u00e0 votre demande de contact via le formulaire fourni \u00e0 cet effet, ou de r\u00e9pondre \u00e0 la relation commerciale que vous demandez<\/p><p>Vos donn\u00e9es personnelles seront conserv\u00e9es pour traitement dans nos syst\u00e8mes tant que la relation avec notre entit\u00e9 sera maintenue.<\/p><p>De plus, si vous l\u2019avez express\u00e9ment autoris\u00e9, vos donn\u00e9es seront trait\u00e9es afin de pouvoir vous transmettre des communications commerciales par tous les moyens, y compris \u00e9lectroniques, vous informant des diff\u00e9rents produits et\/ou services propos\u00e9s par l\u2019Association SPAIN BY TRAIN.<\/p><p>Vous pouvez r\u00e9voquer les consentements accord\u00e9s \u00e0 votre simple demande en contactant l\u2019association SPAIN BY TRAIN \u00e0 l\u2019adresse mentionn\u00e9e au point 1 de cette clause, o\u00f9 les coordonn\u00e9es de l\u2019entit\u00e9 sont indiqu\u00e9es.<\/p><ol start=\"3\"><li><h3><strong>  L\u00e9gitimit\u00e9 du traitement de vos donn\u00e9es<\/strong><\/h3><\/li><\/ol><p>Le traitement de vos donn\u00e9es \u00e0 but principal est l\u00e9gitim\u00e9 sur la base de la relation contractuelle \u00e9tablie entre les parties, et \u00e0 des fins suppl\u00e9mentaires gr\u00e2ce au consentement que vous avez donn\u00e9 via les formulaires de contact fournis \u00e0 cet effet par l\u2019Association SPAIN BY TRAIN. Pour cela, vous devez nous avoir fourni les donn\u00e9es requises dans les champs obligatoires, c\u2019est-\u00e0-dire vos identifiants et coordonn\u00e9es, sans lesquels nous ne pourrons pas g\u00e9rer votre demande. <\/p><p>En nous fournissant vos donn\u00e9es, vous d\u00e9clarez \u00eatre le propri\u00e9taire des donn\u00e9es, qu\u2019elles sont honn\u00eates et enti\u00e8rement mises \u00e0 jour. Les donn\u00e9es collect\u00e9es dans ce formulaire sont ad\u00e9quates, pertinentes et non excessives par rapport aux objectifs de son traitement, comme indiqu\u00e9 au point 2 de cette clause. De m\u00eame, l\u2019association SPAIN BY TRAIN annulera ou corrigera les donn\u00e9es lorsqu\u2019elles seront inexactes, incompl\u00e8tes ou cesseront d\u2019\u00eatre n\u00e9cessaires ou pertinentes pour leur usage.  <\/p><p>En vertu de ce qui pr\u00e9c\u00e8de, les donn\u00e9es seront conserv\u00e9es pour traitement dans nos syst\u00e8mes tant que cette relation sera maintenue pour l\u2019objectif indiqu\u00e9 ou pour des raisons l\u00e9gitimes imp\u00e9rieuses, ou pour l\u2019exercice ou la d\u00e9fense de r\u00e9clamations potentielles. Une fois l\u2019obligation de conservation termin\u00e9e, vos donn\u00e9es peuvent \u00eatre supprim\u00e9es de notre base de donn\u00e9es ou, le cas \u00e9ch\u00e9ant, anonymis\u00e9es. <\/p><p>Le traitement des donn\u00e9es dans le but d\u2019envoyer des newsletters \u00e9lectroniques sur les services, \u00e9v\u00e9nements et actualit\u00e9s li\u00e9es \u00e0 notre activit\u00e9 professionnelle repose sur l\u2019int\u00e9r\u00eat l\u00e9gitime de l\u2019association SPAIN BY TRAIN \u00e0 effectuer ce traitement conform\u00e9ment \u00e0 la r\u00e9glementation en vigueur. Vos donn\u00e9es seront conserv\u00e9es tant que la relation commerciale, votre int\u00e9r\u00eat et qu\u2019il n\u2019y aura pas de r\u00e9vocation de votre part. <\/p><ol start=\"4\"><li><h3><strong>  Destinataires de vos donn\u00e9es<\/strong><\/h3><\/li><\/ol><p>Il peut y avoir des cessions entre les entit\u00e9s d\u00e9tenues par l\u2019association SPAIN BY TRAIN au nom d\u2019un int\u00e9r\u00eat l\u00e9gitime d\u2019entreprise, afin de pouvoir fournir les services demand\u00e9s. Aucune donn\u00e9e ne sera transf\u00e9r\u00e9e \u00e0 d\u2019autres tiers, sauf obligation l\u00e9gale. Aucun transfert international de donn\u00e9es n\u2019aura lieu. Pour plus d\u2019informations sur les garanties de confidentialit\u00e9, vous pouvez contacter notre entit\u00e9 \u00e0 l\u2019adresse indiqu\u00e9e au point 1.   <\/p><ol start=\"5\"><li><h3><strong>  Droits des personnes concern\u00e9es<\/strong><\/h3><\/li><\/ol><p>Apr\u00e8s nous avoir fourni vos donn\u00e9es personnelles, nous vous informons des droits que vous pouvez exercer devant l\u2019association SPAIN BY TRAIN aux adresses qui vous sont indiqu\u00e9es au point 1 de cette clause, et qui vous assistent :<\/p><p>Vous avez le droit d\u2019acc\u00e9der \u00e0 toutes les donn\u00e9es personnelles en possession de l\u2019association SPAIN BY TRAIN, ainsi que de demander leur modification ou leur suppression.<\/p><p>Vous pouvez nous demander de restreindre le traitement de vos donn\u00e9es, auquel cas nous ne les conserverons que pour l\u2019exercice ou la d\u00e9fense des r\u00e9clamations.<\/p><p>Vous pouvez vous opposer au traitement de vos donn\u00e9es personnelles, donc l\u2019association SPAIN BY TRAIN cessera de traiter vos donn\u00e9es sauf pour des raisons l\u00e9gitimes imp\u00e9rieuses, ou pour l\u2019exercice ou la d\u00e9fense de r\u00e9clamations \u00e9ventuelles.<\/p><p>Vous pouvez demander la portabilit\u00e9 de vos donn\u00e9es personnelles, auquel cas nous vous enverrons les donn\u00e9es personnelles contenues dans nos bases de donn\u00e9es par e-mail \u00e0 l\u2019adresse que vous fournissez dans votre demande, au format texte, lisible et adaptable aux besoins de tout autre responsable de traiteur, ou nous les transmettrons au nouveau responsable de traitement dans le m\u00eame format,  \u00e0 l\u2019adresse e-mail que vous fournissez dans votre demande.<\/p><p>Vous avez le droit de ne pas \u00eatre soumis \u00e0 une d\u00e9cision fond\u00e9e uniquement sur un traitement automatis\u00e9 des donn\u00e9es, y compris le profilage.<\/p><p>Vous pouvez \u00e9galement retirer ou r\u00e9voquer les consentements express\u00e9ment donn\u00e9s, ce qui l\u2019indique dans votre demande.<\/p><p>Les droits des personnes concern\u00e9es peuvent \u00eatre exerc\u00e9s directement par la partie concern\u00e9e, ou par un repr\u00e9sentant d\u00fbment autoris\u00e9 \u00e0 cette fin.<\/p><ol start=\"6\"><li><h3><strong>  Revendications<\/strong><\/h3><\/li><\/ol><p>Si vous consid\u00e9rez que le traitement de vos donn\u00e9es personnelles viole les r\u00e8glements ou dispositions de cette clause, vous pouvez d\u00e9poser une plainte aupr\u00e8s de l\u2019Agence espagnole de protection des donn\u00e9es, qui est l\u2019autorit\u00e9 comp\u00e9tente de protection de vos donn\u00e9es personnelles, via son si\u00e8ge \u00e9lectronique ou son adresse postale que vous pouvez consulter sur le site web de www.agpd.es.<\/p><p>Si vous n\u2019\u00eates pas d\u2019accord avec les consid\u00e9rations d\u00e9taill\u00e9es dans cette Politique de confidentialit\u00e9, veuillez ne pas utiliser le Portail, car toute utilisation que vous en ferez ou des services et contenus qui y incluent impliquera l\u2019acceptation des termes juridiques \u00e9nonc\u00e9s dans ce texte.<\/p><p>Les conditions et conditions contenues dans cette Politique de confidentialit\u00e9 peuvent varier, nous vous invitons donc \u00e0 consulter ces conditions lorsque vous visitez \u00e0 nouveau le Portail. De m\u00eame, cette Politique de confidentialit\u00e9 est sans pr\u00e9judice d\u2019aucune autre Condition g\u00e9n\u00e9rale et sp\u00e9cifique r\u00e9gissant l\u2019acc\u00e8s \u00e0 certains contenus et services au sein du Portail. <\/p><p>L\u2019utilisateur reconna\u00eet et accepte les conditions d\u2019utilisation du Portail et s\u2019engage \u00e0 l\u2019utiliser conform\u00e9ment \u00e0 celles-ci. De m\u00eame, il faut utiliser correctement les services et contenus du Portail et ne pas les utiliser pour accomplir des activit\u00e9s constituant un crime ou ill\u00e9gales. <\/p><p><strong>L\u2019association SPAIN BY TRAIN peut utiliser des cookies lorsqu\u2019un utilisateur navigue sur ses sites et ses pages web. Vous pouvez consulter notre <a href=\"https:\/\/www.tigertruck.eu\/politica-de-cookies\" target=\"_blank\" rel=\"noopener\">politique sur les cookies<\/a> \u00e0 cet effet. <\/strong><\/p>\t\t\t\t\t\t\t\t<\/div>\n\t\t\t\t<\/div>\n\t\t\t\t\t<\/div>\n\t\t\t\t<\/div>\n\t\t\t\t<\/div>\n\t\t","protected":false},"excerpt":{"rendered":"<p>POLITIQUE DE CONFIDENTIALIT\u00c9 Informations sur notre politique de protection des donn\u00e9es et notre politique de confidentialit\u00e9 : Le site web https:\/\/spainbytrain.org se conforme aux obligations impos\u00e9es par le R\u00e8glement (UE) 2016\/679 du Parlement europ\u00e9en et du Conseil du 27 avril 2016 sur la protection des personnes physiques ainsi que par la Loi organique 3\/2018 du [&hellip;]<\/p>\n","protected":false},"author":3720,"featured_media":0,"parent":0,"menu_order":0,"comment_status":"closed","ping_status":"closed","template":"","meta":{"inline_featured_image":false,"footnotes":""},"class_list":["post-4114","page","type-page","status-publish","hentry"],"_links":{"self":[{"href":"https:\/\/spainbytrain.org\/fr\/wp-json\/wp\/v2\/pages\/4114","targetHints":{"allow":["GET"]}}],"collection":[{"href":"https:\/\/spainbytrain.org\/fr\/wp-json\/wp\/v2\/pages"}],"about":[{"href":"https:\/\/spainbytrain.org\/fr\/wp-json\/wp\/v2\/types\/page"}],"author":[{"embeddable":true,"href":"https:\/\/spainbytrain.org\/fr\/wp-json\/wp\/v2\/users\/3720"}],"replies":[{"embeddable":true,"href":"https:\/\/spainbytrain.org\/fr\/wp-json\/wp\/v2\/comments?post=4114"}],"version-history":[{"count":1,"href":"https:\/\/spainbytrain.org\/fr\/wp-json\/wp\/v2\/pages\/4114\/revisions"}],"predecessor-version":[{"id":4115,"href":"https:\/\/spainbytrain.org\/fr\/wp-json\/wp\/v2\/pages\/4114\/revisions\/4115"}],"wp:attachment":[{"href":"https:\/\/spainbytrain.org\/fr\/wp-json\/wp\/v2\/media?parent=4114"}],"curies":[{"name":"wp","href":"https:\/\/api.w.org\/{rel}","templated":true}]}}