{"id":3957,"date":"2025-11-21T13:39:27","date_gmt":"2025-11-21T12:39:27","guid":{"rendered":"https:\/\/spainbytrain.org\/toledo\/"},"modified":"2025-11-25T13:43:43","modified_gmt":"2025-11-25T12:43:43","slug":"toledo","status":"publish","type":"page","link":"https:\/\/spainbytrain.org\/fr\/toledo\/","title":{"rendered":"Toledo"},"content":{"rendered":"\t\t<div data-elementor-type=\"wp-page\" data-elementor-id=\"3957\" class=\"elementor elementor-3957 elementor-1001\">\n\t\t\t\t<div class=\"elementor-element elementor-element-a1c02e2 contenedor-imagen e-flex e-con-boxed e-con e-parent\" data-id=\"a1c02e2\" data-element_type=\"container\" data-e-type=\"container\" data-settings=\"{&quot;background_background&quot;:&quot;slideshow&quot;,&quot;background_slideshow_gallery&quot;:[{&quot;id&quot;:&quot;1191&quot;,&quot;url&quot;:&quot;http:\\\/\\\/spainbytrain.org\\\/wp-content\\\/uploads\\\/sites\\\/17\\\/2025\\\/04\\\/imgToledo.jpeg&quot;}],&quot;background_slideshow_loop&quot;:&quot;yes&quot;,&quot;background_slideshow_slide_duration&quot;:5000,&quot;background_slideshow_slide_transition&quot;:&quot;fade&quot;,&quot;background_slideshow_transition_duration&quot;:500}\">\n\t\t\t\t\t<div class=\"e-con-inner\">\n\t\t<div class=\"elementor-element elementor-element-2d00527 texto-encima e-flex e-con-boxed e-con e-child\" data-id=\"2d00527\" data-element_type=\"container\" data-e-type=\"container\" data-settings=\"{&quot;position&quot;:&quot;absolute&quot;}\">\n\t\t\t\t\t<div class=\"e-con-inner\">\n\t\t\t\t<div class=\"elementor-element elementor-element-d279949 elementor-widget elementor-widget-heading\" data-id=\"d279949\" data-element_type=\"widget\" data-e-type=\"widget\" data-widget_type=\"heading.default\">\n\t\t\t\t<div class=\"elementor-widget-container\">\n\t\t\t\t\t<h1 class=\"elementor-heading-title elementor-size-default\">Toledo<\/h1>\t\t\t\t<\/div>\n\t\t\t\t<\/div>\n\t\t\t\t<div class=\"elementor-element elementor-element-99352cc elementor-widget elementor-widget-text-editor\" data-id=\"99352cc\" data-element_type=\"widget\" data-e-type=\"widget\" data-widget_type=\"text-editor.default\">\n\t\t\t\t<div class=\"elementor-widget-container\">\n\t\t\t\t\t\t\t\t\t<a class=\"boton\" href=\"https:\/\/www.civitatis.com\/es\/toledo\/?aid=108634\" target=\"_blank\" rel=\"noopener\">EXP\u00c9RIENCES <img decoding=\"async\" class=\"icono-flecha\" src=\"https:\/\/spainbytrain.org\/wp-content\/themes\/spainbytrain\/img\/icono-flecha.png\" alt=\"flecha\"> <img decoding=\"async\" class=\"logo-civitatis\" src=\"https:\/\/spainbytrain.org\/wp-content\/themes\/spainbytrain\/img\/civitatis_logo.png\" alt=\"civitatis\"><\/a>\n<a class=\"boton\" href=\"https:\/\/www.thetrainline.com\/es\" target=\"_blank\" rel=\"noopener\">\n BILLETS\n<img decoding=\"async\" class=\"logo-trainline\" src=\"https:\/\/spainbytrain.org\/wp-content\/uploads\/sites\/17\/2025\/11\/trainline-green-vectorial.png\" alt=\"trainline\"> DE TRAIN\n\n<img decoding=\"async\" class=\"icono-flecha\" src=\"https:\/\/spainbytrain.org\/wp-content\/themes\/spainbytrain\/img\/icono-flecha.png\" alt=\"flecha\">        <\/a> \t\t\t\t\t\t\t\t<\/div>\n\t\t\t\t<\/div>\n\t\t\t\t\t<\/div>\n\t\t\t\t<\/div>\n\t\t\t\t\t<\/div>\n\t\t\t\t<\/div>\n\t\t<div class=\"elementor-element elementor-element-8a97208 e-con-full container-texto-ciudades e-flex e-con e-parent\" data-id=\"8a97208\" data-element_type=\"container\" data-e-type=\"container\">\n\t\t<div class=\"elementor-element elementor-element-2dc553e   e-con-full e-flex e-con e-child\" data-id=\"2dc553e\" data-element_type=\"container\" data-e-type=\"container\">\n\t\t\t\t<div class=\"elementor-element elementor-element-ef660e9 texto-columnas elementor-widget elementor-widget-text-editor\" data-id=\"ef660e9\" data-element_type=\"widget\" data-e-type=\"widget\" data-widget_type=\"text-editor.default\">\n\t\t\t\t<div class=\"elementor-widget-container\">\n\t\t\t\t\t\t\t\t\t<p>Toledo est majestueuse, une ville d\u00e9clar\u00e9e Patrimoine mondial par l\u2019UNESCO. Il faut se plonger dans ses \u00e9troites rues pav\u00e9es qui racontent des histoires de si\u00e8cles pass\u00e9s, tout en contemplant l\u2019architecture imposante de ses monuments. Sa richesse culturelle se respire \u00e0 chaque coin de rue, de sa majestueuse cath\u00e9drale jusqu\u2019\u00e0 la beaut\u00e9 sinueuse du Tage qui enlace la ville. Toledo se distingue par son m\u00e9lange de cultures chr\u00e9tienne, musulmane et juive, refl\u00e9t\u00e9 dans ses rues et ses monuments. De plus, la ville est c\u00e9l\u00e8bre pour sa tradition artisanale, en particulier la fabrication d\u2019\u00e9p\u00e9es et le travail du damasquin\u00e9, ainsi que pour sa riche gastronomie.<br> <br> <br>    <\/p>\n<br><div class=\"contenedor-enlaces\">\n\t<img decoding=\"async\" src=\"https:\/\/spainbytrain.org\/wp-content\/themes\/spainbytrain\/img\/icono-de-mas.png\">\n\t<div class=\"enlaces\">\n\t\t<a href=\"https:\/\/turismo.toledo.es\/\" target=\"_blank\" rel=\"noopener\">turismo.toledo.es<\/a>\n\t<\/div>\n<\/div>\t\t\t\t\t\t\t\t<\/div>\n\t\t\t\t<\/div>\n\t\t\t\t<\/div>\n\t\t<div class=\"elementor-element elementor-element-8654cc8 e-con-full paddingImprescindible e-flex e-con e-child\" data-id=\"8654cc8\" data-element_type=\"container\" data-e-type=\"container\" id=\"containImprescindible\">\n\t\t\t\t<div class=\"elementor-element elementor-element-be8dd9a titulo-imprescindibles e-transform elementor-widget elementor-widget-heading\" data-id=\"be8dd9a\" data-element_type=\"widget\" data-e-type=\"widget\" data-settings=\"{&quot;_transform_scale_effect&quot;:{&quot;unit&quot;:&quot;px&quot;,&quot;size&quot;:&quot;1&quot;,&quot;sizes&quot;:[]},&quot;_transform_scale_effect_tablet&quot;:{&quot;unit&quot;:&quot;px&quot;,&quot;size&quot;:&quot;&quot;,&quot;sizes&quot;:[]},&quot;_transform_scale_effect_mobile&quot;:{&quot;unit&quot;:&quot;px&quot;,&quot;size&quot;:&quot;&quot;,&quot;sizes&quot;:[]}}\" data-widget_type=\"heading.default\">\n\t\t\t\t<div class=\"elementor-widget-container\">\n\t\t\t\t\t<h1 class=\"elementor-heading-title elementor-size-default\">Incontournables<\/h1>\t\t\t\t<\/div>\n\t\t\t\t<\/div>\n\t\t\t\t<div class=\"elementor-element elementor-element-6e6b74a flecha elementor-widget elementor-widget-image\" data-id=\"6e6b74a\" data-element_type=\"widget\" data-e-type=\"widget\" data-widget_type=\"image.default\">\n\t\t\t\t<div class=\"elementor-widget-container\">\n\t\t\t\t\t\t\t\t\t\t\t\t\t\t\t<img decoding=\"async\" src=\"https:\/\/spainbytrain.org\/wp-content\/uploads\/sites\/17\/elementor\/thumbs\/icono-flechaAbajo-r45dq4d0ug9renwown1dmgena0kljy5botiq78ifww.png\" title=\"icono-flechaAbajo\" alt=\"icono-flechaAbajo\" loading=\"lazy\" \/>\t\t\t\t\t\t\t\t\t\t\t\t\t\t\t<\/div>\n\t\t\t\t<\/div>\n\t\t\t\t<\/div>\n\t\t\t\t<\/div>\n\t\t<div class=\"elementor-element elementor-element-c97019d boldest_map_destino_wrapper e-flex e-con-boxed e-con e-parent\" data-id=\"c97019d\" data-element_type=\"container\" data-e-type=\"container\">\n\t\t\t\t\t<div class=\"e-con-inner\">\n\t\t\t\t<div class=\"elementor-element elementor-element-b2863d4 boldest_map_destino elementor-widget elementor-widget-html\" data-id=\"b2863d4\" data-element_type=\"widget\" data-e-type=\"widget\" data-widget_type=\"html.default\">\n\t\t\t\t<div class=\"elementor-widget-container\">\n\t\t\t\t\t<div id=\"bWidgetMap\" integration=\"segment\" topheight=\"40\" btncolor=\"#F1392D\" showcurtain=\"true\" showbuttons=\"true\" viewmaptext=\"MAPA CIUDAD\" parenturiprefix=\"bwidget:\" ignorebottomcontent=\"true\" embedurl=\"https:\/\/maps.spainbytrain.org\" embedmainuri=\"\/fr\/toledo\" mapscrollwheel=\"false\" onfocus=\"\" onfocusout=\"\"><\/div>\r\n    <script type=\"text\/javascript\" src=\"https:\/\/maps.spainbytrain.org\/embed.js\"><\/script>\t\t\t\t<\/div>\n\t\t\t\t<\/div>\n\t\t\t\t\t<\/div>\n\t\t\t\t<\/div>\n\t\t\t\t<\/div>\n\t\t","protected":false},"excerpt":{"rendered":"<p>Toledo EXP\u00c9RIENCES BILLETS DE TRAIN Toledo est majestueuse, une ville d\u00e9clar\u00e9e Patrimoine mondial par l\u2019UNESCO. Il faut se plonger dans ses \u00e9troites rues pav\u00e9es qui racontent des histoires de si\u00e8cles pass\u00e9s, tout en contemplant l\u2019architecture imposante de ses monuments. Sa richesse culturelle se respire \u00e0 chaque coin de rue, de sa majestueuse cath\u00e9drale jusqu\u2019\u00e0 la [&hellip;]<\/p>\n","protected":false},"author":2985,"featured_media":0,"parent":0,"menu_order":0,"comment_status":"closed","ping_status":"closed","template":"","meta":{"inline_featured_image":false,"footnotes":""},"class_list":["post-3957","page","type-page","status-publish","hentry"],"_links":{"self":[{"href":"https:\/\/spainbytrain.org\/fr\/wp-json\/wp\/v2\/pages\/3957","targetHints":{"allow":["GET"]}}],"collection":[{"href":"https:\/\/spainbytrain.org\/fr\/wp-json\/wp\/v2\/pages"}],"about":[{"href":"https:\/\/spainbytrain.org\/fr\/wp-json\/wp\/v2\/types\/page"}],"author":[{"embeddable":true,"href":"https:\/\/spainbytrain.org\/fr\/wp-json\/wp\/v2\/users\/2985"}],"replies":[{"embeddable":true,"href":"https:\/\/spainbytrain.org\/fr\/wp-json\/wp\/v2\/comments?post=3957"}],"version-history":[{"count":7,"href":"https:\/\/spainbytrain.org\/fr\/wp-json\/wp\/v2\/pages\/3957\/revisions"}],"predecessor-version":[{"id":4381,"href":"https:\/\/spainbytrain.org\/fr\/wp-json\/wp\/v2\/pages\/3957\/revisions\/4381"}],"wp:attachment":[{"href":"https:\/\/spainbytrain.org\/fr\/wp-json\/wp\/v2\/media?parent=3957"}],"curies":[{"name":"wp","href":"https:\/\/api.w.org\/{rel}","templated":true}]}}