{"id":3896,"date":"2025-11-21T10:26:07","date_gmt":"2025-11-21T09:26:07","guid":{"rendered":"https:\/\/spainbytrain.org\/zaragoza\/"},"modified":"2025-11-25T11:32:45","modified_gmt":"2025-11-25T10:32:45","slug":"zaragoza","status":"publish","type":"page","link":"https:\/\/spainbytrain.org\/fr\/zaragoza\/","title":{"rendered":"Zaragoza"},"content":{"rendered":"\t\t<div data-elementor-type=\"wp-page\" data-elementor-id=\"3896\" class=\"elementor elementor-3896 elementor-1055\">\n\t\t\t\t<div class=\"elementor-element elementor-element-800ac7c contenedor-imagen e-flex e-con-boxed e-con e-parent\" data-id=\"800ac7c\" data-element_type=\"container\" data-e-type=\"container\" data-settings=\"{&quot;background_background&quot;:&quot;video&quot;,&quot;background_video_link&quot;:&quot;https:\\\/\\\/youtu.be\\\/7zJhtj2FdSw&quot;,&quot;background_play_on_mobile&quot;:&quot;yes&quot;}\">\n\t\t\t\t\t<div class=\"e-con-inner\">\n\t\t<div class=\"elementor-background-video-container\">\n\t\t\t\t\t\t\t<div class=\"elementor-background-video-embed\" role=\"presentation\"><\/div>\n\t\t\t\t\t\t<\/div><div class=\"elementor-element elementor-element-d3464c2 texto-encima e-flex e-con-boxed e-con e-child\" data-id=\"d3464c2\" data-element_type=\"container\" data-e-type=\"container\" data-settings=\"{&quot;position&quot;:&quot;absolute&quot;}\">\n\t\t\t\t\t<div class=\"e-con-inner\">\n\t\t\t\t<div class=\"elementor-element elementor-element-98ae181 elementor-widget elementor-widget-heading\" data-id=\"98ae181\" data-element_type=\"widget\" data-e-type=\"widget\" data-widget_type=\"heading.default\">\n\t\t\t\t<div class=\"elementor-widget-container\">\n\t\t\t\t\t<h1 class=\"elementor-heading-title elementor-size-default\">Zaragoza<\/h1>\t\t\t\t<\/div>\n\t\t\t\t<\/div>\n\t\t\t\t<div class=\"elementor-element elementor-element-78da3c6 elementor-widget elementor-widget-text-editor\" data-id=\"78da3c6\" data-element_type=\"widget\" data-e-type=\"widget\" data-widget_type=\"text-editor.default\">\n\t\t\t\t<div class=\"elementor-widget-container\">\n\t\t\t\t\t\t\t\t\t<a class=\"boton\" href=\"https:\/\/www.civitatis.com\/es\/zaragoza\/?aid=108634\" target=\"_blank\" rel=\"noopener\">EXP\u00c9RIENCES <img decoding=\"async\" class=\"icono-flecha\" src=\"https:\/\/spainbytrain.org\/wp-content\/themes\/spainbytrain\/img\/icono-flecha.png\" alt=\"flecha\"> <img decoding=\"async\" class=\"logo-civitatis\" src=\"https:\/\/spainbytrain.org\/wp-content\/themes\/spainbytrain\/img\/civitatis_logo.png\" alt=\"civitatis\"><\/a>\n<a class=\"boton\" href=\"https:\/\/www.thetrainline.com\/es\" target=\"_blank\" rel=\"noopener\">\n BILLETS\n<img decoding=\"async\" class=\"logo-trainline\" src=\"https:\/\/spainbytrain.org\/wp-content\/uploads\/sites\/17\/2025\/11\/trainline-green-vectorial.png\" alt=\"trainline\"> DE TRAIN\n\n<img decoding=\"async\" class=\"icono-flecha\" src=\"https:\/\/spainbytrain.org\/wp-content\/themes\/spainbytrain\/img\/icono-flecha.png\" alt=\"flecha\">        <\/a> \t\t\t\t\t\t\t\t<\/div>\n\t\t\t\t<\/div>\n\t\t\t\t\t<\/div>\n\t\t\t\t<\/div>\n\t\t\t\t\t<\/div>\n\t\t\t\t<\/div>\n\t\t<div class=\"elementor-element elementor-element-49b9d0a e-con-full container-texto-ciudades e-flex e-con e-parent\" data-id=\"49b9d0a\" data-element_type=\"container\" data-e-type=\"container\">\n\t\t<div class=\"elementor-element elementor-element-1975a46   e-con-full e-flex e-con e-child\" data-id=\"1975a46\" data-element_type=\"container\" data-e-type=\"container\">\n\t\t\t\t<div class=\"elementor-element elementor-element-7f86405 texto-columnas elementor-widget elementor-widget-text-editor\" data-id=\"7f86405\" data-element_type=\"widget\" data-e-type=\"widget\" data-widget_type=\"text-editor.default\">\n\t\t\t\t<div class=\"elementor-widget-container\">\n\t\t\t\t\t\t\t\t\tSaragosse, la ville aux deux cath\u00e9drales, allie plus de 2 000 ans d\u2019histoire \u00e0 une \u00e9nergie vibrante qui s\u00e9duit d\u00e8s le premier instant.\nC\u2019est la ville o\u00f9 Goya a appris \u00e0 regarder, et o\u00f9 l\u2019art mud\u00e9jar aragonais, reconnu par l\u2019UNESCO comme Patrimoine mondial, brille \u00e0 travers des joyaux comme le palais de l\u2019Aljafer\u00eda, un majestueux palais islamique et un magnifique exemple de ce style unique.\nSon centre historique, monumental et pi\u00e9tonnier, invite \u00e0 se perdre parmi de charmantes places, tandis que ses vastes espaces verts, ses kilom\u00e8tres de pistes cyclables et un r\u00e9seau de transport urbain durable font de Saragosse une ville agr\u00e9able et accueillante, aussi bien \u00e0 vivre qu\u2019\u00e0 visiter.\nSaragosse se d\u00e9guste dans la rue : au chaud parmi ses habitants, avec une vie sociale anim\u00e9e, l\u2019art des tapas, des terrasses accueillantes et une vibrante offre de loisirs nocturnes. En tant que Capitale mondiale de la Grenache, elle est \u00e9galement une destination \u0153notouristique de r\u00e9f\u00e9rence pour les amateurs de gastronomie et de vin. \n<div class=\"contenedor-enlaces\">\n\n<img decoding=\"async\" src=\"https:\/\/spainbytrain.org\/wp-content\/themes\/spainbytrain\/img\/icono-de-mas.png\">\n<div class=\"enlaces\"><b><\/b><b><a href=\"http:\/\/www.zaragozaturismo.es\/\" target=\"_blank\" rel=\"noopener\">www.zaragozaturismo.es<\/a><\/b><\/div>\n<\/div>\t\t\t\t\t\t\t\t<\/div>\n\t\t\t\t<\/div>\n\t\t\t\t<\/div>\n\t\t<div class=\"elementor-element elementor-element-1700eee e-con-full paddingImprescindible e-flex e-con e-child\" data-id=\"1700eee\" data-element_type=\"container\" data-e-type=\"container\" id=\"containImprescindible\">\n\t\t\t\t<div class=\"elementor-element elementor-element-247c1c9 titulo-imprescindibles e-transform elementor-widget elementor-widget-heading\" data-id=\"247c1c9\" data-element_type=\"widget\" data-e-type=\"widget\" data-settings=\"{&quot;_transform_scale_effect&quot;:{&quot;unit&quot;:&quot;px&quot;,&quot;size&quot;:&quot;1&quot;,&quot;sizes&quot;:[]},&quot;_transform_scale_effect_tablet&quot;:{&quot;unit&quot;:&quot;px&quot;,&quot;size&quot;:&quot;&quot;,&quot;sizes&quot;:[]},&quot;_transform_scale_effect_mobile&quot;:{&quot;unit&quot;:&quot;px&quot;,&quot;size&quot;:&quot;&quot;,&quot;sizes&quot;:[]}}\" data-widget_type=\"heading.default\">\n\t\t\t\t<div class=\"elementor-widget-container\">\n\t\t\t\t\t<h1 class=\"elementor-heading-title elementor-size-default\">Incontournables<\/h1>\t\t\t\t<\/div>\n\t\t\t\t<\/div>\n\t\t\t\t<div class=\"elementor-element elementor-element-5c6f64d flecha elementor-widget elementor-widget-image\" data-id=\"5c6f64d\" data-element_type=\"widget\" data-e-type=\"widget\" data-widget_type=\"image.default\">\n\t\t\t\t<div class=\"elementor-widget-container\">\n\t\t\t\t\t\t\t\t\t\t\t\t\t\t\t<img decoding=\"async\" src=\"https:\/\/spainbytrain.org\/wp-content\/uploads\/sites\/17\/elementor\/thumbs\/icono-flechaAbajo-r45dq4d0ug9renwown1dmgena0kljy5botiq78ifww.png\" title=\"icono-flechaAbajo\" alt=\"icono-flechaAbajo\" loading=\"lazy\" \/>\t\t\t\t\t\t\t\t\t\t\t\t\t\t\t<\/div>\n\t\t\t\t<\/div>\n\t\t\t\t<\/div>\n\t\t\t\t<\/div>\n\t\t<div class=\"elementor-element elementor-element-dfa5cb3 boldest_map_destino_wrapper e-flex e-con-boxed e-con e-parent\" data-id=\"dfa5cb3\" data-element_type=\"container\" data-e-type=\"container\">\n\t\t\t\t\t<div class=\"e-con-inner\">\n\t\t\t\t<div class=\"elementor-element elementor-element-26b3c74 boldest_map_destino elementor-widget elementor-widget-html\" data-id=\"26b3c74\" data-element_type=\"widget\" data-e-type=\"widget\" data-widget_type=\"html.default\">\n\t\t\t\t<div class=\"elementor-widget-container\">\n\t\t\t\t\t<div id=\"bWidgetMap\" integration=\"segment\" topheight=\"40\" btncolor=\"#F1392D\" showcurtain=\"true\" showbuttons=\"true\" viewmaptext=\"MAPA CIUDAD\" parenturiprefix=\"bwidget:\" ignorebottomcontent=\"true\" embedurl=\"https:\/\/maps.spainbytrain.org\" embedmainuri=\"\/fr\/zaragoza\" mapscrollwheel=\"false\" onfocus=\"\" onfocusout=\"\"><\/div>\r\n    <script type=\"text\/javascript\" src=\"https:\/\/maps.spainbytrain.org\/embed.js\"><\/script>\t\t\t\t<\/div>\n\t\t\t\t<\/div>\n\t\t\t\t\t<\/div>\n\t\t\t\t<\/div>\n\t\t\t\t<\/div>\n\t\t","protected":false},"excerpt":{"rendered":"<p>Zaragoza EXP\u00c9RIENCES BILLETS DE TRAIN Saragosse, la ville aux deux cath\u00e9drales, allie plus de 2 000 ans d\u2019histoire \u00e0 une \u00e9nergie vibrante qui s\u00e9duit d\u00e8s le premier instant. C\u2019est la ville o\u00f9 Goya a appris \u00e0 regarder, et o\u00f9 l\u2019art mud\u00e9jar aragonais, reconnu par l\u2019UNESCO comme Patrimoine mondial, brille \u00e0 travers des joyaux comme le [&hellip;]<\/p>\n","protected":false},"author":2985,"featured_media":0,"parent":0,"menu_order":0,"comment_status":"closed","ping_status":"closed","template":"","meta":{"inline_featured_image":false,"footnotes":""},"class_list":["post-3896","page","type-page","status-publish","hentry"],"_links":{"self":[{"href":"https:\/\/spainbytrain.org\/fr\/wp-json\/wp\/v2\/pages\/3896","targetHints":{"allow":["GET"]}}],"collection":[{"href":"https:\/\/spainbytrain.org\/fr\/wp-json\/wp\/v2\/pages"}],"about":[{"href":"https:\/\/spainbytrain.org\/fr\/wp-json\/wp\/v2\/types\/page"}],"author":[{"embeddable":true,"href":"https:\/\/spainbytrain.org\/fr\/wp-json\/wp\/v2\/users\/2985"}],"replies":[{"embeddable":true,"href":"https:\/\/spainbytrain.org\/fr\/wp-json\/wp\/v2\/comments?post=3896"}],"version-history":[{"count":6,"href":"https:\/\/spainbytrain.org\/fr\/wp-json\/wp\/v2\/pages\/3896\/revisions"}],"predecessor-version":[{"id":4287,"href":"https:\/\/spainbytrain.org\/fr\/wp-json\/wp\/v2\/pages\/3896\/revisions\/4287"}],"wp:attachment":[{"href":"https:\/\/spainbytrain.org\/fr\/wp-json\/wp\/v2\/media?parent=3896"}],"curies":[{"name":"wp","href":"https:\/\/api.w.org\/{rel}","templated":true}]}}