{"id":3890,"date":"2025-11-21T10:20:06","date_gmt":"2025-11-21T09:20:06","guid":{"rendered":"https:\/\/spainbytrain.org\/villanueva-de-cordoba\/"},"modified":"2025-11-25T13:46:05","modified_gmt":"2025-11-25T12:46:05","slug":"villanueva-de-cordoba","status":"publish","type":"page","link":"https:\/\/spainbytrain.org\/fr\/villanueva-de-cordoba\/","title":{"rendered":"Villanueva de C\u00f3rdoba"},"content":{"rendered":"\t\t<div data-elementor-type=\"wp-page\" data-elementor-id=\"3890\" class=\"elementor elementor-3890 elementor-1028\">\n\t\t\t\t<div class=\"elementor-element elementor-element-02e927b contenedor-imagen e-flex e-con-boxed e-con e-parent\" data-id=\"02e927b\" data-element_type=\"container\" data-e-type=\"container\" data-settings=\"{&quot;background_background&quot;:&quot;slideshow&quot;,&quot;background_slideshow_gallery&quot;:[{&quot;id&quot;:&quot;1203&quot;,&quot;url&quot;:&quot;http:\\\/\\\/spainbytrain.org\\\/wp-content\\\/uploads\\\/sites\\\/17\\\/2025\\\/04\\\/imgVillanuevaCordoba.jpeg&quot;}],&quot;background_slideshow_loop&quot;:&quot;yes&quot;,&quot;background_slideshow_slide_duration&quot;:5000,&quot;background_slideshow_slide_transition&quot;:&quot;fade&quot;,&quot;background_slideshow_transition_duration&quot;:500}\">\n\t\t\t\t\t<div class=\"e-con-inner\">\n\t\t<div class=\"elementor-element elementor-element-dd5e639 texto-encima e-flex e-con-boxed e-con e-child\" data-id=\"dd5e639\" data-element_type=\"container\" data-e-type=\"container\" data-settings=\"{&quot;position&quot;:&quot;absolute&quot;}\">\n\t\t\t\t\t<div class=\"e-con-inner\">\n\t\t\t\t<div class=\"elementor-element elementor-element-203fe9d elementor-widget elementor-widget-heading\" data-id=\"203fe9d\" data-element_type=\"widget\" data-e-type=\"widget\" data-widget_type=\"heading.default\">\n\t\t\t\t<div class=\"elementor-widget-container\">\n\t\t\t\t\t<h2 class=\"elementor-heading-title elementor-size-default\">Villanueva de C\u00f3rdoba<\/h2>\t\t\t\t<\/div>\n\t\t\t\t<\/div>\n\t\t\t\t<div class=\"elementor-element elementor-element-75d5971 elementor-widget elementor-widget-text-editor\" data-id=\"75d5971\" data-element_type=\"widget\" data-e-type=\"widget\" data-widget_type=\"text-editor.default\">\n\t\t\t\t<div class=\"elementor-widget-container\">\n\t\t\t\t\t\t\t\t\t<a class=\"boton\" href=\"https:\/\/www.civitatis.com\/\" target=\"_blank\" rel=\"noopener\">EXP\u00c9RIENCES <img decoding=\"async\" class=\"icono-flecha\" src=\"https:\/\/spainbytrain.org\/wp-content\/themes\/spainbytrain\/img\/icono-flecha.png\" alt=\"flecha\"> <img decoding=\"async\" class=\"logo-civitatis\" src=\"https:\/\/spainbytrain.org\/wp-content\/themes\/spainbytrain\/img\/civitatis_logo.png\" alt=\"civitatis\"><\/a>\n<a class=\"boton\" href=\"https:\/\/www.thetrainline.com\/es\" target=\"_blank\" rel=\"noopener\">\n BILLETS\n<img decoding=\"async\" class=\"logo-trainline\" src=\"https:\/\/spainbytrain.org\/wp-content\/uploads\/sites\/17\/2025\/11\/trainline-green-vectorial.png\" alt=\"trainline\"> DE TRAIN\n\n<img decoding=\"async\" class=\"icono-flecha\" src=\"https:\/\/spainbytrain.org\/wp-content\/themes\/spainbytrain\/img\/icono-flecha.png\" alt=\"flecha\">        <\/a> \t\t\t\t\t\t\t\t<\/div>\n\t\t\t\t<\/div>\n\t\t\t\t\t<\/div>\n\t\t\t\t<\/div>\n\t\t\t\t\t<\/div>\n\t\t\t\t<\/div>\n\t\t<div class=\"elementor-element elementor-element-93e81a0 e-con-full container-texto-ciudades e-flex e-con e-parent\" data-id=\"93e81a0\" data-element_type=\"container\" data-e-type=\"container\">\n\t\t<div class=\"elementor-element elementor-element-836bfde   e-con-full e-flex e-con e-child\" data-id=\"836bfde\" data-element_type=\"container\" data-e-type=\"container\">\n\t\t\t\t<div class=\"elementor-element elementor-element-7e2e2ad texto-columnas elementor-widget elementor-widget-text-editor\" data-id=\"7e2e2ad\" data-element_type=\"widget\" data-e-type=\"widget\" data-widget_type=\"text-editor.default\">\n\t\t\t\t<div class=\"elementor-widget-container\">\n\t\t\t\t\t\t\t\t\t<p>C\u2019est le principal noyau du valle de Los Pedroches. Il poss\u00e8de la plus vaste ch\u00eanaie verte d\u2019Europe, o\u00f9 le porc ib\u00e9rique se nourrit des glands nourrissants aux c\u00f4t\u00e9s de nombreux troupeaux de b\u00e9tail, parmi d\u2019innombrables enclos de pierre. C\u2019est l\u2019un des centres urbains les plus importants de la r\u00e9gion, avec une grande tradition dans l\u2019art de l\u2019affinage du jambon ib\u00e9rique et dans la fabrication des c\u00e9l\u00e8bres navajas jarotas (couteaux locaux). La tour de l\u2019\u00e9glise paroissiale San Miguel se dresse comme un mirador au-dessus de Villanueva de C\u00f3rdoba, fid\u00e8le gardienne de son grand tr\u00e9sor vert.  <\/p>\n<p>En se promenant dans Villanueva de C\u00f3rdoba, on peut d\u00e9couvrir son histoire centenaire \u00e0 travers ses b\u00e2timents les plus embl\u00e9matiques, parmi lesquels se distinguent : l\u2019\u00e9glise paroissiale San Miguel, l\u2019Audiencia, l\u2019actuel h\u00f4tel de ville, le couvent de Cristo Rey, le couvent de Las Obreras, la paroisse de San Sebasti\u00e1n ou encore les maisons seigneuriales du centre historique. Le granit, si abondant sur notre terre, y donne naissance \u00e0 une architecture \u00e0 linteaux d\u2019une grande solidit\u00e9, offrant une esth\u00e9tique d\u2019une grande beaut\u00e9.<\/p>\n<br><div class=\"contenedor-enlaces\">\n\t<img decoding=\"async\" src=\"https:\/\/spainbytrain.org\/wp-content\/themes\/spainbytrain\/img\/icono-de-mas.png\">\n\t<div class=\"enlaces\">\n\t\t<a href=\"https:\/\/www.villanuevadecordoba.com\/turismo\/\" target=\"_blank\" rel=\"noopener\">villanuevadecordoba.com<\/a>\n\t<\/div>\n<\/div>\t\t\t\t\t\t\t\t<\/div>\n\t\t\t\t<\/div>\n\t\t\t\t<\/div>\n\t\t<div class=\"elementor-element elementor-element-b3da449 e-con-full paddingImprescindible e-flex e-con e-child\" data-id=\"b3da449\" data-element_type=\"container\" data-e-type=\"container\" id=\"containImprescindible\">\n\t\t\t\t<div class=\"elementor-element elementor-element-3ea78de titulo-imprescindibles e-transform elementor-widget elementor-widget-heading\" data-id=\"3ea78de\" data-element_type=\"widget\" data-e-type=\"widget\" data-settings=\"{&quot;_transform_scale_effect&quot;:{&quot;unit&quot;:&quot;px&quot;,&quot;size&quot;:&quot;1&quot;,&quot;sizes&quot;:[]},&quot;_transform_scale_effect_tablet&quot;:{&quot;unit&quot;:&quot;px&quot;,&quot;size&quot;:&quot;&quot;,&quot;sizes&quot;:[]},&quot;_transform_scale_effect_mobile&quot;:{&quot;unit&quot;:&quot;px&quot;,&quot;size&quot;:&quot;&quot;,&quot;sizes&quot;:[]}}\" data-widget_type=\"heading.default\">\n\t\t\t\t<div class=\"elementor-widget-container\">\n\t\t\t\t\t<h1 class=\"elementor-heading-title elementor-size-default\">Incontournables<\/h1>\t\t\t\t<\/div>\n\t\t\t\t<\/div>\n\t\t\t\t<div class=\"elementor-element elementor-element-db31a4a flecha elementor-widget elementor-widget-image\" data-id=\"db31a4a\" data-element_type=\"widget\" data-e-type=\"widget\" data-widget_type=\"image.default\">\n\t\t\t\t<div class=\"elementor-widget-container\">\n\t\t\t\t\t\t\t\t\t\t\t\t\t\t\t<img decoding=\"async\" src=\"https:\/\/spainbytrain.org\/wp-content\/uploads\/sites\/17\/elementor\/thumbs\/icono-flechaAbajo-r45dq4d0ug9renwown1dmgena0kljy5botiq78ifww.png\" title=\"icono-flechaAbajo\" alt=\"icono-flechaAbajo\" loading=\"lazy\" \/>\t\t\t\t\t\t\t\t\t\t\t\t\t\t\t<\/div>\n\t\t\t\t<\/div>\n\t\t\t\t<\/div>\n\t\t\t\t<\/div>\n\t\t<div class=\"elementor-element elementor-element-36c0db6 boldest_map_destino_wrapper e-flex e-con-boxed e-con e-parent\" data-id=\"36c0db6\" data-element_type=\"container\" data-e-type=\"container\">\n\t\t\t\t\t<div class=\"e-con-inner\">\n\t\t\t\t<div class=\"elementor-element elementor-element-5f4011d boldest_map_destino elementor-widget elementor-widget-html\" data-id=\"5f4011d\" data-element_type=\"widget\" data-e-type=\"widget\" data-widget_type=\"html.default\">\n\t\t\t\t<div class=\"elementor-widget-container\">\n\t\t\t\t\t<div id=\"bWidgetMap\" integration=\"segment\" topheight=\"40\" btncolor=\"#F1392D\" showcurtain=\"true\" showbuttons=\"true\" viewmaptext=\"MAPA CIUDAD\" parenturiprefix=\"bwidget:\" ignorebottomcontent=\"true\" embedurl=\"https:\/\/maps.spainbytrain.org\" embedmainuri=\"\/fr\/villanueva-de-cordoba\" mapscrollwheel=\"false\" onfocus=\"\" onfocusout=\"\"><\/div>\r\n    <script type=\"text\/javascript\" src=\"https:\/\/maps.spainbytrain.org\/embed.js\"><\/script>\t\t\t\t<\/div>\n\t\t\t\t<\/div>\n\t\t\t\t\t<\/div>\n\t\t\t\t<\/div>\n\t\t\t\t<\/div>\n\t\t","protected":false},"excerpt":{"rendered":"<p>Villanueva de C\u00f3rdoba EXP\u00c9RIENCES BILLETS DE TRAIN C\u2019est le principal noyau du valle de Los Pedroches. Il poss\u00e8de la plus vaste ch\u00eanaie verte d\u2019Europe, o\u00f9 le porc ib\u00e9rique se nourrit des glands nourrissants aux c\u00f4t\u00e9s de nombreux troupeaux de b\u00e9tail, parmi d\u2019innombrables enclos de pierre. C\u2019est l\u2019un des centres urbains les plus importants de la [&hellip;]<\/p>\n","protected":false},"author":2985,"featured_media":0,"parent":0,"menu_order":0,"comment_status":"closed","ping_status":"closed","template":"","meta":{"inline_featured_image":false,"footnotes":""},"class_list":["post-3890","page","type-page","status-publish","hentry"],"_links":{"self":[{"href":"https:\/\/spainbytrain.org\/fr\/wp-json\/wp\/v2\/pages\/3890","targetHints":{"allow":["GET"]}}],"collection":[{"href":"https:\/\/spainbytrain.org\/fr\/wp-json\/wp\/v2\/pages"}],"about":[{"href":"https:\/\/spainbytrain.org\/fr\/wp-json\/wp\/v2\/types\/page"}],"author":[{"embeddable":true,"href":"https:\/\/spainbytrain.org\/fr\/wp-json\/wp\/v2\/users\/2985"}],"replies":[{"embeddable":true,"href":"https:\/\/spainbytrain.org\/fr\/wp-json\/wp\/v2\/comments?post=3890"}],"version-history":[{"count":8,"href":"https:\/\/spainbytrain.org\/fr\/wp-json\/wp\/v2\/pages\/3890\/revisions"}],"predecessor-version":[{"id":4387,"href":"https:\/\/spainbytrain.org\/fr\/wp-json\/wp\/v2\/pages\/3890\/revisions\/4387"}],"wp:attachment":[{"href":"https:\/\/spainbytrain.org\/fr\/wp-json\/wp\/v2\/media?parent=3890"}],"curies":[{"name":"wp","href":"https:\/\/api.w.org\/{rel}","templated":true}]}}