{"id":3883,"date":"2025-11-21T10:01:59","date_gmt":"2025-11-21T09:01:59","guid":{"rendered":"https:\/\/spainbytrain.org\/tarragona\/"},"modified":"2025-11-25T13:24:37","modified_gmt":"2025-11-25T12:24:37","slug":"tarragona","status":"publish","type":"page","link":"https:\/\/spainbytrain.org\/fr\/tarragona\/","title":{"rendered":"Tarragona"},"content":{"rendered":"\t\t<div data-elementor-type=\"wp-page\" data-elementor-id=\"3883\" class=\"elementor elementor-3883 elementor-990\">\n\t\t\t\t<div class=\"elementor-element elementor-element-8fc5e17 contenedor-imagen e-flex e-con-boxed e-con e-parent\" data-id=\"8fc5e17\" data-element_type=\"container\" data-e-type=\"container\" data-settings=\"{&quot;background_background&quot;:&quot;video&quot;,&quot;background_video_link&quot;:&quot;https:\\\/\\\/www.youtube.com\\\/watch?v=6gG_mTQF2_o&quot;,&quot;background_play_on_mobile&quot;:&quot;yes&quot;}\">\n\t\t\t\t\t<div class=\"e-con-inner\">\n\t\t<div class=\"elementor-background-video-container\">\n\t\t\t\t\t\t\t<div class=\"elementor-background-video-embed\" role=\"presentation\"><\/div>\n\t\t\t\t\t\t<\/div><div class=\"elementor-element elementor-element-73ae63b texto-encima e-flex e-con-boxed e-con e-child\" data-id=\"73ae63b\" data-element_type=\"container\" data-e-type=\"container\" data-settings=\"{&quot;position&quot;:&quot;absolute&quot;}\">\n\t\t\t\t\t<div class=\"e-con-inner\">\n\t\t\t\t<div class=\"elementor-element elementor-element-aa1d33f elementor-widget elementor-widget-heading\" data-id=\"aa1d33f\" data-element_type=\"widget\" data-e-type=\"widget\" data-widget_type=\"heading.default\">\n\t\t\t\t<div class=\"elementor-widget-container\">\n\t\t\t\t\t<h1 class=\"elementor-heading-title elementor-size-default\">Tarragona<\/h1>\t\t\t\t<\/div>\n\t\t\t\t<\/div>\n\t\t\t\t<div class=\"elementor-element elementor-element-f976d84 elementor-widget elementor-widget-text-editor\" data-id=\"f976d84\" data-element_type=\"widget\" data-e-type=\"widget\" data-widget_type=\"text-editor.default\">\n\t\t\t\t<div class=\"elementor-widget-container\">\n\t\t\t\t\t\t\t\t\t<a class=\"boton\" href=\"https:\/\/www.civitatis.com\/es\/tarragona\/?aid=108634\" target=\"_blank\" rel=\"noopener\">EXP\u00c9RIENCES <img decoding=\"async\" class=\"icono-flecha\" src=\"https:\/\/spainbytrain.org\/wp-content\/themes\/spainbytrain\/img\/icono-flecha.png\" alt=\"flecha\"> <img decoding=\"async\" class=\"logo-civitatis\" src=\"https:\/\/spainbytrain.org\/wp-content\/themes\/spainbytrain\/img\/civitatis_logo.png\" alt=\"civitatis\"><\/a>\n<a class=\"boton\" href=\"https:\/\/www.thetrainline.com\/es\" target=\"_blank\" rel=\"noopener\">\n BILLETS\n<img decoding=\"async\" class=\"logo-trainline\" src=\"https:\/\/spainbytrain.org\/wp-content\/uploads\/sites\/17\/2025\/11\/trainline-green-vectorial.png\" alt=\"trainline\"> DE TRAIN\n\n<img decoding=\"async\" class=\"icono-flecha\" src=\"https:\/\/spainbytrain.org\/wp-content\/themes\/spainbytrain\/img\/icono-flecha.png\" alt=\"flecha\">        <\/a> \t\t\t\t\t\t\t\t<\/div>\n\t\t\t\t<\/div>\n\t\t\t\t\t<\/div>\n\t\t\t\t<\/div>\n\t\t\t\t\t<\/div>\n\t\t\t\t<\/div>\n\t\t<div class=\"elementor-element elementor-element-aa83756 e-con-full container-texto-ciudades e-flex e-con e-parent\" data-id=\"aa83756\" data-element_type=\"container\" data-e-type=\"container\">\n\t\t<div class=\"elementor-element elementor-element-2ada86c   e-con-full e-flex e-con e-child\" data-id=\"2ada86c\" data-element_type=\"container\" data-e-type=\"container\">\n\t\t\t\t<div class=\"elementor-element elementor-element-bb15347 texto-columnas elementor-widget elementor-widget-text-editor\" data-id=\"bb15347\" data-element_type=\"widget\" data-e-type=\"widget\" data-widget_type=\"text-editor.default\">\n\t\t\t\t<div class=\"elementor-widget-container\">\n\t\t\t\t\t\t\t\t\t<p>\u00c0 Tarragone, Ville Patrimoine mondial, l\u2019histoire sort des livres et se vit \u00e0 chaque pas. C\u2019est une histoire romaine, un pass\u00e9 m\u00e9di\u00e9val et une tradition catalane. C\u2019est l\u2019une des villes qui poss\u00e8dent la plus grande densit\u00e9 de vestiges romains, dont beaucoup peuvent \u00eatre visit\u00e9s. L\u2019amphith\u00e9\u00e2tre romain, le cirque, le pr\u00e9toire, le th\u00e9\u00e2tre ou encore l\u2019aqueduc de Les Ferreres en sont de bons exemples. C\u2019est une ville ouverte sur la M\u00e9diterran\u00e9e, et l\u2019on peut rejoindre la plage par une agr\u00e9able promenade depuis le centre historique. Tarragone poss\u00e8de environ 15 kilom\u00e8tres de c\u00f4te avec des plages de sable fin et des pentes tr\u00e8s douces. Tarragone, et en particulier sa vieille ville, est une cit\u00e9 agr\u00e9able, avec de nombreuses terrasses donnant sur des monuments charg\u00e9s d\u2019histoire, sur des places comme la pla\u00e7a de la Font, la pla\u00e7a del F\u00f2rum ou la pla\u00e7a del Rei. Et pour terminer la journ\u00e9e, vous pourrez vous promener sur la Rambla Nova, o\u00f9 se trouvent la plupart des boutiques modernes, puis savourer un d\u00eener avec la meilleure gastronomie traditionnelle.       <\/p><p> <\/p><div class=\"contenedor-enlaces\"><img decoding=\"async\" src=\"https:\/\/spainbytrain.org\/wp-content\/themes\/spainbytrain\/img\/icono-de-mas.png\"><div class=\"enlaces\"><a href=\"https:\/\/www.tarragonaturisme.cat\/es\" target=\"_blank\" rel=\"noopener\">tarragonaturisme.cat<\/a><\/div><\/div>\t\t\t\t\t\t\t\t<\/div>\n\t\t\t\t<\/div>\n\t\t\t\t<\/div>\n\t\t<div class=\"elementor-element elementor-element-25e1236 e-con-full paddingImprescindible e-flex e-con e-child\" data-id=\"25e1236\" data-element_type=\"container\" data-e-type=\"container\" id=\"containImprescindible\">\n\t\t\t\t<div class=\"elementor-element elementor-element-5951b98 titulo-imprescindibles e-transform elementor-widget elementor-widget-heading\" data-id=\"5951b98\" data-element_type=\"widget\" data-e-type=\"widget\" data-settings=\"{&quot;_transform_scale_effect&quot;:{&quot;unit&quot;:&quot;px&quot;,&quot;size&quot;:&quot;1&quot;,&quot;sizes&quot;:[]},&quot;_transform_scale_effect_tablet&quot;:{&quot;unit&quot;:&quot;px&quot;,&quot;size&quot;:&quot;&quot;,&quot;sizes&quot;:[]},&quot;_transform_scale_effect_mobile&quot;:{&quot;unit&quot;:&quot;px&quot;,&quot;size&quot;:&quot;&quot;,&quot;sizes&quot;:[]}}\" data-widget_type=\"heading.default\">\n\t\t\t\t<div class=\"elementor-widget-container\">\n\t\t\t\t\t<h1 class=\"elementor-heading-title elementor-size-default\">Incontournables<\/h1>\t\t\t\t<\/div>\n\t\t\t\t<\/div>\n\t\t\t\t<div class=\"elementor-element elementor-element-ed8f812 flecha elementor-widget elementor-widget-image\" data-id=\"ed8f812\" data-element_type=\"widget\" data-e-type=\"widget\" data-widget_type=\"image.default\">\n\t\t\t\t<div class=\"elementor-widget-container\">\n\t\t\t\t\t\t\t\t\t\t\t\t\t\t\t<img decoding=\"async\" src=\"https:\/\/spainbytrain.org\/wp-content\/uploads\/sites\/17\/elementor\/thumbs\/icono-flechaAbajo-r45dq4d0ug9renwown1dmgena0kljy5botiq78ifww.png\" title=\"icono-flechaAbajo\" alt=\"icono-flechaAbajo\" loading=\"lazy\" \/>\t\t\t\t\t\t\t\t\t\t\t\t\t\t\t<\/div>\n\t\t\t\t<\/div>\n\t\t\t\t<\/div>\n\t\t\t\t<\/div>\n\t\t<div class=\"elementor-element elementor-element-2ecbc73 boldest_map_destino_wrapper e-flex e-con-boxed e-con e-parent\" data-id=\"2ecbc73\" data-element_type=\"container\" data-e-type=\"container\">\n\t\t\t\t\t<div class=\"e-con-inner\">\n\t\t\t\t<div class=\"elementor-element elementor-element-250324f boldest_map_destino elementor-widget elementor-widget-html\" data-id=\"250324f\" data-element_type=\"widget\" data-e-type=\"widget\" data-widget_type=\"html.default\">\n\t\t\t\t<div class=\"elementor-widget-container\">\n\t\t\t\t\t<div id=\"bWidgetMap\" integration=\"segment\" topheight=\"40\" btncolor=\"#F1392D\" showcurtain=\"true\" showbuttons=\"true\" viewmaptext=\"MAPA CIUDAD\" parenturiprefix=\"bwidget:\" ignorebottomcontent=\"true\" embedurl=\"https:\/\/maps.spainbytrain.org\" embedmainuri=\"\/fr\/tarragona_493\" mapscrollwheel=\"false\" onfocus=\"\" onfocusout=\"\"><\/div>\r\n    <script type=\"text\/javascript\" src=\"https:\/\/maps.spainbytrain.org\/embed.js\"><\/script>\t\t\t\t<\/div>\n\t\t\t\t<\/div>\n\t\t\t\t\t<\/div>\n\t\t\t\t<\/div>\n\t\t\t\t<\/div>\n\t\t","protected":false},"excerpt":{"rendered":"<p>Tarragona EXP\u00c9RIENCES BILLETS DE TRAIN \u00c0 Tarragone, Ville Patrimoine mondial, l\u2019histoire sort des livres et se vit \u00e0 chaque pas. C\u2019est une histoire romaine, un pass\u00e9 m\u00e9di\u00e9val et une tradition catalane. C\u2019est l\u2019une des villes qui poss\u00e8dent la plus grande densit\u00e9 de vestiges romains, dont beaucoup peuvent \u00eatre visit\u00e9s. L\u2019amphith\u00e9\u00e2tre romain, le cirque, le pr\u00e9toire, [&hellip;]<\/p>\n","protected":false},"author":2985,"featured_media":0,"parent":0,"menu_order":0,"comment_status":"closed","ping_status":"closed","template":"","meta":{"inline_featured_image":false,"footnotes":""},"class_list":["post-3883","page","type-page","status-publish","hentry"],"_links":{"self":[{"href":"https:\/\/spainbytrain.org\/fr\/wp-json\/wp\/v2\/pages\/3883","targetHints":{"allow":["GET"]}}],"collection":[{"href":"https:\/\/spainbytrain.org\/fr\/wp-json\/wp\/v2\/pages"}],"about":[{"href":"https:\/\/spainbytrain.org\/fr\/wp-json\/wp\/v2\/types\/page"}],"author":[{"embeddable":true,"href":"https:\/\/spainbytrain.org\/fr\/wp-json\/wp\/v2\/users\/2985"}],"replies":[{"embeddable":true,"href":"https:\/\/spainbytrain.org\/fr\/wp-json\/wp\/v2\/comments?post=3883"}],"version-history":[{"count":7,"href":"https:\/\/spainbytrain.org\/fr\/wp-json\/wp\/v2\/pages\/3883\/revisions"}],"predecessor-version":[{"id":4344,"href":"https:\/\/spainbytrain.org\/fr\/wp-json\/wp\/v2\/pages\/3883\/revisions\/4344"}],"wp:attachment":[{"href":"https:\/\/spainbytrain.org\/fr\/wp-json\/wp\/v2\/media?parent=3883"}],"curies":[{"name":"wp","href":"https:\/\/api.w.org\/{rel}","templated":true}]}}