{"id":3879,"date":"2025-11-21T09:58:50","date_gmt":"2025-11-21T08:58:50","guid":{"rendered":"https:\/\/spainbytrain.org\/sevilla\/"},"modified":"2025-11-25T13:22:57","modified_gmt":"2025-11-25T12:22:57","slug":"sevilla","status":"publish","type":"page","link":"https:\/\/spainbytrain.org\/fr\/sevilla\/","title":{"rendered":"Sevilla"},"content":{"rendered":"\t\t<div data-elementor-type=\"wp-page\" data-elementor-id=\"3879\" class=\"elementor elementor-3879 elementor-961\">\n\t\t\t\t<div class=\"elementor-element elementor-element-6ee79fa contenedor-imagen e-flex e-con-boxed e-con e-parent\" data-id=\"6ee79fa\" data-element_type=\"container\" data-e-type=\"container\" data-settings=\"{&quot;background_background&quot;:&quot;video&quot;,&quot;background_video_link&quot;:&quot;https:\\\/\\\/youtu.be\\\/NA3eyzInnCs&quot;,&quot;background_play_on_mobile&quot;:&quot;yes&quot;}\">\n\t\t\t\t\t<div class=\"e-con-inner\">\n\t\t<div class=\"elementor-background-video-container\">\n\t\t\t\t\t\t\t<div class=\"elementor-background-video-embed\" role=\"presentation\"><\/div>\n\t\t\t\t\t\t<\/div><div class=\"elementor-element elementor-element-d299e5e texto-encima e-flex e-con-boxed e-con e-child\" data-id=\"d299e5e\" data-element_type=\"container\" data-e-type=\"container\" data-settings=\"{&quot;position&quot;:&quot;absolute&quot;}\">\n\t\t\t\t\t<div class=\"e-con-inner\">\n\t\t\t\t<div class=\"elementor-element elementor-element-71f285d elementor-widget elementor-widget-heading\" data-id=\"71f285d\" data-element_type=\"widget\" data-e-type=\"widget\" data-widget_type=\"heading.default\">\n\t\t\t\t<div class=\"elementor-widget-container\">\n\t\t\t\t\t<h1 class=\"elementor-heading-title elementor-size-default\">Sevilla<\/h1>\t\t\t\t<\/div>\n\t\t\t\t<\/div>\n\t\t\t\t<div class=\"elementor-element elementor-element-fb1800b elementor-widget elementor-widget-text-editor\" data-id=\"fb1800b\" data-element_type=\"widget\" data-e-type=\"widget\" data-widget_type=\"text-editor.default\">\n\t\t\t\t<div class=\"elementor-widget-container\">\n\t\t\t\t\t\t\t\t\t<a class=\"boton\" href=\"https:\/\/www.civitatis.com\/es\/sevilla\/?aid=108634\" target=\"_blank\" rel=\"noopener\">EXP\u00c9RIENCES <img decoding=\"async\" class=\"icono-flecha\" src=\"https:\/\/spainbytrain.org\/wp-content\/themes\/spainbytrain\/img\/icono-flecha.png\" alt=\"flecha\"> <img decoding=\"async\" class=\"logo-civitatis\" src=\"https:\/\/spainbytrain.org\/wp-content\/themes\/spainbytrain\/img\/civitatis_logo.png\" alt=\"civitatis\"><\/a>\n<a class=\"boton\" href=\"https:\/\/www.thetrainline.com\/es\" target=\"_blank\" rel=\"noopener\">\n BILLETS\n<img decoding=\"async\" class=\"logo-trainline\" src=\"https:\/\/spainbytrain.org\/wp-content\/uploads\/sites\/17\/2025\/11\/trainline-green-vectorial.png\" alt=\"trainline\"> DE TRAIN\n\n<img decoding=\"async\" class=\"icono-flecha\" src=\"https:\/\/spainbytrain.org\/wp-content\/themes\/spainbytrain\/img\/icono-flecha.png\" alt=\"flecha\">        <\/a> \t\t\t\t\t\t\t\t<\/div>\n\t\t\t\t<\/div>\n\t\t\t\t\t<\/div>\n\t\t\t\t<\/div>\n\t\t\t\t\t<\/div>\n\t\t\t\t<\/div>\n\t\t<div class=\"elementor-element elementor-element-db17a9e e-con-full container-texto-ciudades e-flex e-con e-parent\" data-id=\"db17a9e\" data-element_type=\"container\" data-e-type=\"container\">\n\t\t<div class=\"elementor-element elementor-element-bd59976   e-con-full e-flex e-con e-child\" data-id=\"bd59976\" data-element_type=\"container\" data-e-type=\"container\">\n\t\t\t\t<div class=\"elementor-element elementor-element-a758d98 texto-columnas elementor-widget elementor-widget-text-editor\" data-id=\"a758d98\" data-element_type=\"widget\" data-e-type=\"widget\" data-widget_type=\"text-editor.default\">\n\t\t\t\t<div class=\"elementor-widget-container\">\n\t\t\t\t\t\t\t\t\t<p>S\u00e9ville, capitale de l\u2019Andalousie, est une ville pleine d\u2019histoire, d\u2019art et de culture. Elle se distingue par son impressionnant patrimoine, avec des monuments embl\u00e9matiques comme la Giralda, la Cath\u00e9drale de S\u00e9ville (la plus grande cath\u00e9drale gothique du monde) et l\u2019Alcazar Royal, un palais d\u2019origine islamique. Le quartier de Santa Cruz, avec ses ruelles \u00e9troites et ses cours fleuries, est un lieu embl\u00e9matique. S\u00e9ville est \u00e9galement connue pour sa vie anim\u00e9e, avec des f\u00eates comme la Feria d\u2019Avril et la Semaine Sainte. De plus, sa gastronomie \u2013 qui comprend des tapas telles que le jam\u00f3n ib\u00e9rico et le gazpacho \u2013 ainsi que le flamenco font partie int\u00e9grante de son identit\u00e9. Baign\u00e9e par le fleuve Guadalquivir, la ville offre aussi des espaces naturels comme les jardins de Mar\u00eda Luisa. Avec son climat doux et ensoleill\u00e9, S\u00e9ville est une destination qui attire des millions de visiteurs chaque ann\u00e9e.      <\/p>\n<br><div class=\"contenedor-enlaces\">\n\t<img decoding=\"async\" src=\"https:\/\/spainbytrain.org\/wp-content\/themes\/spainbytrain\/img\/icono-de-mas.png\">\n\t<div class=\"enlaces\">\n\t\t<a href=\"https:\/\/visitasevilla.es\/\" target=\"_blank\" rel=\"noopener\">visitasevilla.es<\/a>\n\t<\/div>\n<\/div>\t\t\t\t\t\t\t\t<\/div>\n\t\t\t\t<\/div>\n\t\t\t\t<\/div>\n\t\t<div class=\"elementor-element elementor-element-585c208 e-con-full paddingImprescindible e-flex e-con e-child\" data-id=\"585c208\" data-element_type=\"container\" data-e-type=\"container\" id=\"containImprescindible\">\n\t\t\t\t<div class=\"elementor-element elementor-element-47f8517 titulo-imprescindibles e-transform elementor-widget elementor-widget-heading\" data-id=\"47f8517\" data-element_type=\"widget\" data-e-type=\"widget\" data-settings=\"{&quot;_transform_scale_effect&quot;:{&quot;unit&quot;:&quot;px&quot;,&quot;size&quot;:&quot;1&quot;,&quot;sizes&quot;:[]},&quot;_transform_scale_effect_tablet&quot;:{&quot;unit&quot;:&quot;px&quot;,&quot;size&quot;:&quot;&quot;,&quot;sizes&quot;:[]},&quot;_transform_scale_effect_mobile&quot;:{&quot;unit&quot;:&quot;px&quot;,&quot;size&quot;:&quot;&quot;,&quot;sizes&quot;:[]}}\" data-widget_type=\"heading.default\">\n\t\t\t\t<div class=\"elementor-widget-container\">\n\t\t\t\t\t<h1 class=\"elementor-heading-title elementor-size-default\">Incontournables<\/h1>\t\t\t\t<\/div>\n\t\t\t\t<\/div>\n\t\t\t\t<div class=\"elementor-element elementor-element-90e74d1 flecha elementor-widget elementor-widget-image\" data-id=\"90e74d1\" data-element_type=\"widget\" data-e-type=\"widget\" data-widget_type=\"image.default\">\n\t\t\t\t<div class=\"elementor-widget-container\">\n\t\t\t\t\t\t\t\t\t\t\t\t\t\t\t<img decoding=\"async\" src=\"https:\/\/spainbytrain.org\/wp-content\/uploads\/sites\/17\/elementor\/thumbs\/icono-flechaAbajo-r45dq4d0ug9renwown1dmgena0kljy5botiq78ifww.png\" title=\"icono-flechaAbajo\" alt=\"icono-flechaAbajo\" loading=\"lazy\" \/>\t\t\t\t\t\t\t\t\t\t\t\t\t\t\t<\/div>\n\t\t\t\t<\/div>\n\t\t\t\t<\/div>\n\t\t\t\t<\/div>\n\t\t<div class=\"elementor-element elementor-element-eefd0cf boldest_map_destino_wrapper e-flex e-con-boxed e-con e-parent\" data-id=\"eefd0cf\" data-element_type=\"container\" data-e-type=\"container\">\n\t\t\t\t\t<div class=\"e-con-inner\">\n\t\t\t\t<div class=\"elementor-element elementor-element-c8528e5 boldest_map_destino elementor-widget elementor-widget-html\" data-id=\"c8528e5\" data-element_type=\"widget\" data-e-type=\"widget\" data-widget_type=\"html.default\">\n\t\t\t\t<div class=\"elementor-widget-container\">\n\t\t\t\t\t<div id=\"bWidgetMap\" integration=\"segment\" topheight=\"40\" btncolor=\"#F1392D\" showcurtain=\"true\" showbuttons=\"true\" viewmaptext=\"MAPA CIUDAD\" parenturiprefix=\"bwidget:\" ignorebottomcontent=\"true\" embedurl=\"https:\/\/maps.spainbytrain.org\" embedmainuri=\"\/fr\/sevilla\" mapscrollwheel=\"false\" onfocus=\"\" onfocusout=\"\"><\/div>\r\n    <script type=\"text\/javascript\" src=\"https:\/\/maps.spainbytrain.org\/embed.js\"><\/script>\t\t\t\t<\/div>\n\t\t\t\t<\/div>\n\t\t\t\t\t<\/div>\n\t\t\t\t<\/div>\n\t\t\t\t<\/div>\n\t\t","protected":false},"excerpt":{"rendered":"<p>Sevilla EXP\u00c9RIENCES BILLETS DE TRAIN S\u00e9ville, capitale de l\u2019Andalousie, est une ville pleine d\u2019histoire, d\u2019art et de culture. Elle se distingue par son impressionnant patrimoine, avec des monuments embl\u00e9matiques comme la Giralda, la Cath\u00e9drale de S\u00e9ville (la plus grande cath\u00e9drale gothique du monde) et l\u2019Alcazar Royal, un palais d\u2019origine islamique. Le quartier de Santa Cruz, [&hellip;]<\/p>\n","protected":false},"author":2985,"featured_media":0,"parent":0,"menu_order":0,"comment_status":"closed","ping_status":"closed","template":"","meta":{"inline_featured_image":false,"footnotes":""},"class_list":["post-3879","page","type-page","status-publish","hentry"],"_links":{"self":[{"href":"https:\/\/spainbytrain.org\/fr\/wp-json\/wp\/v2\/pages\/3879","targetHints":{"allow":["GET"]}}],"collection":[{"href":"https:\/\/spainbytrain.org\/fr\/wp-json\/wp\/v2\/pages"}],"about":[{"href":"https:\/\/spainbytrain.org\/fr\/wp-json\/wp\/v2\/types\/page"}],"author":[{"embeddable":true,"href":"https:\/\/spainbytrain.org\/fr\/wp-json\/wp\/v2\/users\/2985"}],"replies":[{"embeddable":true,"href":"https:\/\/spainbytrain.org\/fr\/wp-json\/wp\/v2\/comments?post=3879"}],"version-history":[{"count":8,"href":"https:\/\/spainbytrain.org\/fr\/wp-json\/wp\/v2\/pages\/3879\/revisions"}],"predecessor-version":[{"id":4342,"href":"https:\/\/spainbytrain.org\/fr\/wp-json\/wp\/v2\/pages\/3879\/revisions\/4342"}],"wp:attachment":[{"href":"https:\/\/spainbytrain.org\/fr\/wp-json\/wp\/v2\/media?parent=3879"}],"curies":[{"name":"wp","href":"https:\/\/api.w.org\/{rel}","templated":true}]}}