{"id":3875,"date":"2025-11-21T09:56:30","date_gmt":"2025-11-21T08:56:30","guid":{"rendered":"https:\/\/spainbytrain.org\/puertollano\/"},"modified":"2025-11-25T13:21:12","modified_gmt":"2025-11-25T12:21:12","slug":"puertollano","status":"publish","type":"page","link":"https:\/\/spainbytrain.org\/fr\/puertollano\/","title":{"rendered":"Puertollano"},"content":{"rendered":"\t\t<div data-elementor-type=\"wp-page\" data-elementor-id=\"3875\" class=\"elementor elementor-3875 elementor-938\">\n\t\t\t\t<div class=\"elementor-element elementor-element-3217f7e contenedor-imagen e-flex e-con-boxed e-con e-parent\" data-id=\"3217f7e\" data-element_type=\"container\" data-e-type=\"container\" data-settings=\"{&quot;background_background&quot;:&quot;video&quot;,&quot;background_video_link&quot;:&quot;https:\\\/\\\/youtu.be\\\/-XK5uwrtMQE&quot;,&quot;background_play_on_mobile&quot;:&quot;yes&quot;}\">\n\t\t\t\t\t<div class=\"e-con-inner\">\n\t\t<div class=\"elementor-background-video-container\">\n\t\t\t\t\t\t\t<div class=\"elementor-background-video-embed\" role=\"presentation\"><\/div>\n\t\t\t\t\t\t<\/div><div class=\"elementor-element elementor-element-021f399 texto-encima e-flex e-con-boxed e-con e-child\" data-id=\"021f399\" data-element_type=\"container\" data-e-type=\"container\" data-settings=\"{&quot;position&quot;:&quot;absolute&quot;}\">\n\t\t\t\t\t<div class=\"e-con-inner\">\n\t\t\t\t<div class=\"elementor-element elementor-element-85b1f4f elementor-widget elementor-widget-heading\" data-id=\"85b1f4f\" data-element_type=\"widget\" data-e-type=\"widget\" data-widget_type=\"heading.default\">\n\t\t\t\t<div class=\"elementor-widget-container\">\n\t\t\t\t\t<h1 class=\"elementor-heading-title elementor-size-default\">Puertollano<\/h1>\t\t\t\t<\/div>\n\t\t\t\t<\/div>\n\t\t\t\t<div class=\"elementor-element elementor-element-3f4bcd7 elementor-widget elementor-widget-text-editor\" data-id=\"3f4bcd7\" data-element_type=\"widget\" data-e-type=\"widget\" data-widget_type=\"text-editor.default\">\n\t\t\t\t<div class=\"elementor-widget-container\">\n\t\t\t\t\t\t\t\t\t<a class=\"boton\" href=\"https:\/\/www.civitatis.com\/es\/puertollano\/?aid=108634\" target=\"_blank\" rel=\"noopener\">EXP\u00c9RIENCES <img decoding=\"async\" class=\"icono-flecha\" src=\"https:\/\/spainbytrain.org\/wp-content\/themes\/spainbytrain\/img\/icono-flecha.png\" alt=\"flecha\"> <img decoding=\"async\" class=\"logo-civitatis\" src=\"https:\/\/spainbytrain.org\/wp-content\/themes\/spainbytrain\/img\/civitatis_logo.png\" alt=\"civitatis\"><\/a>\n<a class=\"boton\" href=\"https:\/\/www.thetrainline.com\/es\" target=\"_blank\" rel=\"noopener\">\n BILLETS\n<img decoding=\"async\" class=\"logo-trainline\" src=\"https:\/\/spainbytrain.org\/wp-content\/uploads\/sites\/17\/2025\/11\/trainline-green-vectorial.png\" alt=\"trainline\"> DE TRAIN\n\n<img decoding=\"async\" class=\"icono-flecha\" src=\"https:\/\/spainbytrain.org\/wp-content\/themes\/spainbytrain\/img\/icono-flecha.png\" alt=\"flecha\">        <\/a> \t\t\t\t\t\t\t\t<\/div>\n\t\t\t\t<\/div>\n\t\t\t\t\t<\/div>\n\t\t\t\t<\/div>\n\t\t\t\t\t<\/div>\n\t\t\t\t<\/div>\n\t\t<div class=\"elementor-element elementor-element-62703b8 e-con-full container-texto-ciudades e-flex e-con e-parent\" data-id=\"62703b8\" data-element_type=\"container\" data-e-type=\"container\">\n\t\t<div class=\"elementor-element elementor-element-d0b34c5   e-con-full e-flex e-con e-child\" data-id=\"d0b34c5\" data-element_type=\"container\" data-e-type=\"container\">\n\t\t\t\t<div class=\"elementor-element elementor-element-bd550a1 texto-columnas elementor-widget elementor-widget-text-editor\" data-id=\"bd550a1\" data-element_type=\"widget\" data-e-type=\"widget\" data-widget_type=\"text-editor.default\">\n\t\t\t\t<div class=\"elementor-widget-container\">\n\t\t\t\t\t\t\t\t\t<p>Une ville de Castille-La Manche o\u00f9 l\u2019on peut d\u00e9couvrir l\u2019art le plus avant-gardiste, car \u00e0 Puertollano vous pourrez visiter le premier mus\u00e9e d\u2019Espagne d\u00e9di\u00e9 \u00e0 une femme photographe de renomm\u00e9e mondiale : Cristina Garc\u00eda Rodero, ainsi que le meilleur de l\u2019art contemporain, comme le mural de 111 m\u00e8tres de l\u2019artiste urbain c\u00e9l\u00e8bre Okuda de Miguel. C\u2019est une ville \u00e0 pass\u00e9 minier qui a marqu\u00e9 son histoire et qui conserve l\u2019imposant monument, vigie et symbole de la ville : El Minero de Jos\u00e9 Noja. De plus, les visiteurs peuvent y d\u00e9couvrir les vestiges d\u2019une ancienne marais ouverte sur la mer, habitat de requins, de poissons et de flore tropicale fossilis\u00e9s dans la pierre il y a plus de 250 millions d\u2019ann\u00e9es, pendant la p\u00e9riode carbonif\u00e8re. Cette \u00ab Pomp\u00e9i du Pal\u00e9ozo\u00efque \u00bb, unique au monde, est un Monument naturel de Castille-La Manche. Dans ce m\u00eame environnement, on trouve les traces du volcanisme du Campo de Calatrava dans les c\u00f4nes volcaniques d\u2019Asdr\u00fabal ou de Mesa del Villar, ainsi que les eaux ferrugineuses gaz\u00e9ifi\u00e9es d\u2019origine volcanique qui jaillissent \u00e0 la Fuente Agria. Et c\u2019est ici que vous pourrez d\u00e9couvrir \u2013 et vous laisser surprendre par \u2013 l\u2019inattendu.      <\/p>\n<br><div class=\"contenedor-enlaces\">\n\t<img decoding=\"async\" src=\"https:\/\/spainbytrain.org\/wp-content\/themes\/spainbytrain\/img\/icono-de-mas.png\">\n\t<div class=\"enlaces\">\n\t\t<a href=\"https:\/\/www.puertollano.es\/tag\/turismo\/\" target=\"_blank\" rel=\"noopener\">puertollano.es<\/a>\n\t<\/div>\n<\/div>\t\t\t\t\t\t\t\t<\/div>\n\t\t\t\t<\/div>\n\t\t\t\t<\/div>\n\t\t<div class=\"elementor-element elementor-element-4873084 e-con-full paddingImprescindible e-flex e-con e-child\" data-id=\"4873084\" data-element_type=\"container\" data-e-type=\"container\" id=\"containImprescindible\">\n\t\t\t\t<div class=\"elementor-element elementor-element-9eac30d titulo-imprescindibles e-transform elementor-widget elementor-widget-heading\" data-id=\"9eac30d\" data-element_type=\"widget\" data-e-type=\"widget\" data-settings=\"{&quot;_transform_scale_effect&quot;:{&quot;unit&quot;:&quot;px&quot;,&quot;size&quot;:&quot;1&quot;,&quot;sizes&quot;:[]},&quot;_transform_scale_effect_tablet&quot;:{&quot;unit&quot;:&quot;px&quot;,&quot;size&quot;:&quot;&quot;,&quot;sizes&quot;:[]},&quot;_transform_scale_effect_mobile&quot;:{&quot;unit&quot;:&quot;px&quot;,&quot;size&quot;:&quot;&quot;,&quot;sizes&quot;:[]}}\" data-widget_type=\"heading.default\">\n\t\t\t\t<div class=\"elementor-widget-container\">\n\t\t\t\t\t<h1 class=\"elementor-heading-title elementor-size-default\">Incontournables<\/h1>\t\t\t\t<\/div>\n\t\t\t\t<\/div>\n\t\t\t\t<div class=\"elementor-element elementor-element-dce3501 flecha elementor-widget elementor-widget-image\" data-id=\"dce3501\" data-element_type=\"widget\" data-e-type=\"widget\" data-widget_type=\"image.default\">\n\t\t\t\t<div class=\"elementor-widget-container\">\n\t\t\t\t\t\t\t\t\t\t\t\t\t\t\t<img decoding=\"async\" src=\"https:\/\/spainbytrain.org\/wp-content\/uploads\/sites\/17\/elementor\/thumbs\/icono-flechaAbajo-r45dq4d0ug9renwown1dmgena0kljy5botiq78ifww.png\" title=\"icono-flechaAbajo\" alt=\"icono-flechaAbajo\" loading=\"lazy\" \/>\t\t\t\t\t\t\t\t\t\t\t\t\t\t\t<\/div>\n\t\t\t\t<\/div>\n\t\t\t\t<\/div>\n\t\t\t\t<\/div>\n\t\t<div class=\"elementor-element elementor-element-4b3eb2d boldest_map_destino_wrapper e-flex e-con-boxed e-con e-parent\" data-id=\"4b3eb2d\" data-element_type=\"container\" data-e-type=\"container\">\n\t\t\t\t\t<div class=\"e-con-inner\">\n\t\t\t\t<div class=\"elementor-element elementor-element-26e64f4 boldest_map_destino elementor-widget elementor-widget-html\" data-id=\"26e64f4\" data-element_type=\"widget\" data-e-type=\"widget\" data-widget_type=\"html.default\">\n\t\t\t\t<div class=\"elementor-widget-container\">\n\t\t\t\t\t<div id=\"bWidgetMap\" integration=\"segment\" topheight=\"40\" btncolor=\"#F1392D\" showcurtain=\"true\" showbuttons=\"true\" viewmaptext=\"MAPA CIUDAD\" parenturiprefix=\"bwidget:\" ignorebottomcontent=\"true\" embedurl=\"https:\/\/maps.spainbytrain.org\" embedmainuri=\"\/fr\/puertollano\" mapscrollwheel=\"false\" onfocus=\"\" onfocusout=\"\"><\/div>\r\n    <script type=\"text\/javascript\" src=\"https:\/\/maps.spainbytrain.org\/embed.js\"><\/script>\t\t\t\t<\/div>\n\t\t\t\t<\/div>\n\t\t\t\t\t<\/div>\n\t\t\t\t<\/div>\n\t\t\t\t<\/div>\n\t\t","protected":false},"excerpt":{"rendered":"<p>Puertollano EXP\u00c9RIENCES BILLETS DE TRAIN Une ville de Castille-La Manche o\u00f9 l\u2019on peut d\u00e9couvrir l\u2019art le plus avant-gardiste, car \u00e0 Puertollano vous pourrez visiter le premier mus\u00e9e d\u2019Espagne d\u00e9di\u00e9 \u00e0 une femme photographe de renomm\u00e9e mondiale : Cristina Garc\u00eda Rodero, ainsi que le meilleur de l\u2019art contemporain, comme le mural de 111 m\u00e8tres de l\u2019artiste [&hellip;]<\/p>\n","protected":false},"author":2985,"featured_media":0,"parent":0,"menu_order":0,"comment_status":"closed","ping_status":"closed","template":"","meta":{"inline_featured_image":false,"footnotes":""},"class_list":["post-3875","page","type-page","status-publish","hentry"],"_links":{"self":[{"href":"https:\/\/spainbytrain.org\/fr\/wp-json\/wp\/v2\/pages\/3875","targetHints":{"allow":["GET"]}}],"collection":[{"href":"https:\/\/spainbytrain.org\/fr\/wp-json\/wp\/v2\/pages"}],"about":[{"href":"https:\/\/spainbytrain.org\/fr\/wp-json\/wp\/v2\/types\/page"}],"author":[{"embeddable":true,"href":"https:\/\/spainbytrain.org\/fr\/wp-json\/wp\/v2\/users\/2985"}],"replies":[{"embeddable":true,"href":"https:\/\/spainbytrain.org\/fr\/wp-json\/wp\/v2\/comments?post=3875"}],"version-history":[{"count":6,"href":"https:\/\/spainbytrain.org\/fr\/wp-json\/wp\/v2\/pages\/3875\/revisions"}],"predecessor-version":[{"id":4337,"href":"https:\/\/spainbytrain.org\/fr\/wp-json\/wp\/v2\/pages\/3875\/revisions\/4337"}],"wp:attachment":[{"href":"https:\/\/spainbytrain.org\/fr\/wp-json\/wp\/v2\/media?parent=3875"}],"curies":[{"name":"wp","href":"https:\/\/api.w.org\/{rel}","templated":true}]}}