{"id":3864,"date":"2025-11-21T09:46:15","date_gmt":"2025-11-21T08:46:15","guid":{"rendered":"https:\/\/spainbytrain.org\/orihuela\/"},"modified":"2025-11-25T13:19:13","modified_gmt":"2025-11-25T12:19:13","slug":"orihuela","status":"publish","type":"page","link":"https:\/\/spainbytrain.org\/fr\/orihuela\/","title":{"rendered":"Orihuela"},"content":{"rendered":"\t\t<div data-elementor-type=\"wp-page\" data-elementor-id=\"3864\" class=\"elementor elementor-3864 elementor-907\">\n\t\t\t\t<div class=\"elementor-element elementor-element-efcb17b contenedor-imagen e-flex e-con-boxed e-con e-parent\" data-id=\"efcb17b\" data-element_type=\"container\" data-e-type=\"container\" data-settings=\"{&quot;background_background&quot;:&quot;video&quot;,&quot;background_video_link&quot;:&quot;https:\\\/\\\/www.youtube.com\\\/watch?v=rAXUxovLO5g&quot;,&quot;background_play_on_mobile&quot;:&quot;yes&quot;}\">\n\t\t\t\t\t<div class=\"e-con-inner\">\n\t\t<div class=\"elementor-background-video-container\">\n\t\t\t\t\t\t\t<div class=\"elementor-background-video-embed\" role=\"presentation\"><\/div>\n\t\t\t\t\t\t<\/div><div class=\"elementor-element elementor-element-dd0a5a4 texto-encima e-flex e-con-boxed e-con e-child\" data-id=\"dd0a5a4\" data-element_type=\"container\" data-e-type=\"container\" data-settings=\"{&quot;position&quot;:&quot;absolute&quot;}\">\n\t\t\t\t\t<div class=\"e-con-inner\">\n\t\t\t\t<div class=\"elementor-element elementor-element-990d78a elementor-widget elementor-widget-heading\" data-id=\"990d78a\" data-element_type=\"widget\" data-e-type=\"widget\" data-widget_type=\"heading.default\">\n\t\t\t\t<div class=\"elementor-widget-container\">\n\t\t\t\t\t<h1 class=\"elementor-heading-title elementor-size-default\">Orihuela<\/h1>\t\t\t\t<\/div>\n\t\t\t\t<\/div>\n\t\t\t\t<div class=\"elementor-element elementor-element-859d6b8 elementor-widget elementor-widget-text-editor\" data-id=\"859d6b8\" data-element_type=\"widget\" data-e-type=\"widget\" data-widget_type=\"text-editor.default\">\n\t\t\t\t<div class=\"elementor-widget-container\">\n\t\t\t\t\t\t\t\t\t<a class=\"boton\" href=\"https:\/\/www.civitatis.com\/es\/orihuela\/?aid=108634\" target=\"_blank\" rel=\"noopener\">EXP\u00c9RIENCES <img decoding=\"async\" class=\"icono-flecha\" src=\"https:\/\/spainbytrain.org\/wp-content\/themes\/spainbytrain\/img\/icono-flecha.png\" alt=\"flecha\"> <img decoding=\"async\" class=\"logo-civitatis\" src=\"https:\/\/spainbytrain.org\/wp-content\/themes\/spainbytrain\/img\/civitatis_logo.png\" alt=\"civitatis\"><\/a>\n<a class=\"boton\" href=\"https:\/\/www.thetrainline.com\/es\" target=\"_blank\" rel=\"noopener\">\n BILLETS\n<img decoding=\"async\" class=\"logo-trainline\" src=\"https:\/\/spainbytrain.org\/wp-content\/uploads\/sites\/17\/2025\/11\/trainline-green-vectorial.png\" alt=\"trainline\"> DE TRAIN\n\n<img decoding=\"async\" class=\"icono-flecha\" src=\"https:\/\/spainbytrain.org\/wp-content\/themes\/spainbytrain\/img\/icono-flecha.png\" alt=\"flecha\">        <\/a> \t\t\t\t\t\t\t\t<\/div>\n\t\t\t\t<\/div>\n\t\t\t\t\t<\/div>\n\t\t\t\t<\/div>\n\t\t\t\t\t<\/div>\n\t\t\t\t<\/div>\n\t\t<div class=\"elementor-element elementor-element-b59edf5 e-con-full container-texto-ciudades e-flex e-con e-parent\" data-id=\"b59edf5\" data-element_type=\"container\" data-e-type=\"container\">\n\t\t<div class=\"elementor-element elementor-element-2dd2080   e-con-full e-flex e-con e-child\" data-id=\"2dd2080\" data-element_type=\"container\" data-e-type=\"container\">\n\t\t\t\t<div class=\"elementor-element elementor-element-d766fe9 texto-columnas elementor-widget elementor-widget-text-editor\" data-id=\"d766fe9\" data-element_type=\"widget\" data-e-type=\"widget\" data-widget_type=\"text-editor.default\">\n\t\t\t\t<div class=\"elementor-widget-container\">\n\t\t\t\t\t\t\t\t\t<p>Orihuela, situ\u00e9e au sud de la province d\u2019Alicante, est une ville qui se distingue par son patrimoine culturel et naturel, dont le centre historique, class\u00e9 ensemble historico-artistique et monumental, est le principal repr\u00e9sentant. Ses festivit\u00e9s sont \u00e9galement remarquables, notamment la Semaine Sainte, d\u00e9clar\u00e9e d\u2019Int\u00e9r\u00eat touristique international. C\u2019est aussi la ville natale de Miguel Hern\u00e1ndez. Dans ses rues, on trouve de nombreuses r\u00e9f\u00e9rences \u00e0 la vie et \u00e0 l\u2019\u0153uvre de l\u2019un des po\u00e8tes espagnols les plus internationaux. Orihuela est l\u2019une des principales destinations touristiques de la Communaut\u00e9 valencienne. C\u2019est une ville qui abrite une multitude de tr\u00e9sors, comme l\u2019\u0153uvre de Diego de Silva Vel\u00e1zquez La Tentation de saint Thomas et des pi\u00e8ces uniques du g\u00e9nial sculpteur Francisco Salzillo. Son environnement naturel comprend de beaux paysages tels que la Sierra de Orihuela et le fleuve Segura.      <\/p>\n<br><div class=\"contenedor-enlaces\">\n\t<img decoding=\"async\" src=\"https:\/\/spainbytrain.org\/wp-content\/themes\/spainbytrain\/img\/icono-de-mas.png\">\n\t<div class=\"enlaces\">\n\t\t<a href=\"https:\/\/www.orihuelaturistica.es\/\" target=\"_blank\" rel=\"noopener\">orihuelaturistica.es<\/a>\n\t<\/div>\n<\/div>\t\t\t\t\t\t\t\t<\/div>\n\t\t\t\t<\/div>\n\t\t\t\t<\/div>\n\t\t<div class=\"elementor-element elementor-element-6dffef2 e-con-full paddingImprescindible e-flex e-con e-child\" data-id=\"6dffef2\" data-element_type=\"container\" data-e-type=\"container\" id=\"containImprescindible\">\n\t\t\t\t<div class=\"elementor-element elementor-element-4711c9f titulo-imprescindibles e-transform elementor-widget elementor-widget-heading\" data-id=\"4711c9f\" data-element_type=\"widget\" data-e-type=\"widget\" data-settings=\"{&quot;_transform_scale_effect&quot;:{&quot;unit&quot;:&quot;px&quot;,&quot;size&quot;:&quot;1&quot;,&quot;sizes&quot;:[]},&quot;_transform_scale_effect_tablet&quot;:{&quot;unit&quot;:&quot;px&quot;,&quot;size&quot;:&quot;&quot;,&quot;sizes&quot;:[]},&quot;_transform_scale_effect_mobile&quot;:{&quot;unit&quot;:&quot;px&quot;,&quot;size&quot;:&quot;&quot;,&quot;sizes&quot;:[]}}\" data-widget_type=\"heading.default\">\n\t\t\t\t<div class=\"elementor-widget-container\">\n\t\t\t\t\t<h1 class=\"elementor-heading-title elementor-size-default\">Incontournables<\/h1>\t\t\t\t<\/div>\n\t\t\t\t<\/div>\n\t\t\t\t<div class=\"elementor-element elementor-element-e7de879 flecha elementor-widget elementor-widget-image\" data-id=\"e7de879\" data-element_type=\"widget\" data-e-type=\"widget\" data-widget_type=\"image.default\">\n\t\t\t\t<div class=\"elementor-widget-container\">\n\t\t\t\t\t\t\t\t\t\t\t\t\t\t\t<img decoding=\"async\" src=\"https:\/\/spainbytrain.org\/wp-content\/uploads\/sites\/17\/elementor\/thumbs\/icono-flechaAbajo-r45dq4d0ug9renwown1dmgena0kljy5botiq78ifww.png\" title=\"icono-flechaAbajo\" alt=\"icono-flechaAbajo\" loading=\"lazy\" \/>\t\t\t\t\t\t\t\t\t\t\t\t\t\t\t<\/div>\n\t\t\t\t<\/div>\n\t\t\t\t<\/div>\n\t\t\t\t<\/div>\n\t\t<div class=\"elementor-element elementor-element-696e1eb boldest_map_destino_wrapper e-flex e-con-boxed e-con e-parent\" data-id=\"696e1eb\" data-element_type=\"container\" data-e-type=\"container\">\n\t\t\t\t\t<div class=\"e-con-inner\">\n\t\t\t\t<div class=\"elementor-element elementor-element-da26b22 boldest_map_destino elementor-widget elementor-widget-html\" data-id=\"da26b22\" data-element_type=\"widget\" data-e-type=\"widget\" data-widget_type=\"html.default\">\n\t\t\t\t<div class=\"elementor-widget-container\">\n\t\t\t\t\t<div id=\"bWidgetMap\" integration=\"segment\" topheight=\"40\" btncolor=\"#F1392D\" showcurtain=\"true\" showbuttons=\"true\" viewmaptext=\"MAPA CIUDAD\" parenturiprefix=\"bwidget:\" ignorebottomcontent=\"true\" embedurl=\"https:\/\/maps.spainbytrain.org\" embedmainuri=\"\/fr\/orihuela\" mapscrollwheel=\"false\" onfocus=\"\" onfocusout=\"\"><\/div>\r\n    <script type=\"text\/javascript\" src=\"https:\/\/maps.spainbytrain.org\/embed.js\"><\/script>\t\t\t\t<\/div>\n\t\t\t\t<\/div>\n\t\t\t\t\t<\/div>\n\t\t\t\t<\/div>\n\t\t\t\t<\/div>\n\t\t","protected":false},"excerpt":{"rendered":"<p>Orihuela EXP\u00c9RIENCES BILLETS DE TRAIN Orihuela, situ\u00e9e au sud de la province d\u2019Alicante, est une ville qui se distingue par son patrimoine culturel et naturel, dont le centre historique, class\u00e9 ensemble historico-artistique et monumental, est le principal repr\u00e9sentant. Ses festivit\u00e9s sont \u00e9galement remarquables, notamment la Semaine Sainte, d\u00e9clar\u00e9e d\u2019Int\u00e9r\u00eat touristique international. C\u2019est aussi la ville [&hellip;]<\/p>\n","protected":false},"author":2985,"featured_media":0,"parent":0,"menu_order":0,"comment_status":"closed","ping_status":"closed","template":"","meta":{"inline_featured_image":false,"footnotes":""},"class_list":["post-3864","page","type-page","status-publish","hentry"],"_links":{"self":[{"href":"https:\/\/spainbytrain.org\/fr\/wp-json\/wp\/v2\/pages\/3864","targetHints":{"allow":["GET"]}}],"collection":[{"href":"https:\/\/spainbytrain.org\/fr\/wp-json\/wp\/v2\/pages"}],"about":[{"href":"https:\/\/spainbytrain.org\/fr\/wp-json\/wp\/v2\/types\/page"}],"author":[{"embeddable":true,"href":"https:\/\/spainbytrain.org\/fr\/wp-json\/wp\/v2\/users\/2985"}],"replies":[{"embeddable":true,"href":"https:\/\/spainbytrain.org\/fr\/wp-json\/wp\/v2\/comments?post=3864"}],"version-history":[{"count":7,"href":"https:\/\/spainbytrain.org\/fr\/wp-json\/wp\/v2\/pages\/3864\/revisions"}],"predecessor-version":[{"id":4327,"href":"https:\/\/spainbytrain.org\/fr\/wp-json\/wp\/v2\/pages\/3864\/revisions\/4327"}],"wp:attachment":[{"href":"https:\/\/spainbytrain.org\/fr\/wp-json\/wp\/v2\/media?parent=3864"}],"curies":[{"name":"wp","href":"https:\/\/api.w.org\/{rel}","templated":true}]}}