{"id":3856,"date":"2025-11-21T09:36:49","date_gmt":"2025-11-21T08:36:49","guid":{"rendered":"https:\/\/spainbytrain.org\/madrid\/"},"modified":"2025-11-25T13:15:34","modified_gmt":"2025-11-25T12:15:34","slug":"madrid","status":"publish","type":"page","link":"https:\/\/spainbytrain.org\/fr\/madrid\/","title":{"rendered":"Madrid"},"content":{"rendered":"\t\t<div data-elementor-type=\"wp-page\" data-elementor-id=\"3856\" class=\"elementor elementor-3856 elementor-866\">\n\t\t\t\t<div class=\"elementor-element elementor-element-dbdf9eb contenedor-imagen e-con-full e-flex e-con e-parent\" data-id=\"dbdf9eb\" data-element_type=\"container\" data-e-type=\"container\" data-settings=\"{&quot;background_background&quot;:&quot;video&quot;,&quot;background_video_link&quot;:&quot;https:\\\/\\\/www.youtube.com\\\/watch?v=m7rd_4LjSn4&quot;,&quot;background_play_on_mobile&quot;:&quot;yes&quot;}\">\n\t\t<div class=\"elementor-background-video-container\">\n\t\t\t\t\t\t\t<div class=\"elementor-background-video-embed\" role=\"presentation\"><\/div>\n\t\t\t\t\t\t<\/div><div class=\"elementor-element elementor-element-b82119b texto-encima e-flex e-con-boxed e-con e-child\" data-id=\"b82119b\" data-element_type=\"container\" data-e-type=\"container\" data-settings=\"{&quot;position&quot;:&quot;absolute&quot;}\">\n\t\t\t\t\t<div class=\"e-con-inner\">\n\t\t\t\t<div class=\"elementor-element elementor-element-0775d00 elementor-widget elementor-widget-heading\" data-id=\"0775d00\" data-element_type=\"widget\" data-e-type=\"widget\" data-widget_type=\"heading.default\">\n\t\t\t\t<div class=\"elementor-widget-container\">\n\t\t\t\t\t<h1 class=\"elementor-heading-title elementor-size-default\">Madrid<\/h1>\t\t\t\t<\/div>\n\t\t\t\t<\/div>\n\t\t\t\t<div class=\"elementor-element elementor-element-4b4e17e elementor-widget elementor-widget-text-editor\" data-id=\"4b4e17e\" data-element_type=\"widget\" data-e-type=\"widget\" data-widget_type=\"text-editor.default\">\n\t\t\t\t<div class=\"elementor-widget-container\">\n\t\t\t\t\t\t\t\t\t<a class=\"boton\" href=\"https:\/\/www.civitatis.com\/es\/madrid\/?aid=108634\" target=\"_blank\" rel=\"noopener\">EXP\u00c9RIENCES <img decoding=\"async\" class=\"icono-flecha\" src=\"https:\/\/spainbytrain.org\/wp-content\/themes\/spainbytrain\/img\/icono-flecha.png\" alt=\"flecha\"> <img decoding=\"async\" class=\"logo-civitatis\" src=\"https:\/\/spainbytrain.org\/wp-content\/themes\/spainbytrain\/img\/civitatis_logo.png\" alt=\"civitatis\"><\/a>\n<a class=\"boton\" href=\"https:\/\/www.thetrainline.com\/es\" target=\"_blank\" rel=\"noopener\">\n BILLETS\n<img decoding=\"async\" class=\"logo-trainline\" src=\"https:\/\/spainbytrain.org\/wp-content\/uploads\/sites\/17\/2025\/11\/trainline-green-vectorial.png\" alt=\"trainline\"> DE TRAIN\n\n<img decoding=\"async\" class=\"icono-flecha\" src=\"https:\/\/spainbytrain.org\/wp-content\/themes\/spainbytrain\/img\/icono-flecha.png\" alt=\"flecha\">        <\/a> \t\t\t\t\t\t\t\t<\/div>\n\t\t\t\t<\/div>\n\t\t\t\t\t<\/div>\n\t\t\t\t<\/div>\n\t\t\t\t<\/div>\n\t\t<div class=\"elementor-element elementor-element-73e1210 e-con-full container-texto-ciudades e-flex e-con e-parent\" data-id=\"73e1210\" data-element_type=\"container\" data-e-type=\"container\">\n\t\t<div class=\"elementor-element elementor-element-209079d   e-con-full e-flex e-con e-child\" data-id=\"209079d\" data-element_type=\"container\" data-e-type=\"container\">\n\t\t\t\t<div class=\"elementor-element elementor-element-b76215c texto-columnas elementor-widget elementor-widget-text-editor\" data-id=\"b76215c\" data-element_type=\"widget\" data-e-type=\"widget\" data-widget_type=\"text-editor.default\">\n\t\t\t\t<div class=\"elementor-widget-container\">\n\t\t\t\t\t\t\t\t\t<p>Madrid, la capitale de l\u2019Espagne, est une ville vibrante qui allie histoire, culture et modernit\u00e9. Son impressionnant patrimoine comprend des monuments embl\u00e9matiques tels que le Palais Royal, la Puerta del Sol et la Plaza Mayor. Le Mus\u00e9e du Prado, le Mus\u00e9e Reina Sof\u00eda et le Mus\u00e9e Thyssen-Bornemisza forment le Triangle de l\u2019Art, l\u2019un des plus grands p\u00f4les culturels du monde. Madrid est \u00e9galement connue pour ses magnifiques parcs, comme le parc du Retiro, qui offrent une bouff\u00e9e d\u2019air frais en plein c\u0153ur de la ville. De plus, la vie nocturne madril\u00e8ne est c\u00e9l\u00e8bre, avec une grande vari\u00e9t\u00e9 de bars, de restaurants et de salles de musique. La gastronomie de Madrid se distingue par des plats traditionnels tels que le cocido madrile\u00f1o et les churros con chocolat. La ville est un important centre d\u2019affaires et propose une excellente offre de loisirs, de th\u00e9\u00e2tres et de festivals. Avec son climat ensoleill\u00e9, son m\u00e9lange d\u2019architecture historique et moderne et son ambiance chaleureuse, Madrid attire chaque ann\u00e9e des millions de visiteurs.       <\/p><p> <\/p><div class=\"contenedor-enlaces\"><img decoding=\"async\" src=\"https:\/\/spainbytrain.org\/wp-content\/themes\/spainbytrain\/img\/icono-de-mas.png\"><div class=\"enlaces\"><a href=\"https:\/\/www.esmadrid.com\" target=\"_blank\" rel=\"noopener\">esmadrid.com<\/a><\/div><\/div>\t\t\t\t\t\t\t\t<\/div>\n\t\t\t\t<\/div>\n\t\t\t\t<\/div>\n\t\t<div class=\"elementor-element elementor-element-51c65f8 e-con-full paddingImprescindible e-flex e-con e-child\" data-id=\"51c65f8\" data-element_type=\"container\" data-e-type=\"container\" id=\"containImprescindible\">\n\t\t\t\t<div class=\"elementor-element elementor-element-ac9f6e9 titulo-imprescindibles e-transform elementor-widget elementor-widget-heading\" data-id=\"ac9f6e9\" data-element_type=\"widget\" data-e-type=\"widget\" data-settings=\"{&quot;_transform_scale_effect&quot;:{&quot;unit&quot;:&quot;px&quot;,&quot;size&quot;:&quot;1&quot;,&quot;sizes&quot;:[]},&quot;_transform_scale_effect_tablet&quot;:{&quot;unit&quot;:&quot;px&quot;,&quot;size&quot;:&quot;&quot;,&quot;sizes&quot;:[]},&quot;_transform_scale_effect_mobile&quot;:{&quot;unit&quot;:&quot;px&quot;,&quot;size&quot;:&quot;&quot;,&quot;sizes&quot;:[]}}\" data-widget_type=\"heading.default\">\n\t\t\t\t<div class=\"elementor-widget-container\">\n\t\t\t\t\t<h1 class=\"elementor-heading-title elementor-size-default\">Incontournables<\/h1>\t\t\t\t<\/div>\n\t\t\t\t<\/div>\n\t\t\t\t<div class=\"elementor-element elementor-element-c3386a7 flecha elementor-widget elementor-widget-image\" data-id=\"c3386a7\" data-element_type=\"widget\" data-e-type=\"widget\" data-widget_type=\"image.default\">\n\t\t\t\t<div class=\"elementor-widget-container\">\n\t\t\t\t\t\t\t\t\t\t\t\t\t\t\t<img decoding=\"async\" src=\"https:\/\/spainbytrain.org\/wp-content\/uploads\/sites\/17\/elementor\/thumbs\/icono-flechaAbajo-r45dq4d0ug9renwown1dmgena0kljy5botiq78ifww.png\" title=\"icono-flechaAbajo\" alt=\"icono-flechaAbajo\" loading=\"lazy\" \/>\t\t\t\t\t\t\t\t\t\t\t\t\t\t\t<\/div>\n\t\t\t\t<\/div>\n\t\t\t\t<\/div>\n\t\t\t\t<\/div>\n\t\t<div class=\"elementor-element elementor-element-d33817c boldest_map_destino_wrapper e-flex e-con-boxed e-con e-parent\" data-id=\"d33817c\" data-element_type=\"container\" data-e-type=\"container\">\n\t\t\t\t\t<div class=\"e-con-inner\">\n\t\t\t\t<div class=\"elementor-element elementor-element-7115d15 boldest_map_destino elementor-widget elementor-widget-html\" data-id=\"7115d15\" data-element_type=\"widget\" data-e-type=\"widget\" data-widget_type=\"html.default\">\n\t\t\t\t<div class=\"elementor-widget-container\">\n\t\t\t\t\t<div id=\"bWidgetMap\" integration=\"segment\" topheight=\"40\" btncolor=\"#F1392D\" showcurtain=\"true\" showbuttons=\"true\" viewmaptext=\"MAPA CIUDAD\" parenturiprefix=\"bwidget:\" ignorebottomcontent=\"true\" embedurl=\"https:\/\/maps.spainbytrain.org\" embedmainuri=\"\/fr\/madrid\" mapscrollwheel=\"false\" onfocus=\"\" onfocusout=\"\"><\/div>\r\n    <script type=\"text\/javascript\" src=\"https:\/\/maps.spainbytrain.org\/embed.js\"><\/script>\t\t\t\t<\/div>\n\t\t\t\t<\/div>\n\t\t\t\t\t<\/div>\n\t\t\t\t<\/div>\n\t\t\t\t<\/div>\n\t\t","protected":false},"excerpt":{"rendered":"<p>Madrid EXP\u00c9RIENCES BILLETS DE TRAIN Madrid, la capitale de l\u2019Espagne, est une ville vibrante qui allie histoire, culture et modernit\u00e9. Son impressionnant patrimoine comprend des monuments embl\u00e9matiques tels que le Palais Royal, la Puerta del Sol et la Plaza Mayor. Le Mus\u00e9e du Prado, le Mus\u00e9e Reina Sof\u00eda et le Mus\u00e9e Thyssen-Bornemisza forment le Triangle [&hellip;]<\/p>\n","protected":false},"author":2985,"featured_media":0,"parent":0,"menu_order":0,"comment_status":"closed","ping_status":"closed","template":"","meta":{"inline_featured_image":false,"footnotes":""},"class_list":["post-3856","page","type-page","status-publish","hentry"],"_links":{"self":[{"href":"https:\/\/spainbytrain.org\/fr\/wp-json\/wp\/v2\/pages\/3856","targetHints":{"allow":["GET"]}}],"collection":[{"href":"https:\/\/spainbytrain.org\/fr\/wp-json\/wp\/v2\/pages"}],"about":[{"href":"https:\/\/spainbytrain.org\/fr\/wp-json\/wp\/v2\/types\/page"}],"author":[{"embeddable":true,"href":"https:\/\/spainbytrain.org\/fr\/wp-json\/wp\/v2\/users\/2985"}],"replies":[{"embeddable":true,"href":"https:\/\/spainbytrain.org\/fr\/wp-json\/wp\/v2\/comments?post=3856"}],"version-history":[{"count":8,"href":"https:\/\/spainbytrain.org\/fr\/wp-json\/wp\/v2\/pages\/3856\/revisions"}],"predecessor-version":[{"id":4318,"href":"https:\/\/spainbytrain.org\/fr\/wp-json\/wp\/v2\/pages\/3856\/revisions\/4318"}],"wp:attachment":[{"href":"https:\/\/spainbytrain.org\/fr\/wp-json\/wp\/v2\/media?parent=3856"}],"curies":[{"name":"wp","href":"https:\/\/api.w.org\/{rel}","templated":true}]}}