{"id":3854,"date":"2025-11-21T09:35:17","date_gmt":"2025-11-21T08:35:17","guid":{"rendered":"https:\/\/spainbytrain.org\/loja\/"},"modified":"2026-02-10T13:17:33","modified_gmt":"2026-02-10T12:17:33","slug":"loja","status":"publish","type":"page","link":"https:\/\/spainbytrain.org\/fr\/loja\/","title":{"rendered":"Loja"},"content":{"rendered":"\t\t<div data-elementor-type=\"wp-page\" data-elementor-id=\"3854\" class=\"elementor elementor-3854 elementor-855\">\n\t\t\t\t<div class=\"elementor-element elementor-element-f76dd8a contenedor-imagen e-flex e-con-boxed e-con e-parent\" data-id=\"f76dd8a\" data-element_type=\"container\" data-e-type=\"container\" data-settings=\"{&quot;background_background&quot;:&quot;video&quot;,&quot;background_video_link&quot;:&quot;https:\\\/\\\/www.youtube.com\\\/watch?v=IWRoL6oZ1qM&quot;,&quot;background_play_on_mobile&quot;:&quot;yes&quot;}\">\n\t\t\t\t\t<div class=\"e-con-inner\">\n\t\t<div class=\"elementor-background-video-container\">\n\t\t\t\t\t\t\t<div class=\"elementor-background-video-embed\" role=\"presentation\"><\/div>\n\t\t\t\t\t\t<\/div><div class=\"elementor-element elementor-element-aa48f15 texto-encima e-flex e-con-boxed e-con e-child\" data-id=\"aa48f15\" data-element_type=\"container\" data-e-type=\"container\" data-settings=\"{&quot;position&quot;:&quot;absolute&quot;}\">\n\t\t\t\t\t<div class=\"e-con-inner\">\n\t\t\t\t<div class=\"elementor-element elementor-element-8995f5a elementor-widget elementor-widget-heading\" data-id=\"8995f5a\" data-element_type=\"widget\" data-e-type=\"widget\" data-widget_type=\"heading.default\">\n\t\t\t\t<div class=\"elementor-widget-container\">\n\t\t\t\t\t<h1 class=\"elementor-heading-title elementor-size-default\">Loja<\/h1>\t\t\t\t<\/div>\n\t\t\t\t<\/div>\n\t\t\t\t<div class=\"elementor-element elementor-element-0127a44 elementor-widget elementor-widget-text-editor\" data-id=\"0127a44\" data-element_type=\"widget\" data-e-type=\"widget\" data-widget_type=\"text-editor.default\">\n\t\t\t\t<div class=\"elementor-widget-container\">\n\t\t\t\t\t\t\t\t\t<a class=\"boton\" href=\"https:\/\/www.civitatis.com\/\" target=\"_blank\" rel=\"noopener\">EXP\u00c9RIENCES <img decoding=\"async\" class=\"icono-flecha\" src=\"https:\/\/spainbytrain.org\/wp-content\/themes\/spainbytrain\/img\/icono-flecha.png\" alt=\"flecha\"> <img decoding=\"async\" class=\"logo-civitatis\" src=\"https:\/\/spainbytrain.org\/wp-content\/themes\/spainbytrain\/img\/civitatis_logo.png\" alt=\"civitatis\"><\/a>\n<a class=\"boton\" href=\"https:\/\/prf.hn\/click\/camref:1100l5aV2V\" target=\"_blank\" rel=\"noopener\">\nBILLETS DE TRAIN\n<img decoding=\"async\" class=\"icono-flecha\" src=\"https:\/\/spainbytrain.org\/wp-content\/themes\/spainbytrain\/img\/icono-flecha.png\" alt=\"flecha\">\n<img decoding=\"async\" class=\"logo-trainline\" src=\"https:\/\/spainbytrain.org\/wp-content\/uploads\/sites\/17\/2025\/11\/trainline-green-vectorial.png\" alt=\"trainline\">\n<\/a>\t\t\t\t\t\t\t\t<\/div>\n\t\t\t\t<\/div>\n\t\t\t\t\t<\/div>\n\t\t\t\t<\/div>\n\t\t\t\t\t<\/div>\n\t\t\t\t<\/div>\n\t\t<div class=\"elementor-element elementor-element-d27f579 e-con-full container-texto-ciudades e-flex e-con e-parent\" data-id=\"d27f579\" data-element_type=\"container\" data-e-type=\"container\">\n\t\t<div class=\"elementor-element elementor-element-5450913   e-con-full e-flex e-con e-child\" data-id=\"5450913\" data-element_type=\"container\" data-e-type=\"container\">\n\t\t\t\t<div class=\"elementor-element elementor-element-31aee16 texto-columnas elementor-widget elementor-widget-text-editor\" data-id=\"31aee16\" data-element_type=\"widget\" data-e-type=\"widget\" data-widget_type=\"text-editor.default\">\n\t\t\t\t<div class=\"elementor-widget-container\">\n\t\t\t\t\t\t\t\t\t<p>Loja, dans la province de Grenade, est une ville o\u00f9 l\u2019histoire se m\u00eale \u00e0 la beaut\u00e9 naturelle. <br>Connue comme la \u00ab Porte du Royaume de Grenade \u00bb, elle conserve dans son centre historique l\u2019empreinte d\u2019un pass\u00e9 splendide.<br>L\u2019Alcazaba, l\u2019\u00e9glise de l\u2019Incarnation et le mausol\u00e9e de Narv\u00e1ez \u00e9voquent des \u00e9poques m\u00e9di\u00e9vale, renaissante et contemporaine, qui ont laiss\u00e9 leur marque dans la pierre et la l\u00e9gende.<br>Son environnement naturel est un privil\u00e8ge.<br>Les Infiernos de Loja, avec leurs cascades et leurs gorges, et la source du r\u00edo Fr\u00edo, aux eaux pures et cristallines, montrent la force du paysage andalou.<br>La Sierra de Loja, class\u00e9e Zone sp\u00e9ciale de conservation, invite \u00e0 la randonn\u00e9e et \u00e0 la contemplation d\u2019horizons infinis.<br>La gastronomie loje\u00f1a compl\u00e8te l\u2019exp\u00e9rience avec des saveurs authentiques : l\u2019agneau de Loja, la truite, le caviar et les roscos de Loja sont des embl\u00e8mes d\u2019une tradition vivante. Avec son ambiance sereine et son riche patrimoine, Loja offre au voyageur histoire, nature et hospitalit\u00e9 andalouse. <\/p><div class=\"contenedor-enlaces\"> <\/div>\t\t\t\t\t\t\t\t<\/div>\n\t\t\t\t<\/div>\n\t\t\t\t<\/div>\n\t\t<div class=\"elementor-element elementor-element-0232e0c e-con-full paddingImprescindible e-flex e-con e-child\" data-id=\"0232e0c\" data-element_type=\"container\" data-e-type=\"container\" id=\"containImprescindible\">\n\t\t\t\t<div class=\"elementor-element elementor-element-9bbfd95 titulo-imprescindibles e-transform elementor-widget elementor-widget-heading\" data-id=\"9bbfd95\" data-element_type=\"widget\" data-e-type=\"widget\" data-settings=\"{&quot;_transform_scale_effect&quot;:{&quot;unit&quot;:&quot;px&quot;,&quot;size&quot;:&quot;1&quot;,&quot;sizes&quot;:[]},&quot;_transform_scale_effect_tablet&quot;:{&quot;unit&quot;:&quot;px&quot;,&quot;size&quot;:&quot;&quot;,&quot;sizes&quot;:[]},&quot;_transform_scale_effect_mobile&quot;:{&quot;unit&quot;:&quot;px&quot;,&quot;size&quot;:&quot;&quot;,&quot;sizes&quot;:[]}}\" data-widget_type=\"heading.default\">\n\t\t\t\t<div class=\"elementor-widget-container\">\n\t\t\t\t\t<h1 class=\"elementor-heading-title elementor-size-default\">Incontournables<\/h1>\t\t\t\t<\/div>\n\t\t\t\t<\/div>\n\t\t\t\t<div class=\"elementor-element elementor-element-ee39b2e flecha elementor-widget elementor-widget-image\" data-id=\"ee39b2e\" data-element_type=\"widget\" data-e-type=\"widget\" data-widget_type=\"image.default\">\n\t\t\t\t<div class=\"elementor-widget-container\">\n\t\t\t\t\t\t\t\t\t\t\t\t\t\t\t<img decoding=\"async\" src=\"https:\/\/spainbytrain.org\/wp-content\/uploads\/sites\/17\/elementor\/thumbs\/icono-flechaAbajo-r45dq4d0ug9renwown1dmgena0kljy5botiq78ifww.png\" title=\"icono-flechaAbajo\" alt=\"icono-flechaAbajo\" loading=\"lazy\" \/>\t\t\t\t\t\t\t\t\t\t\t\t\t\t\t<\/div>\n\t\t\t\t<\/div>\n\t\t\t\t<\/div>\n\t\t\t\t<\/div>\n\t\t<div class=\"elementor-element elementor-element-f4a916b boldest_map_destino_wrapper e-flex e-con-boxed e-con e-parent\" data-id=\"f4a916b\" data-element_type=\"container\" data-e-type=\"container\">\n\t\t\t\t\t<div class=\"e-con-inner\">\n\t\t\t\t<div class=\"elementor-element elementor-element-133df25 boldest_map_destino elementor-widget elementor-widget-html\" data-id=\"133df25\" data-element_type=\"widget\" data-e-type=\"widget\" data-widget_type=\"html.default\">\n\t\t\t\t<div class=\"elementor-widget-container\">\n\t\t\t\t\t<div id=\"bWidgetMap\" integration=\"segment\" topheight=\"40\" btncolor=\"#F1392D\" showcurtain=\"true\" showbuttons=\"true\" viewmaptext=\"MAPA CIUDAD\" parenturiprefix=\"bwidget:\" ignorebottomcontent=\"true\" embedurl=\"https:\/\/maps.spainbytrain.org\" embedmainuri=\"\/fr\/loja\" mapscrollwheel=\"false\" onfocus=\"\" onfocusout=\"\"><\/div>\r\n    <script type=\"text\/javascript\" src=\"https:\/\/maps.spainbytrain.org\/embed.js\"><\/script>\t\t\t\t<\/div>\n\t\t\t\t<\/div>\n\t\t\t\t\t<\/div>\n\t\t\t\t<\/div>\n\t\t\t\t<\/div>\n\t\t","protected":false},"excerpt":{"rendered":"<p>Loja EXP\u00c9RIENCES BILLETS DE TRAIN Loja, dans la province de Grenade, est une ville o\u00f9 l\u2019histoire se m\u00eale \u00e0 la beaut\u00e9 naturelle. Connue comme la \u00ab Porte du Royaume de Grenade \u00bb, elle conserve dans son centre historique l\u2019empreinte d\u2019un pass\u00e9 splendide.L\u2019Alcazaba, l\u2019\u00e9glise de l\u2019Incarnation et le mausol\u00e9e de Narv\u00e1ez \u00e9voquent des \u00e9poques m\u00e9di\u00e9vale, renaissante [&hellip;]<\/p>\n","protected":false},"author":2985,"featured_media":0,"parent":0,"menu_order":0,"comment_status":"closed","ping_status":"closed","template":"","meta":{"inline_featured_image":false,"footnotes":""},"class_list":["post-3854","page","type-page","status-publish","hentry"],"_links":{"self":[{"href":"https:\/\/spainbytrain.org\/fr\/wp-json\/wp\/v2\/pages\/3854","targetHints":{"allow":["GET"]}}],"collection":[{"href":"https:\/\/spainbytrain.org\/fr\/wp-json\/wp\/v2\/pages"}],"about":[{"href":"https:\/\/spainbytrain.org\/fr\/wp-json\/wp\/v2\/types\/page"}],"author":[{"embeddable":true,"href":"https:\/\/spainbytrain.org\/fr\/wp-json\/wp\/v2\/users\/2985"}],"replies":[{"embeddable":true,"href":"https:\/\/spainbytrain.org\/fr\/wp-json\/wp\/v2\/comments?post=3854"}],"version-history":[{"count":6,"href":"https:\/\/spainbytrain.org\/fr\/wp-json\/wp\/v2\/pages\/3854\/revisions"}],"predecessor-version":[{"id":4549,"href":"https:\/\/spainbytrain.org\/fr\/wp-json\/wp\/v2\/pages\/3854\/revisions\/4549"}],"wp:attachment":[{"href":"https:\/\/spainbytrain.org\/fr\/wp-json\/wp\/v2\/media?parent=3854"}],"curies":[{"name":"wp","href":"https:\/\/api.w.org\/{rel}","templated":true}]}}