{"id":3843,"date":"2025-11-21T09:24:57","date_gmt":"2025-11-21T08:24:57","guid":{"rendered":"https:\/\/spainbytrain.org\/figueres\/"},"modified":"2025-11-25T13:08:32","modified_gmt":"2025-11-25T12:08:32","slug":"figueres","status":"publish","type":"page","link":"https:\/\/spainbytrain.org\/fr\/figueres\/","title":{"rendered":"Figueres"},"content":{"rendered":"\t\t<div data-elementor-type=\"wp-page\" data-elementor-id=\"3843\" class=\"elementor elementor-3843 elementor-792\">\n\t\t\t\t<div class=\"elementor-element elementor-element-9248300 contenedor-imagen e-flex e-con-boxed e-con e-parent\" data-id=\"9248300\" data-element_type=\"container\" data-e-type=\"container\" data-settings=\"{&quot;background_background&quot;:&quot;video&quot;,&quot;background_video_link&quot;:&quot;https:\\\/\\\/youtu.be\\\/cEfDb5NDfMc&quot;,&quot;background_play_on_mobile&quot;:&quot;yes&quot;}\">\n\t\t\t\t\t<div class=\"e-con-inner\">\n\t\t<div class=\"elementor-background-video-container\">\n\t\t\t\t\t\t\t<div class=\"elementor-background-video-embed\" role=\"presentation\"><\/div>\n\t\t\t\t\t\t<\/div><div class=\"elementor-element elementor-element-ffbeff9 texto-encima e-flex e-con-boxed e-con e-child\" data-id=\"ffbeff9\" data-element_type=\"container\" data-e-type=\"container\" data-settings=\"{&quot;position&quot;:&quot;absolute&quot;}\">\n\t\t\t\t\t<div class=\"e-con-inner\">\n\t\t\t\t<div class=\"elementor-element elementor-element-0b4576a elementor-widget elementor-widget-heading\" data-id=\"0b4576a\" data-element_type=\"widget\" data-e-type=\"widget\" data-widget_type=\"heading.default\">\n\t\t\t\t<div class=\"elementor-widget-container\">\n\t\t\t\t\t<h1 class=\"elementor-heading-title elementor-size-default\">Figueres<\/h1>\t\t\t\t<\/div>\n\t\t\t\t<\/div>\n\t\t\t\t<div class=\"elementor-element elementor-element-ba12be9 elementor-widget elementor-widget-text-editor\" data-id=\"ba12be9\" data-element_type=\"widget\" data-e-type=\"widget\" data-widget_type=\"text-editor.default\">\n\t\t\t\t<div class=\"elementor-widget-container\">\n\t\t\t\t\t\t\t\t\t<a class=\"boton\" href=\"https:\/\/www.civitatis.com\/es\/figueras\/?aid=108634\" target=\"_blank\" rel=\"noopener\">EXP\u00c9RIENCES <img decoding=\"async\" class=\"icono-flecha\" src=\"https:\/\/spainbytrain.org\/wp-content\/themes\/spainbytrain\/img\/icono-flecha.png\" alt=\"flecha\"> <img decoding=\"async\" class=\"logo-civitatis\" src=\"https:\/\/spainbytrain.org\/wp-content\/themes\/spainbytrain\/img\/civitatis_logo.png\" alt=\"civitatis\"><\/a>\n<a class=\"boton\" href=\"https:\/\/www.thetrainline.com\/es\" target=\"_blank\" rel=\"noopener\">\n BILLETS\n<img decoding=\"async\" class=\"logo-trainline\" src=\"https:\/\/spainbytrain.org\/wp-content\/uploads\/sites\/17\/2025\/11\/trainline-green-vectorial.png\" alt=\"trainline\"> DE TRAIN\n\n<img decoding=\"async\" class=\"icono-flecha\" src=\"https:\/\/spainbytrain.org\/wp-content\/themes\/spainbytrain\/img\/icono-flecha.png\" alt=\"flecha\">        <\/a> \t\t\t\t\t\t\t\t<\/div>\n\t\t\t\t<\/div>\n\t\t\t\t\t<\/div>\n\t\t\t\t<\/div>\n\t\t\t\t\t<\/div>\n\t\t\t\t<\/div>\n\t\t<div class=\"elementor-element elementor-element-1f73e1a e-con-full container-texto-ciudades e-flex e-con e-parent\" data-id=\"1f73e1a\" data-element_type=\"container\" data-e-type=\"container\">\n\t\t<div class=\"elementor-element elementor-element-27efca9   e-con-full e-flex e-con e-child\" data-id=\"27efca9\" data-element_type=\"container\" data-e-type=\"container\">\n\t\t\t\t<div class=\"elementor-element elementor-element-fb8b778 texto-columnas elementor-widget elementor-widget-text-editor\" data-id=\"fb8b778\" data-element_type=\"widget\" data-e-type=\"widget\" data-widget_type=\"text-editor.default\">\n\t\t\t\t<div class=\"elementor-widget-container\">\n\t\t\t\t\t\t\t\t\t<p>Figueres est l\u2019\u00e9picentre du territoire de l\u2019Alt Empord\u00e0 ; ses principaux attraits sont le paysage, la culture et l\u2019histoire. Elle est situ\u00e9e \u00e0 quinze kilom\u00e8tres de la mer M\u00e9diterran\u00e9e, au pied des Pyr\u00e9n\u00e9es et entour\u00e9e de trois parcs naturels. Vous serez surpris par le Th\u00e9\u00e2tre-Mus\u00e9e Dal\u00ed, con\u00e7u par l\u2019artiste lui-m\u00eame, et par l\u2019exp\u00e9rience immersive de la Maison Natale Salvador Dal\u00ed ; vous y trouverez \u00e9galement d\u2019autres mus\u00e9es comme le Mus\u00e9e du Jouet de Catalogne, le Mus\u00e9e de l\u2019Empord\u00e0 et le Mus\u00e9e de la Technique de l\u2019Empord\u00e0, ainsi que la plus grande forteresse d\u2019Europe.    <b>del s. XVIII <\/b>, le ch\u00e2teau de Sant Ferran, o\u00f9 l\u2019on peut visiter les tunnels et citernes souterrains.<br>Pour mieux conna\u00eetre les secrets du monde surr\u00e9aliste de Salvador Dal\u00ed et l\u2019histoire de la ville, rien de tel que de participer \u00e0 des visites guid\u00e9es comme la Route Dal\u00ed, \u00ab Dal\u00ed et Lorca \u00e0 Figueres \u00bb ou la Route Historique de la Guerre Civile. Et ne manquez pas l\u2019offre gastronomique, un m\u00e9lange de tradition et de cr\u00e9ativit\u00e9, des produits de la mer et de la montagne provenant de producteurs locaux, ainsi que de bons vins, ceux de l\u2019A.O. Empord\u00e0. <\/p><div class=\"contenedor-enlaces\"><p><img decoding=\"async\" src=\"https:\/\/spainbytrain.org\/wp-content\/themes\/spainbytrain\/img\/icono-de-mas.png\"><\/p><div class=\"enlaces\"><a href=\"https:\/\/visitfigueres.cat\/es\/\" target=\"_blank\" rel=\"noopener\">visitfigueres.cat<\/a><\/div><\/div>\t\t\t\t\t\t\t\t<\/div>\n\t\t\t\t<\/div>\n\t\t\t\t<\/div>\n\t\t<div class=\"elementor-element elementor-element-a4de5af e-con-full paddingImprescindible e-flex e-con e-child\" data-id=\"a4de5af\" data-element_type=\"container\" data-e-type=\"container\" id=\"containImprescindible\">\n\t\t\t\t<div class=\"elementor-element elementor-element-9b64bd8 titulo-imprescindibles e-transform elementor-widget elementor-widget-heading\" data-id=\"9b64bd8\" data-element_type=\"widget\" data-e-type=\"widget\" data-settings=\"{&quot;_transform_scale_effect&quot;:{&quot;unit&quot;:&quot;px&quot;,&quot;size&quot;:&quot;1&quot;,&quot;sizes&quot;:[]},&quot;_transform_scale_effect_tablet&quot;:{&quot;unit&quot;:&quot;px&quot;,&quot;size&quot;:&quot;&quot;,&quot;sizes&quot;:[]},&quot;_transform_scale_effect_mobile&quot;:{&quot;unit&quot;:&quot;px&quot;,&quot;size&quot;:&quot;&quot;,&quot;sizes&quot;:[]}}\" data-widget_type=\"heading.default\">\n\t\t\t\t<div class=\"elementor-widget-container\">\n\t\t\t\t\t<h1 class=\"elementor-heading-title elementor-size-default\">Incontournables<\/h1>\t\t\t\t<\/div>\n\t\t\t\t<\/div>\n\t\t\t\t<div class=\"elementor-element elementor-element-bfa7f90 flecha elementor-widget elementor-widget-image\" data-id=\"bfa7f90\" data-element_type=\"widget\" data-e-type=\"widget\" data-widget_type=\"image.default\">\n\t\t\t\t<div class=\"elementor-widget-container\">\n\t\t\t\t\t\t\t\t\t\t\t\t\t\t\t<img decoding=\"async\" src=\"https:\/\/spainbytrain.org\/wp-content\/uploads\/sites\/17\/elementor\/thumbs\/icono-flechaAbajo-r45dq4d0ug9renwown1dmgena0kljy5botiq78ifww.png\" title=\"icono-flechaAbajo\" alt=\"icono-flechaAbajo\" loading=\"lazy\" \/>\t\t\t\t\t\t\t\t\t\t\t\t\t\t\t<\/div>\n\t\t\t\t<\/div>\n\t\t\t\t<\/div>\n\t\t\t\t<\/div>\n\t\t<div class=\"elementor-element elementor-element-0be3160 boldest_map_destino_wrapper e-flex e-con-boxed e-con e-parent\" data-id=\"0be3160\" data-element_type=\"container\" data-e-type=\"container\">\n\t\t\t\t\t<div class=\"e-con-inner\">\n\t\t\t\t<div class=\"elementor-element elementor-element-11b6007 boldest_map_destino elementor-widget elementor-widget-html\" data-id=\"11b6007\" data-element_type=\"widget\" data-e-type=\"widget\" data-widget_type=\"html.default\">\n\t\t\t\t<div class=\"elementor-widget-container\">\n\t\t\t\t\t<div id=\"bWidgetMap\" integration=\"segment\" topheight=\"40\" btncolor=\"#F1392D\" showcurtain=\"true\" showbuttons=\"true\" viewmaptext=\"MAPA CIUDAD\" parenturiprefix=\"bwidget:\" ignorebottomcontent=\"true\" embedurl=\"https:\/\/maps.spainbytrain.org\" embedmainuri=\"\/fr\/figueres\" mapscrollwheel=\"false\" onfocus=\"\" onfocusout=\"\"><\/div>\r\n    <script type=\"text\/javascript\" src=\"https:\/\/maps.spainbytrain.org\/embed.js\"><\/script>\r\n    \r\n\t\t\t\t<\/div>\n\t\t\t\t<\/div>\n\t\t\t\t\t<\/div>\n\t\t\t\t<\/div>\n\t\t\t\t<\/div>\n\t\t","protected":false},"excerpt":{"rendered":"<p>Figueres EXP\u00c9RIENCES BILLETS DE TRAIN Figueres est l\u2019\u00e9picentre du territoire de l\u2019Alt Empord\u00e0 ; ses principaux attraits sont le paysage, la culture et l\u2019histoire. Elle est situ\u00e9e \u00e0 quinze kilom\u00e8tres de la mer M\u00e9diterran\u00e9e, au pied des Pyr\u00e9n\u00e9es et entour\u00e9e de trois parcs naturels. Vous serez surpris par le Th\u00e9\u00e2tre-Mus\u00e9e Dal\u00ed, con\u00e7u par l\u2019artiste lui-m\u00eame, [&hellip;]<\/p>\n","protected":false},"author":2985,"featured_media":0,"parent":0,"menu_order":0,"comment_status":"closed","ping_status":"closed","template":"","meta":{"inline_featured_image":false,"footnotes":""},"class_list":["post-3843","page","type-page","status-publish","hentry"],"_links":{"self":[{"href":"https:\/\/spainbytrain.org\/fr\/wp-json\/wp\/v2\/pages\/3843","targetHints":{"allow":["GET"]}}],"collection":[{"href":"https:\/\/spainbytrain.org\/fr\/wp-json\/wp\/v2\/pages"}],"about":[{"href":"https:\/\/spainbytrain.org\/fr\/wp-json\/wp\/v2\/types\/page"}],"author":[{"embeddable":true,"href":"https:\/\/spainbytrain.org\/fr\/wp-json\/wp\/v2\/users\/2985"}],"replies":[{"embeddable":true,"href":"https:\/\/spainbytrain.org\/fr\/wp-json\/wp\/v2\/comments?post=3843"}],"version-history":[{"count":8,"href":"https:\/\/spainbytrain.org\/fr\/wp-json\/wp\/v2\/pages\/3843\/revisions"}],"predecessor-version":[{"id":4304,"href":"https:\/\/spainbytrain.org\/fr\/wp-json\/wp\/v2\/pages\/3843\/revisions\/4304"}],"wp:attachment":[{"href":"https:\/\/spainbytrain.org\/fr\/wp-json\/wp\/v2\/media?parent=3843"}],"curies":[{"name":"wp","href":"https:\/\/api.w.org\/{rel}","templated":true}]}}