{"id":3838,"date":"2025-11-21T09:11:04","date_gmt":"2025-11-21T08:11:04","guid":{"rendered":"https:\/\/spainbytrain.org\/cordoba\/"},"modified":"2025-11-25T13:07:20","modified_gmt":"2025-11-25T12:07:20","slug":"cordoba","status":"publish","type":"page","link":"https:\/\/spainbytrain.org\/fr\/cordoba\/","title":{"rendered":"C\u00f3rdoba"},"content":{"rendered":"\t\t<div data-elementor-type=\"wp-page\" data-elementor-id=\"3838\" class=\"elementor elementor-3838 elementor-763\">\n\t\t\t\t<div class=\"elementor-element elementor-element-312fd53 contenedor-imagen e-flex e-con-boxed e-con e-parent\" data-id=\"312fd53\" data-element_type=\"container\" data-e-type=\"container\" data-settings=\"{&quot;background_background&quot;:&quot;video&quot;,&quot;background_video_link&quot;:&quot;https:\\\/\\\/www.youtube.com\\\/watch?v=9fQAvl4m5gI&quot;,&quot;background_play_on_mobile&quot;:&quot;yes&quot;}\">\n\t\t\t\t\t<div class=\"e-con-inner\">\n\t\t<div class=\"elementor-background-video-container\">\n\t\t\t\t\t\t\t<div class=\"elementor-background-video-embed\" role=\"presentation\"><\/div>\n\t\t\t\t\t\t<\/div><div class=\"elementor-element elementor-element-af3a94c texto-encima e-flex e-con-boxed e-con e-child\" data-id=\"af3a94c\" data-element_type=\"container\" data-e-type=\"container\" data-settings=\"{&quot;position&quot;:&quot;absolute&quot;}\">\n\t\t\t\t\t<div class=\"e-con-inner\">\n\t\t\t\t<div class=\"elementor-element elementor-element-9b12519 elementor-widget elementor-widget-heading\" data-id=\"9b12519\" data-element_type=\"widget\" data-e-type=\"widget\" data-widget_type=\"heading.default\">\n\t\t\t\t<div class=\"elementor-widget-container\">\n\t\t\t\t\t<h1 class=\"elementor-heading-title elementor-size-default\">C\u00f3rdoba<\/h1>\t\t\t\t<\/div>\n\t\t\t\t<\/div>\n\t\t\t\t<div class=\"elementor-element elementor-element-9edc475 elementor-widget elementor-widget-text-editor\" data-id=\"9edc475\" data-element_type=\"widget\" data-e-type=\"widget\" data-widget_type=\"text-editor.default\">\n\t\t\t\t<div class=\"elementor-widget-container\">\n\t\t\t\t\t\t\t\t\t<a class=\"boton\" href=\"https:\/\/www.civitatis.com\/es\/cordoba\/?aid=108634\" target=\"_blank\" rel=\"noopener\">EXP\u00c9RIENCES <img decoding=\"async\" class=\"icono-flecha\" src=\"https:\/\/spainbytrain.org\/wp-content\/themes\/spainbytrain\/img\/icono-flecha.png\" alt=\"flecha\"> <img decoding=\"async\" class=\"logo-civitatis\" src=\"https:\/\/spainbytrain.org\/wp-content\/themes\/spainbytrain\/img\/civitatis_logo.png\" alt=\"civitatis\"><\/a>\n<a class=\"boton\" href=\"https:\/\/www.thetrainline.com\/es\" target=\"_blank\" rel=\"noopener\">\n BILLETS\n<img decoding=\"async\" class=\"logo-trainline\" src=\"https:\/\/spainbytrain.org\/wp-content\/uploads\/sites\/17\/2025\/11\/trainline-green-vectorial.png\" alt=\"trainline\"> DE TRAIN\n\n<img decoding=\"async\" class=\"icono-flecha\" src=\"https:\/\/spainbytrain.org\/wp-content\/themes\/spainbytrain\/img\/icono-flecha.png\" alt=\"flecha\">        <\/a> \t\t\t\t\t\t\t\t<\/div>\n\t\t\t\t<\/div>\n\t\t\t\t\t<\/div>\n\t\t\t\t<\/div>\n\t\t\t\t\t<\/div>\n\t\t\t\t<\/div>\n\t\t<div class=\"elementor-element elementor-element-cfbc525 e-con-full container-texto-ciudades e-flex e-con e-parent\" data-id=\"cfbc525\" data-element_type=\"container\" data-e-type=\"container\">\n\t\t<div class=\"elementor-element elementor-element-feac649   e-con-full e-flex e-con e-child\" data-id=\"feac649\" data-element_type=\"container\" data-e-type=\"container\">\n\t\t\t\t<div class=\"elementor-element elementor-element-01f0b46 texto-columnas elementor-widget elementor-widget-text-editor\" data-id=\"01f0b46\" data-element_type=\"widget\" data-e-type=\"widget\" data-widget_type=\"text-editor.default\">\n\t\t\t\t<div class=\"elementor-widget-container\">\n\t\t\t\t\t\t\t\t\t<p><strong>C\u00f3rdoba<\/strong>, c\u2019est l\u2019histoire et le patrimoine. Son principal atout est son patrimoine monumental, avec la <strong>Mosqu\u00e9e-Cath\u00e9drale<\/strong> comme r\u00e9f\u00e9rence embl\u00e9matique. Son vaste centre historique abrite des monuments tels que <g id=\"gid_1\">l\u2019Alc\u00e1zar des Rois Catholiques<\/g>, <g id=\"gid_2\">la Synagogue<\/g>,<g id=\"gid_3\"> la Tour de la Calahorra<\/g>,<g id=\"gid_4\"> le Pont Romain ou les \u00c9curies Royales<\/g>. Cordoue est c\u00e9l\u00e8bre pour ses Patios, d\u00e9clar\u00e9s Patrimoine culturel immat\u00e9riel de l\u2019Humanit\u00e9, ainsi que pour son agenda culturel : Festival de la Guitare, FLORA, la D\u00e9gustation de Vin, la Foire de Mai, Cosmopo\u00e9tica, Cabalcor, etc. Le flamenco et le Cheval Pure Race Espagnole occupent une place importante dans son patrimoine culturel et identitaire. Sa riche gastronomie conserve dans ses recettes l\u2019h\u00e9ritage des cultures qui ont fa\u00e7onn\u00e9 son histoire.  <\/p>\n<p>Entour\u00e9e de magnifiques paysages naturels, comme la Sierra Morena, le Parc naturel de Hornachuelos et celui des Sierras Subb\u00e9ticas, Cordoue allie le charme historique \u00e0 la beaut\u00e9 de la nature.<br> <br> <br><\/p>\n<div class=\"contenedor-enlaces\">\n<p><img decoding=\"async\" src=\"https:\/\/spainbytrain.org\/wp-content\/themes\/spainbytrain\/img\/icono-de-mas.png\"><\/p>\n<div class=\"enlaces\"><a href=\"https:\/\/www.turismodecordoba.org\/\" target=\"_blank\" rel=\"noopener\">turismodecordoba.org<\/a><\/div>\n<\/div>\t\t\t\t\t\t\t\t<\/div>\n\t\t\t\t<\/div>\n\t\t\t\t<\/div>\n\t\t<div class=\"elementor-element elementor-element-4eedc36 e-con-full paddingImprescindible e-flex e-con e-child\" data-id=\"4eedc36\" data-element_type=\"container\" data-e-type=\"container\" id=\"containImprescindible\">\n\t\t\t\t<div class=\"elementor-element elementor-element-d005b93 titulo-imprescindibles e-transform elementor-widget elementor-widget-heading\" data-id=\"d005b93\" data-element_type=\"widget\" data-e-type=\"widget\" data-settings=\"{&quot;_transform_scale_effect&quot;:{&quot;unit&quot;:&quot;px&quot;,&quot;size&quot;:&quot;1&quot;,&quot;sizes&quot;:[]},&quot;_transform_scale_effect_tablet&quot;:{&quot;unit&quot;:&quot;px&quot;,&quot;size&quot;:&quot;&quot;,&quot;sizes&quot;:[]},&quot;_transform_scale_effect_mobile&quot;:{&quot;unit&quot;:&quot;px&quot;,&quot;size&quot;:&quot;&quot;,&quot;sizes&quot;:[]}}\" data-widget_type=\"heading.default\">\n\t\t\t\t<div class=\"elementor-widget-container\">\n\t\t\t\t\t<h1 class=\"elementor-heading-title elementor-size-default\">Incontournables<\/h1>\t\t\t\t<\/div>\n\t\t\t\t<\/div>\n\t\t\t\t<div class=\"elementor-element elementor-element-e1d0c0f flecha elementor-widget elementor-widget-image\" data-id=\"e1d0c0f\" data-element_type=\"widget\" data-e-type=\"widget\" data-widget_type=\"image.default\">\n\t\t\t\t<div class=\"elementor-widget-container\">\n\t\t\t\t\t\t\t\t\t\t\t\t\t\t\t<img decoding=\"async\" src=\"https:\/\/spainbytrain.org\/wp-content\/uploads\/sites\/17\/elementor\/thumbs\/icono-flechaAbajo-r45dq4d0ug9renwown1dmgena0kljy5botiq78ifww.png\" title=\"icono-flechaAbajo\" alt=\"icono-flechaAbajo\" loading=\"lazy\" \/>\t\t\t\t\t\t\t\t\t\t\t\t\t\t\t<\/div>\n\t\t\t\t<\/div>\n\t\t\t\t<\/div>\n\t\t\t\t<\/div>\n\t\t<div class=\"elementor-element elementor-element-8fba021 boldest_map_destino_wrapper e-flex e-con-boxed e-con e-parent\" data-id=\"8fba021\" data-element_type=\"container\" data-e-type=\"container\">\n\t\t\t\t\t<div class=\"e-con-inner\">\n\t\t\t\t<div class=\"elementor-element elementor-element-044288d boldest_map_destino elementor-widget elementor-widget-html\" data-id=\"044288d\" data-element_type=\"widget\" data-e-type=\"widget\" data-widget_type=\"html.default\">\n\t\t\t\t<div class=\"elementor-widget-container\">\n\t\t\t\t\t<div id=\"bWidgetMap\" integration=\"segment\" topheight=\"40\" btncolor=\"#F1392D\" showcurtain=\"true\" showbuttons=\"true\" viewmaptext=\"MAPA CIUDAD\" parenturiprefix=\"bwidget:\" ignorebottomcontent=\"true\" embedurl=\"https:\/\/maps.spainbytrain.org\" embedmainuri=\"\/fr\/cordoba\" mapscrollwheel=\"false\" onfocus=\"\" onfocusout=\"\"><\/div>\r\n    <script type=\"text\/javascript\" src=\"https:\/\/maps.spainbytrain.org\/embed.js\"><\/script>\r\n\t\t\t\t<\/div>\n\t\t\t\t<\/div>\n\t\t\t\t\t<\/div>\n\t\t\t\t<\/div>\n\t\t\t\t<\/div>\n\t\t","protected":false},"excerpt":{"rendered":"<p>C\u00f3rdoba EXP\u00c9RIENCES BILLETS DE TRAIN C\u00f3rdoba, c\u2019est l\u2019histoire et le patrimoine. Son principal atout est son patrimoine monumental, avec la Mosqu\u00e9e-Cath\u00e9drale comme r\u00e9f\u00e9rence embl\u00e9matique. Son vaste centre historique abrite des monuments tels que l\u2019Alc\u00e1zar des Rois Catholiques, la Synagogue, la Tour de la Calahorra, le Pont Romain ou les \u00c9curies Royales. Cordoue est c\u00e9l\u00e8bre pour [&hellip;]<\/p>\n","protected":false},"author":2985,"featured_media":0,"parent":0,"menu_order":0,"comment_status":"closed","ping_status":"closed","template":"","meta":{"inline_featured_image":false,"footnotes":""},"class_list":["post-3838","page","type-page","status-publish","hentry"],"_links":{"self":[{"href":"https:\/\/spainbytrain.org\/fr\/wp-json\/wp\/v2\/pages\/3838","targetHints":{"allow":["GET"]}}],"collection":[{"href":"https:\/\/spainbytrain.org\/fr\/wp-json\/wp\/v2\/pages"}],"about":[{"href":"https:\/\/spainbytrain.org\/fr\/wp-json\/wp\/v2\/types\/page"}],"author":[{"embeddable":true,"href":"https:\/\/spainbytrain.org\/fr\/wp-json\/wp\/v2\/users\/2985"}],"replies":[{"embeddable":true,"href":"https:\/\/spainbytrain.org\/fr\/wp-json\/wp\/v2\/comments?post=3838"}],"version-history":[{"count":6,"href":"https:\/\/spainbytrain.org\/fr\/wp-json\/wp\/v2\/pages\/3838\/revisions"}],"predecessor-version":[{"id":4301,"href":"https:\/\/spainbytrain.org\/fr\/wp-json\/wp\/v2\/pages\/3838\/revisions\/4301"}],"wp:attachment":[{"href":"https:\/\/spainbytrain.org\/fr\/wp-json\/wp\/v2\/media?parent=3838"}],"curies":[{"name":"wp","href":"https:\/\/api.w.org\/{rel}","templated":true}]}}