{"id":3835,"date":"2025-11-21T09:03:07","date_gmt":"2025-11-21T08:03:07","guid":{"rendered":"https:\/\/spainbytrain.org\/castellon\/"},"modified":"2025-11-28T11:32:32","modified_gmt":"2025-11-28T10:32:32","slug":"castellon","status":"publish","type":"page","link":"https:\/\/spainbytrain.org\/fr\/castellon\/","title":{"rendered":"Castell\u00f3n"},"content":{"rendered":"\t\t<div data-elementor-type=\"wp-page\" data-elementor-id=\"3835\" class=\"elementor elementor-3835 elementor-550\">\n\t\t\t\t<div class=\"elementor-element elementor-element-2231daa contenedor-imagen e-con-full e-flex e-con e-parent\" data-id=\"2231daa\" data-element_type=\"container\" data-e-type=\"container\" data-settings=\"{&quot;background_background&quot;:&quot;video&quot;,&quot;background_video_link&quot;:&quot;https:\\\/\\\/www.youtube.com\\\/watch?v=4H3XTcqT9Z8&quot;,&quot;background_play_on_mobile&quot;:&quot;yes&quot;}\">\n\t\t<div class=\"elementor-background-video-container\">\n\t\t\t\t\t\t\t<div class=\"elementor-background-video-embed\" role=\"presentation\"><\/div>\n\t\t\t\t\t\t<\/div><div class=\"elementor-element elementor-element-34f8d78 texto-encima e-flex e-con-boxed e-con e-child\" data-id=\"34f8d78\" data-element_type=\"container\" data-e-type=\"container\" data-settings=\"{&quot;position&quot;:&quot;absolute&quot;}\">\n\t\t\t\t\t<div class=\"e-con-inner\">\n\t\t\t\t<div class=\"elementor-element elementor-element-ea95741 elementor-widget elementor-widget-heading\" data-id=\"ea95741\" data-element_type=\"widget\" data-e-type=\"widget\" data-widget_type=\"heading.default\">\n\t\t\t\t<div class=\"elementor-widget-container\">\n\t\t\t\t\t<h1 class=\"elementor-heading-title elementor-size-default\">Castell\u00f3n<\/h1>\t\t\t\t<\/div>\n\t\t\t\t<\/div>\n\t\t\t\t<div class=\"elementor-element elementor-element-85d220b elementor-widget elementor-widget-text-editor\" data-id=\"85d220b\" data-element_type=\"widget\" data-e-type=\"widget\" data-widget_type=\"text-editor.default\">\n\t\t\t\t<div class=\"elementor-widget-container\">\n\t\t\t\t\t\t\t\t\t<a class=\"boton\" href=\"https:\/\/www.civitatis.com\/es\/castellon-de-la-plana\/?aid=108634%20\" target=\"_blank\" rel=\"noopener\">EXP\u00c9RIENCES <img decoding=\"async\" class=\"icono-flecha\" src=\"https:\/\/spainbytrain.org\/wp-content\/themes\/spainbytrain\/img\/icono-flecha.png\" alt=\"flecha\"> <img decoding=\"async\" class=\"logo-civitatis\" src=\"https:\/\/spainbytrain.org\/wp-content\/themes\/spainbytrain\/img\/civitatis_logo.png\" alt=\"civitatis\"><\/a>\n<a class=\"boton\" href=\"https:\/\/www.thetrainline.com\/es\" target=\"_blank\" rel=\"noopener\">\n BILLETS\n<img decoding=\"async\" class=\"logo-trainline\" src=\"https:\/\/spainbytrain.org\/wp-content\/uploads\/sites\/17\/2025\/11\/trainline-green-vectorial.png\" alt=\"trainline\"> DE TRAIN\n\n<img decoding=\"async\" class=\"icono-flecha\" src=\"https:\/\/spainbytrain.org\/wp-content\/themes\/spainbytrain\/img\/icono-flecha.png\" alt=\"flecha\">        <\/a> \t\t\t\t\t\t\t\t<\/div>\n\t\t\t\t<\/div>\n\t\t\t\t\t<\/div>\n\t\t\t\t<\/div>\n\t\t\t\t<\/div>\n\t\t<div class=\"elementor-element elementor-element-ecd996a e-con-full container-texto-ciudades e-flex e-con e-parent\" data-id=\"ecd996a\" data-element_type=\"container\" data-e-type=\"container\">\n\t\t<div class=\"elementor-element elementor-element-71b1daa   e-con-full e-flex e-con e-child\" data-id=\"71b1daa\" data-element_type=\"container\" data-e-type=\"container\">\n\t\t\t\t<div class=\"elementor-element elementor-element-27773b7 texto-columnas elementor-widget elementor-widget-text-editor\" data-id=\"27773b7\" data-element_type=\"widget\" data-e-type=\"widget\" data-widget_type=\"text-editor.default\">\n\t\t\t\t<div class=\"elementor-widget-container\">\n\t\t\t\t\t\t\t\t\t<p>La ville est \u00e9galement connue pour son <strong>port<\/strong>, porte d\u2019entr\u00e9e sur la M\u00e9diterran\u00e9e, ainsi que pour ses vastes<strong> plages<\/strong> \u2014comme celle du Grao\u2014, id\u00e9ales pour profiter du tourisme de soleil et de mer. Son ambiance anim\u00e9e se refl\u00e8te dans des f\u00eates aussi embl\u00e9matiques que les <strong>F\u00eates de la Magdalena<\/strong>, qui comm\u00e9morent la fondation de la ville, ainsi que dans de nombreux <strong>\u00e9v\u00e9nements culturels<\/strong> tout au long de l\u2019ann\u00e9e. <\/p><p>La <strong>gastronomie de Castell\u00f3n<\/strong>, marqu\u00e9e par l\u2019influence de la mer et du potager, se distingue par des plats comme <strong>l\u2019arroz a banda<\/strong>, une pr\u00e9paration traditionnelle qui met en valeur la saveur du poisson et du bouillon marin. De plus, les espaces naturels voisins invitent \u00e0 profiter d\u2019activit\u00e9s de plein air, de la <strong>randonn\u00e9e<\/strong> au <strong>cyclisme<\/strong>. <\/p><p>Dans l\u2019ensemble, Castell\u00f3n allie <strong>modernit\u00e9 et tradition<\/strong>, devenant ainsi une destination attractive et diversifi\u00e9e, capable de satisfaire tous les go\u00fbts.<\/p><div class=\"contenedor-enlaces\"><p><img decoding=\"async\" src=\"https:\/\/spainbytrain.org\/wp-content\/themes\/spainbytrain\/img\/icono-de-mas.png\"><\/p><div class=\"enlaces\"><a href=\"https:\/\/www.castellonturismo.com\/\" target=\"_blank\" rel=\"noopener\">castellonturismo.com<\/a><\/div><\/div>\t\t\t\t\t\t\t\t<\/div>\n\t\t\t\t<\/div>\n\t\t<div class=\"elementor-element elementor-element-76f70a4 e-con-full paddingImprescindible e-flex e-con e-child\" data-id=\"76f70a4\" data-element_type=\"container\" data-e-type=\"container\" id=\"containImprescindible\">\n\t\t\t\t<div class=\"elementor-element elementor-element-aeefbbf titulo-imprescindibles e-transform elementor-widget elementor-widget-heading\" data-id=\"aeefbbf\" data-element_type=\"widget\" data-e-type=\"widget\" data-settings=\"{&quot;_transform_scale_effect&quot;:{&quot;unit&quot;:&quot;px&quot;,&quot;size&quot;:&quot;1&quot;,&quot;sizes&quot;:[]},&quot;_transform_scale_effect_tablet&quot;:{&quot;unit&quot;:&quot;px&quot;,&quot;size&quot;:&quot;&quot;,&quot;sizes&quot;:[]},&quot;_transform_scale_effect_mobile&quot;:{&quot;unit&quot;:&quot;px&quot;,&quot;size&quot;:&quot;&quot;,&quot;sizes&quot;:[]}}\" data-widget_type=\"heading.default\">\n\t\t\t\t<div class=\"elementor-widget-container\">\n\t\t\t\t\t<h1 class=\"elementor-heading-title elementor-size-default\">Incontournables<\/h1>\t\t\t\t<\/div>\n\t\t\t\t<\/div>\n\t\t\t\t<div class=\"elementor-element elementor-element-f4276e5 flecha elementor-widget elementor-widget-image\" data-id=\"f4276e5\" data-element_type=\"widget\" data-e-type=\"widget\" data-widget_type=\"image.default\">\n\t\t\t\t<div class=\"elementor-widget-container\">\n\t\t\t\t\t\t\t\t\t\t\t\t\t\t\t<img decoding=\"async\" src=\"https:\/\/spainbytrain.org\/wp-content\/uploads\/sites\/17\/elementor\/thumbs\/icono-flechaAbajo-r45dq4d0ug9renwown1dmgena0kljy5botiq78ifww.png\" title=\"icono-flechaAbajo\" alt=\"icono-flechaAbajo\" loading=\"lazy\" \/>\t\t\t\t\t\t\t\t\t\t\t\t\t\t\t<\/div>\n\t\t\t\t<\/div>\n\t\t\t\t<\/div>\n\t\t\t\t<\/div>\n\t\t\t\t<\/div>\n\t\t<div class=\"elementor-element elementor-element-fc64b01 boldest_map_destino_wrapper e-flex e-con-boxed e-con e-parent\" data-id=\"fc64b01\" data-element_type=\"container\" data-e-type=\"container\">\n\t\t\t\t\t<div class=\"e-con-inner\">\n\t\t\t\t<div class=\"elementor-element elementor-element-b891320 boldest_map_destino elementor-widget elementor-widget-html\" data-id=\"b891320\" data-element_type=\"widget\" data-e-type=\"widget\" data-widget_type=\"html.default\">\n\t\t\t\t<div class=\"elementor-widget-container\">\n\t\t\t\t\t<div id=\"bWidgetMap\" integration=\"segment\" topheight=\"40\" btncolor=\"#F1392D\" showcurtain=\"true\" showbuttons=\"true\" viewmaptext=\"MAPA CIUDAD\" parenturiprefix=\"bwidget:\" ignorebottomcontent=\"true\" embedurl=\"https:\/\/maps.spainbytrain.org\" embedmainuri=\"\/fr\/castellon\" mapscrollwheel=\"false\" onfocus=\"\" onfocusout=\"\"><\/div>\r\n    <script type=\"text\/javascript\" src=\"https:\/\/maps.spainbytrain.org\/embed.js\"><\/script>\r\n\t\t\t\t<\/div>\n\t\t\t\t<\/div>\n\t\t\t\t\t<\/div>\n\t\t\t\t<\/div>\n\t\t\t\t<\/div>\n\t\t","protected":false},"excerpt":{"rendered":"<p>Castell\u00f3n EXP\u00c9RIENCES BILLETS DE TRAIN La ville est \u00e9galement connue pour son port, porte d\u2019entr\u00e9e sur la M\u00e9diterran\u00e9e, ainsi que pour ses vastes plages \u2014comme celle du Grao\u2014, id\u00e9ales pour profiter du tourisme de soleil et de mer. Son ambiance anim\u00e9e se refl\u00e8te dans des f\u00eates aussi embl\u00e9matiques que les F\u00eates de la Magdalena, qui [&hellip;]<\/p>\n","protected":false},"author":2985,"featured_media":0,"parent":0,"menu_order":0,"comment_status":"closed","ping_status":"closed","template":"","meta":{"inline_featured_image":false,"footnotes":""},"class_list":["post-3835","page","type-page","status-publish","hentry"],"_links":{"self":[{"href":"https:\/\/spainbytrain.org\/fr\/wp-json\/wp\/v2\/pages\/3835","targetHints":{"allow":["GET"]}}],"collection":[{"href":"https:\/\/spainbytrain.org\/fr\/wp-json\/wp\/v2\/pages"}],"about":[{"href":"https:\/\/spainbytrain.org\/fr\/wp-json\/wp\/v2\/types\/page"}],"author":[{"embeddable":true,"href":"https:\/\/spainbytrain.org\/fr\/wp-json\/wp\/v2\/users\/2985"}],"replies":[{"embeddable":true,"href":"https:\/\/spainbytrain.org\/fr\/wp-json\/wp\/v2\/comments?post=3835"}],"version-history":[{"count":9,"href":"https:\/\/spainbytrain.org\/fr\/wp-json\/wp\/v2\/pages\/3835\/revisions"}],"predecessor-version":[{"id":4394,"href":"https:\/\/spainbytrain.org\/fr\/wp-json\/wp\/v2\/pages\/3835\/revisions\/4394"}],"wp:attachment":[{"href":"https:\/\/spainbytrain.org\/fr\/wp-json\/wp\/v2\/media?parent=3835"}],"curies":[{"name":"wp","href":"https:\/\/api.w.org\/{rel}","templated":true}]}}