{"id":3798,"date":"2025-11-20T15:53:02","date_gmt":"2025-11-20T14:53:02","guid":{"rendered":"https:\/\/spainbytrain.org\/elche\/"},"modified":"2025-11-25T10:09:02","modified_gmt":"2025-11-25T09:09:02","slug":"elche","status":"publish","type":"page","link":"https:\/\/spainbytrain.org\/fr\/elche\/","title":{"rendered":"Elche"},"content":{"rendered":"\t\t<div data-elementor-type=\"wp-page\" data-elementor-id=\"3798\" class=\"elementor elementor-3798 elementor-783\">\n\t\t\t\t<div class=\"elementor-element elementor-element-e4ffc1f contenedor-imagen e-flex e-con-boxed e-con e-parent\" data-id=\"e4ffc1f\" data-element_type=\"container\" data-e-type=\"container\" data-settings=\"{&quot;background_background&quot;:&quot;video&quot;,&quot;background_video_link&quot;:&quot;https:\\\/\\\/www.youtube.com\\\/watch?v=tGt__YHJ9Ro&quot;,&quot;background_play_on_mobile&quot;:&quot;yes&quot;}\">\n\t\t\t\t\t<div class=\"e-con-inner\">\n\t\t<div class=\"elementor-background-video-container\">\n\t\t\t\t\t\t\t<div class=\"elementor-background-video-embed\" role=\"presentation\"><\/div>\n\t\t\t\t\t\t<\/div><div class=\"elementor-element elementor-element-6cee3d0 texto-encima e-flex e-con-boxed e-con e-child\" data-id=\"6cee3d0\" data-element_type=\"container\" data-e-type=\"container\" data-settings=\"{&quot;position&quot;:&quot;absolute&quot;}\">\n\t\t\t\t\t<div class=\"e-con-inner\">\n\t\t\t\t<div class=\"elementor-element elementor-element-38aafab elementor-widget elementor-widget-heading\" data-id=\"38aafab\" data-element_type=\"widget\" data-e-type=\"widget\" data-widget_type=\"heading.default\">\n\t\t\t\t<div class=\"elementor-widget-container\">\n\t\t\t\t\t<h1 class=\"elementor-heading-title elementor-size-default\">Elche<\/h1>\t\t\t\t<\/div>\n\t\t\t\t<\/div>\n\t\t\t\t<div class=\"elementor-element elementor-element-0608a8a elementor-widget elementor-widget-text-editor\" data-id=\"0608a8a\" data-element_type=\"widget\" data-e-type=\"widget\" data-widget_type=\"text-editor.default\">\n\t\t\t\t<div class=\"elementor-widget-container\">\n\t\t\t\t\t\t\t\t\t<a class=\"boton\" href=\"https:\/\/www.civitatis.com\/es\/elche\/?aid=108634%20\" target=\"_blank\" rel=\"noopener\">EXP\u00c9RIENCES <img decoding=\"async\" class=\"icono-flecha\" src=\"https:\/\/spainbytrain.org\/wp-content\/themes\/spainbytrain\/img\/icono-flecha.png\" alt=\"flecha\"> <img decoding=\"async\" class=\"logo-civitatis\" src=\"https:\/\/spainbytrain.org\/wp-content\/themes\/spainbytrain\/img\/civitatis_logo.png\" alt=\"civitatis\"><\/a>\n<a class=\"boton\" href=\"https:\/\/www.thetrainline.com\/es\" target=\"_blank\" rel=\"noopener\">\n BILLETS\n<img decoding=\"async\" class=\"logo-trainline\" src=\"https:\/\/spainbytrain.org\/wp-content\/uploads\/sites\/17\/2025\/11\/trainline-green-vectorial.png\" alt=\"Ligne de train\"> DE TRAIN\n\n<img decoding=\"async\" class=\"icono-flecha\" src=\"https:\/\/spainbytrain.org\/wp-content\/themes\/spainbytrain\/img\/icono-flecha.png\" alt=\"flecha\">        <\/a> \t\t\t\t\t\t\t\t<\/div>\n\t\t\t\t<\/div>\n\t\t\t\t\t<\/div>\n\t\t\t\t<\/div>\n\t\t\t\t\t<\/div>\n\t\t\t\t<\/div>\n\t\t<div class=\"elementor-element elementor-element-77c17c7 e-con-full container-texto-ciudades e-flex e-con e-parent\" data-id=\"77c17c7\" data-element_type=\"container\" data-e-type=\"container\">\n\t\t<div class=\"elementor-element elementor-element-0cd95c6   e-con-full e-flex e-con e-child\" data-id=\"0cd95c6\" data-element_type=\"container\" data-e-type=\"container\">\n\t\t\t\t<div class=\"elementor-element elementor-element-3596dc9 texto-columnas elementor-widget elementor-widget-text-editor\" data-id=\"3596dc9\" data-element_type=\"widget\" data-e-type=\"widget\" data-widget_type=\"text-editor.default\">\n\t\t\t\t<div class=\"elementor-widget-container\">\n\t\t\t\t\t\t\t\t\t<p>Elche, dans la Communaut\u00e9 valencienne, est connue pour son impressionnante palmeraie, class\u00e9e au Patrimoine mondial. La ville se distingue par sa palmeraie, un paysage culturel unique, d\u2019une valeur exceptionnelle et de port\u00e9e universelle. Elle constitue le c\u0153ur, orient\u00e9 vers l\u2019horticulture intensive, d\u2019un syst\u00e8me d\u2019irrigation mis en place il y a un mill\u00e9naire par les fondateurs de la ville islamique d\u2019Elche. On ne peut comprendre la ville \u2013 et ses habitants ne pourraient se comprendre eux-m\u00eames \u2013 sans la palmeraie historique qui dessine depuis plus de mille ans un paysage urbain unique, inscrite au Patrimoine mondial en 2000. Avec plus de 200 000 sp\u00e9cimens et quelque 50 000 autres dans les p\u00e9pini\u00e8res municipales, pr\u00eats \u00e0 \u00eatre plant\u00e9s, la palmeraie d\u2019Elche est la plus grande d\u2019Europe. Elle poss\u00e8de \u00e9galement une riche histoire, avec des monuments comme la Basilique Santa Mar\u00eda et le Mus\u00e9e scolaire de Pu\u00e7ol. Elche est \u00e9galement c\u00e9l\u00e8bre pour la Dame d\u2019Elche. De plus, son climat doux et sa proximit\u00e9 des plages de la Costa Blanca en font une destination id\u00e9ale pour profiter \u00e0 la fois de la nature et de la culture.      <\/p>\n<br><div class=\"contenedor-enlaces\">\n\t<img decoding=\"async\" src=\"https:\/\/spainbytrain.org\/wp-content\/themes\/spainbytrain\/img\/icono-de-mas.png\">\n\t<div class=\"enlaces\">\n\t\t<a href=\"https:\/\/www.visitelche.com\/\" target=\"_blank\" rel=\"noopener\">visitelche.com<\/a>\n\t<\/div>\n<\/div>\t\t\t\t\t\t\t\t<\/div>\n\t\t\t\t<\/div>\n\t\t\t\t<\/div>\n\t\t<div class=\"elementor-element elementor-element-e98159a e-con-full paddingImprescindible e-flex e-con e-child\" data-id=\"e98159a\" data-element_type=\"container\" data-e-type=\"container\" id=\"containImprescindible\">\n\t\t\t\t<div class=\"elementor-element elementor-element-1be6078 titulo-imprescindibles e-transform elementor-widget elementor-widget-heading\" data-id=\"1be6078\" data-element_type=\"widget\" data-e-type=\"widget\" data-settings=\"{&quot;_transform_scale_effect&quot;:{&quot;unit&quot;:&quot;px&quot;,&quot;size&quot;:&quot;1&quot;,&quot;sizes&quot;:[]},&quot;_transform_scale_effect_tablet&quot;:{&quot;unit&quot;:&quot;px&quot;,&quot;size&quot;:&quot;&quot;,&quot;sizes&quot;:[]},&quot;_transform_scale_effect_mobile&quot;:{&quot;unit&quot;:&quot;px&quot;,&quot;size&quot;:&quot;&quot;,&quot;sizes&quot;:[]}}\" data-widget_type=\"heading.default\">\n\t\t\t\t<div class=\"elementor-widget-container\">\n\t\t\t\t\t<h1 class=\"elementor-heading-title elementor-size-default\">Incontournables<\/h1>\t\t\t\t<\/div>\n\t\t\t\t<\/div>\n\t\t\t\t<div class=\"elementor-element elementor-element-def9485 flecha elementor-widget elementor-widget-image\" data-id=\"def9485\" data-element_type=\"widget\" data-e-type=\"widget\" data-widget_type=\"image.default\">\n\t\t\t\t<div class=\"elementor-widget-container\">\n\t\t\t\t\t\t\t\t\t\t\t\t\t\t\t<img decoding=\"async\" src=\"https:\/\/spainbytrain.org\/wp-content\/uploads\/sites\/17\/elementor\/thumbs\/icono-flechaAbajo-r45dq4d0ug9renwown1dmgena0kljy5botiq78ifww.png\" title=\"icono-flechaAbajo\" alt=\"icono-flechaAbajo\" loading=\"lazy\" \/>\t\t\t\t\t\t\t\t\t\t\t\t\t\t\t<\/div>\n\t\t\t\t<\/div>\n\t\t\t\t<\/div>\n\t\t\t\t<\/div>\n\t\t<div class=\"elementor-element elementor-element-c303336 boldest_map_destino_wrapper e-flex e-con-boxed e-con e-parent\" data-id=\"c303336\" data-element_type=\"container\" data-e-type=\"container\">\n\t\t\t\t\t<div class=\"e-con-inner\">\n\t\t\t\t<div class=\"elementor-element elementor-element-1753eeb boldest_map_destino elementor-widget elementor-widget-html\" data-id=\"1753eeb\" data-element_type=\"widget\" data-e-type=\"widget\" data-widget_type=\"html.default\">\n\t\t\t\t<div class=\"elementor-widget-container\">\n\t\t\t\t\t<div id=\"bWidgetMap\" integration=\"segment\" topheight=\"40\" btncolor=\"#F1392D\" showcurtain=\"true\" showbuttons=\"true\" viewmaptext=\"MAPA CIUDAD\" parenturiprefix=\"bwidget:\" ignorebottomcontent=\"true\" embedurl=\"https:\/\/maps.spainbytrain.org\" embedmainuri=\"\/fr\/elche\" mapscrollwheel=\"false\" onfocus=\"\" onfocusout=\"\"><\/div>\r\n    <script type=\"text\/javascript\" src=\"https:\/\/maps.spainbytrain.org\/embed.js\"><\/script>\r\n    \r\n\t\t\t\t<\/div>\n\t\t\t\t<\/div>\n\t\t\t\t\t<\/div>\n\t\t\t\t<\/div>\n\t\t\t\t<\/div>\n\t\t","protected":false},"excerpt":{"rendered":"<p>Elche EXP\u00c9RIENCES BILLETS DE TRAIN Elche, dans la Communaut\u00e9 valencienne, est connue pour son impressionnante palmeraie, class\u00e9e au Patrimoine mondial. La ville se distingue par sa palmeraie, un paysage culturel unique, d\u2019une valeur exceptionnelle et de port\u00e9e universelle. Elle constitue le c\u0153ur, orient\u00e9 vers l\u2019horticulture intensive, d\u2019un syst\u00e8me d\u2019irrigation mis en place il y a [&hellip;]<\/p>\n","protected":false},"author":2985,"featured_media":0,"parent":0,"menu_order":0,"comment_status":"closed","ping_status":"closed","template":"","meta":{"inline_featured_image":false,"footnotes":""},"class_list":["post-3798","page","type-page","status-publish","hentry"],"_links":{"self":[{"href":"https:\/\/spainbytrain.org\/fr\/wp-json\/wp\/v2\/pages\/3798","targetHints":{"allow":["GET"]}}],"collection":[{"href":"https:\/\/spainbytrain.org\/fr\/wp-json\/wp\/v2\/pages"}],"about":[{"href":"https:\/\/spainbytrain.org\/fr\/wp-json\/wp\/v2\/types\/page"}],"author":[{"embeddable":true,"href":"https:\/\/spainbytrain.org\/fr\/wp-json\/wp\/v2\/users\/2985"}],"replies":[{"embeddable":true,"href":"https:\/\/spainbytrain.org\/fr\/wp-json\/wp\/v2\/comments?post=3798"}],"version-history":[{"count":6,"href":"https:\/\/spainbytrain.org\/fr\/wp-json\/wp\/v2\/pages\/3798\/revisions"}],"predecessor-version":[{"id":4210,"href":"https:\/\/spainbytrain.org\/fr\/wp-json\/wp\/v2\/pages\/3798\/revisions\/4210"}],"wp:attachment":[{"href":"https:\/\/spainbytrain.org\/fr\/wp-json\/wp\/v2\/media?parent=3798"}],"curies":[{"name":"wp","href":"https:\/\/api.w.org\/{rel}","templated":true}]}}