{"id":3758,"date":"2025-11-12T15:11:06","date_gmt":"2025-11-12T14:11:06","guid":{"rendered":"https:\/\/spainbytrain.org\/barcelona\/"},"modified":"2025-11-25T13:02:32","modified_gmt":"2025-11-25T12:02:32","slug":"barcelona","status":"publish","type":"page","link":"https:\/\/spainbytrain.org\/fr\/barcelona\/","title":{"rendered":"Barcelona"},"content":{"rendered":"\t\t<div data-elementor-type=\"wp-page\" data-elementor-id=\"3758\" class=\"elementor elementor-3758 elementor-489\">\n\t\t\t\t<div class=\"elementor-element elementor-element-8e1c0aa contenedor-imagen e-con-full e-flex e-con e-parent\" data-id=\"8e1c0aa\" data-element_type=\"container\" data-e-type=\"container\" data-settings=\"{&quot;background_background&quot;:&quot;video&quot;,&quot;background_video_link&quot;:&quot;https:\\\/\\\/www.youtube.com\\\/watch?v=PYUuxfWvFqI&quot;,&quot;background_play_on_mobile&quot;:&quot;yes&quot;}\">\n\t\t<div class=\"elementor-background-video-container\">\n\t\t\t\t\t\t\t<div class=\"elementor-background-video-embed\" role=\"presentation\"><\/div>\n\t\t\t\t\t\t<\/div><div class=\"elementor-element elementor-element-c6adabc texto-encima e-flex e-con-boxed e-con e-child\" data-id=\"c6adabc\" data-element_type=\"container\" data-e-type=\"container\" data-settings=\"{&quot;position&quot;:&quot;absolute&quot;}\">\n\t\t\t\t\t<div class=\"e-con-inner\">\n\t\t\t\t<div class=\"elementor-element elementor-element-811b2bd elementor-widget elementor-widget-heading\" data-id=\"811b2bd\" data-element_type=\"widget\" data-e-type=\"widget\" data-widget_type=\"heading.default\">\n\t\t\t\t<div class=\"elementor-widget-container\">\n\t\t\t\t\t<h1 class=\"elementor-heading-title elementor-size-default\">Barcelona<\/h1>\t\t\t\t<\/div>\n\t\t\t\t<\/div>\n\t\t\t\t<div class=\"elementor-element elementor-element-338ffae elementor-widget elementor-widget-text-editor\" data-id=\"338ffae\" data-element_type=\"widget\" data-e-type=\"widget\" data-widget_type=\"text-editor.default\">\n\t\t\t\t<div class=\"elementor-widget-container\">\n\t\t\t\t\t\t\t\t\t<a class=\"boton\" href=\"https:\/\/professional.barcelonaturisme.com\/es\/travel-trade\/productos-turisticos\/catalogo-de-turisme-de-barcelona\" target=\"_blank\" rel=\"noopener\"><img decoding=\"async\" class=\"icono-flecha\" src=\"https:\/\/spainbytrain.org\/wp-content\/themes\/spainbytrain\/img\/icono-flecha.png\" alt=\"flecha\">EXP\u00c9RIENCES <\/a>\n<a class=\"boton\" href=\"https:\/\/www.thetrainline.com\/es\" target=\"_blank\" rel=\"noopener\">SUR LES BILLETS DE TRAIN\n\n\n<img decoding=\"async\" class=\"logo-trainline\" src=\"https:\/\/spainbytrain.org\/wp-content\/uploads\/sites\/17\/2025\/11\/trainline-green-vectorial.png\" alt=\"trainline\"><img decoding=\"async\" class=\"icono-flecha\" src=\"https:\/\/spainbytrain.org\/wp-content\/themes\/spainbytrain\/img\/icono-flecha.png\" alt=\"flecha\">\n        <\/a> \t\t\t\t\t\t\t\t<\/div>\n\t\t\t\t<\/div>\n\t\t\t\t\t<\/div>\n\t\t\t\t<\/div>\n\t\t\t\t<\/div>\n\t\t<div class=\"elementor-element elementor-element-721267e e-con-full container-texto-ciudades e-flex e-con e-parent\" data-id=\"721267e\" data-element_type=\"container\" data-e-type=\"container\">\n\t\t<div class=\"elementor-element elementor-element-4a73211   e-con-full e-flex e-con e-child\" data-id=\"4a73211\" data-element_type=\"container\" data-e-type=\"container\">\n\t\t\t\t<div class=\"elementor-element elementor-element-fabdf18 texto-columnas elementor-widget elementor-widget-text-editor\" data-id=\"fabdf18\" data-element_type=\"widget\" data-e-type=\"widget\" data-widget_type=\"text-editor.default\">\n\t\t\t\t<div class=\"elementor-widget-container\">\n\t\t\t\t\t\t\t\t\tBarcelone, capitale de la Catalogne, est une ville vibrante connue pour son architecture moderniste, en particulier les \u0153uvres d\u2019Antoni Gaud\u00ed, comme la Sagrada Fam\u00edlia et le parc G\u00fcell. Outre son impressionnant patrimoine historique et culturel, Barcelone offre de belles plages, une excellente gastronomie et une vie nocturne anim\u00e9e. Ses quartiers, comme le Quartier gothique et El Raval, sont parfaits \u00e0 explorer, tandis que Montju\u00efc et le port offrent des vues panoramiques uniques sur la ville. Barcelone respire la vie tout au long de l\u2019ann\u00e9e. Chaque saison apporte une nouvelle palette de couleurs et d\u2019\u00e9motions qui vous laisseront sans voix : de l\u2019explosion de vie au printemps aux douces nuits d\u2019\u00e9t\u00e9 sur les plages, en passant par les tons automnaux qui ornent parcs et jardins, jusqu\u2019aux lumi\u00e8res chaleureuses qui illuminent les quartiers \u00e0 No\u00ebl.     \n\n&nbsp;\n<div class=\"contenedor-enlaces\"><img decoding=\"async\" src=\"https:\/\/spainbytrain.org\/wp-content\/themes\/spainbytrain\/img\/icono-de-mas.png\">\n<div class=\"enlaces\"><a href=\"https:\/\/ajuntament.barcelona.cat\/turisme\/es\" target=\"_blank\" rel=\"noopener\">ajuntament.barcelona.cat<\/a>\n<a href=\"https:\/\/www.barcelonaturisme.com\/wv3\/fr\/\" target=\"_blank\" rel=\"noopener\">barcelonaturisme.com<\/a><\/div>\n<\/div>\t\t\t\t\t\t\t\t<\/div>\n\t\t\t\t<\/div>\n\t\t\t\t<\/div>\n\t\t<div class=\"elementor-element elementor-element-074e636 e-con-full paddingImprescindible e-flex e-con e-child\" data-id=\"074e636\" data-element_type=\"container\" data-e-type=\"container\" id=\"containImprescindible\">\n\t\t\t\t<div class=\"elementor-element elementor-element-eb54242 titulo-imprescindibles e-transform elementor-widget elementor-widget-heading\" data-id=\"eb54242\" data-element_type=\"widget\" data-e-type=\"widget\" data-settings=\"{&quot;_transform_scale_effect&quot;:{&quot;unit&quot;:&quot;px&quot;,&quot;size&quot;:&quot;1&quot;,&quot;sizes&quot;:[]},&quot;_transform_scale_effect_tablet&quot;:{&quot;unit&quot;:&quot;px&quot;,&quot;size&quot;:&quot;&quot;,&quot;sizes&quot;:[]},&quot;_transform_scale_effect_mobile&quot;:{&quot;unit&quot;:&quot;px&quot;,&quot;size&quot;:&quot;&quot;,&quot;sizes&quot;:[]}}\" data-widget_type=\"heading.default\">\n\t\t\t\t<div class=\"elementor-widget-container\">\n\t\t\t\t\t<h1 class=\"elementor-heading-title elementor-size-default\">Incontournables<\/h1>\t\t\t\t<\/div>\n\t\t\t\t<\/div>\n\t\t\t\t<div class=\"elementor-element elementor-element-6b1b0b0 flecha elementor-widget elementor-widget-image\" data-id=\"6b1b0b0\" data-element_type=\"widget\" data-e-type=\"widget\" data-widget_type=\"image.default\">\n\t\t\t\t<div class=\"elementor-widget-container\">\n\t\t\t\t\t\t\t\t\t\t\t\t\t\t\t<img decoding=\"async\" src=\"https:\/\/spainbytrain.org\/wp-content\/uploads\/sites\/17\/elementor\/thumbs\/icono-flechaAbajo-r45dq4d0ug9renwown1dmgena0kljy5botiq78ifww.png\" title=\"icono-flechaAbajo\" alt=\"icono-flechaAbajo\" loading=\"lazy\" \/>\t\t\t\t\t\t\t\t\t\t\t\t\t\t\t<\/div>\n\t\t\t\t<\/div>\n\t\t\t\t<\/div>\n\t\t\t\t<\/div>\n\t\t<div class=\"elementor-element elementor-element-e3535d9 boldest_map_destino_wrapper e-flex e-con-boxed e-con e-parent\" data-id=\"e3535d9\" data-element_type=\"container\" data-e-type=\"container\">\n\t\t\t\t\t<div class=\"e-con-inner\">\n\t\t\t\t<div class=\"elementor-element elementor-element-c44f855 boldest_map_destino elementor-widget elementor-widget-html\" data-id=\"c44f855\" data-element_type=\"widget\" data-e-type=\"widget\" data-widget_type=\"html.default\">\n\t\t\t\t<div class=\"elementor-widget-container\">\n\t\t\t\t\t<div id=\"bWidgetMap\" integration=\"segment\" topheight=\"40\" btncolor=\"#F1392D\" showcurtain=\"true\" showbuttons=\"true\" viewmaptext=\"MAPA CIUDAD\" parenturiprefix=\"bwidget:\" ignorebottomcontent=\"true\" embedurl=\"https:\/\/maps.spainbytrain.org\" embedmainuri=\"\/fr\/barcelona\" mapscrollwheel=\"false\" onfocus=\"\" onfocusout=\"\"><\/div>\r\n    <script type=\"text\/javascript\" src=\"https:\/\/maps.spainbytrain.org\/embed.js\"><\/script>\r\n\t\t\t\t<\/div>\n\t\t\t\t<\/div>\n\t\t\t\t\t<\/div>\n\t\t\t\t<\/div>\n\t\t\t\t<\/div>\n\t\t","protected":false},"excerpt":{"rendered":"<p>Barcelona EXP\u00c9RIENCES SUR LES BILLETS DE TRAIN Barcelone, capitale de la Catalogne, est une ville vibrante connue pour son architecture moderniste, en particulier les \u0153uvres d\u2019Antoni Gaud\u00ed, comme la Sagrada Fam\u00edlia et le parc G\u00fcell. Outre son impressionnant patrimoine historique et culturel, Barcelone offre de belles plages, une excellente gastronomie et une vie nocturne anim\u00e9e. [&hellip;]<\/p>\n","protected":false},"author":2985,"featured_media":0,"parent":0,"menu_order":0,"comment_status":"closed","ping_status":"closed","template":"","meta":{"inline_featured_image":false,"footnotes":""},"class_list":["post-3758","page","type-page","status-publish","hentry"],"_links":{"self":[{"href":"https:\/\/spainbytrain.org\/fr\/wp-json\/wp\/v2\/pages\/3758","targetHints":{"allow":["GET"]}}],"collection":[{"href":"https:\/\/spainbytrain.org\/fr\/wp-json\/wp\/v2\/pages"}],"about":[{"href":"https:\/\/spainbytrain.org\/fr\/wp-json\/wp\/v2\/types\/page"}],"author":[{"embeddable":true,"href":"https:\/\/spainbytrain.org\/fr\/wp-json\/wp\/v2\/users\/2985"}],"replies":[{"embeddable":true,"href":"https:\/\/spainbytrain.org\/fr\/wp-json\/wp\/v2\/comments?post=3758"}],"version-history":[{"count":7,"href":"https:\/\/spainbytrain.org\/fr\/wp-json\/wp\/v2\/pages\/3758\/revisions"}],"predecessor-version":[{"id":4186,"href":"https:\/\/spainbytrain.org\/fr\/wp-json\/wp\/v2\/pages\/3758\/revisions\/4186"}],"wp:attachment":[{"href":"https:\/\/spainbytrain.org\/fr\/wp-json\/wp\/v2\/media?parent=3758"}],"curies":[{"name":"wp","href":"https:\/\/api.w.org\/{rel}","templated":true}]}}