{"id":3756,"date":"2025-11-12T15:07:49","date_gmt":"2025-11-12T14:07:49","guid":{"rendered":"https:\/\/spainbytrain.org\/antequera\/"},"modified":"2025-11-25T09:58:51","modified_gmt":"2025-11-25T08:58:51","slug":"antequera","status":"publish","type":"page","link":"https:\/\/spainbytrain.org\/fr\/antequera\/","title":{"rendered":"Antequera"},"content":{"rendered":"\t\t<div data-elementor-type=\"wp-page\" data-elementor-id=\"3756\" class=\"elementor elementor-3756 elementor-481\">\n\t\t\t\t<div class=\"elementor-element elementor-element-0a4e52d contenedor-imagen e-con-full e-flex e-con e-parent\" data-id=\"0a4e52d\" data-element_type=\"container\" data-e-type=\"container\" data-settings=\"{&quot;background_background&quot;:&quot;video&quot;,&quot;background_video_link&quot;:&quot;https:\\\/\\\/www.youtube.com\\\/watch?v=7WNa6hPydQg&amp;authuser=0&quot;,&quot;background_play_on_mobile&quot;:&quot;yes&quot;}\">\n\t\t<div class=\"elementor-background-video-container\">\n\t\t\t\t\t\t\t<div class=\"elementor-background-video-embed\" role=\"presentation\"><\/div>\n\t\t\t\t\t\t<\/div><div class=\"elementor-element elementor-element-f7100b1 texto-encima e-flex e-con-boxed e-con e-child\" data-id=\"f7100b1\" data-element_type=\"container\" data-e-type=\"container\" data-settings=\"{&quot;position&quot;:&quot;absolute&quot;}\">\n\t\t\t\t\t<div class=\"e-con-inner\">\n\t\t\t\t<div class=\"elementor-element elementor-element-e2511ac elementor-widget elementor-widget-heading\" data-id=\"e2511ac\" data-element_type=\"widget\" data-e-type=\"widget\" data-widget_type=\"heading.default\">\n\t\t\t\t<div class=\"elementor-widget-container\">\n\t\t\t\t\t<h1 class=\"elementor-heading-title elementor-size-default\">Antequera<\/h1>\t\t\t\t<\/div>\n\t\t\t\t<\/div>\n\t\t\t\t<div class=\"elementor-element elementor-element-501bdc8 elementor-widget elementor-widget-text-editor\" data-id=\"501bdc8\" data-element_type=\"widget\" data-e-type=\"widget\" data-widget_type=\"text-editor.default\">\n\t\t\t\t<div class=\"elementor-widget-container\">\n\t\t\t\t\t\t\t\t\t<a class=\"boton\" href=\"https:\/\/www.civitatis.com\/es\/antequera\/?aid=108634%20\" target=\"_blank\" rel=\"noopener\">EXP\u00c9RIENCES <img decoding=\"async\" class=\"icono-flecha\" src=\"https:\/\/spainbytrain.org\/wp-content\/themes\/spainbytrain\/img\/icono-flecha.png\" alt=\"flecha\"> <img decoding=\"async\" class=\"logo-civitatis\" src=\"https:\/\/spainbytrain.org\/wp-content\/themes\/spainbytrain\/img\/civitatis_logo.png\" alt=\"civitatis\"><\/a>\n<a class=\"boton\" href=\"https:\/\/www.thetrainline.com\/es\" target=\"_blank\" rel=\"noopener\">\n BILLETS\n<img decoding=\"async\" class=\"logo-trainline\" src=\"https:\/\/spainbytrain.org\/wp-content\/uploads\/sites\/17\/2025\/11\/trainline-green-vectorial.png\" alt=\"Ligne de train\"> DE TRAIN\n\n<img decoding=\"async\" class=\"icono-flecha\" src=\"https:\/\/spainbytrain.org\/wp-content\/themes\/spainbytrain\/img\/icono-flecha.png\" alt=\"flecha\">        <\/a> \t\t\t\t\t\t\t\t<\/div>\n\t\t\t\t<\/div>\n\t\t\t\t\t<\/div>\n\t\t\t\t<\/div>\n\t\t\t\t<\/div>\n\t\t<div class=\"elementor-element elementor-element-40dd55f e-con-full container-texto-ciudades e-flex e-con e-parent\" data-id=\"40dd55f\" data-element_type=\"container\" data-e-type=\"container\">\n\t\t<div class=\"elementor-element elementor-element-cfd694c   e-con-full e-flex e-con e-child\" data-id=\"cfd694c\" data-element_type=\"container\" data-e-type=\"container\">\n\t\t\t\t<div class=\"elementor-element elementor-element-b486f67 texto-columnas elementor-widget elementor-widget-text-editor\" data-id=\"b486f67\" data-element_type=\"widget\" data-e-type=\"widget\" data-widget_type=\"text-editor.default\">\n\t\t\t\t<div class=\"elementor-widget-container\">\n\t\t\t\t\t\t\t\t\t<p>Antequera est une ville pleine de vie, une destination vibrante o\u00f9 l\u2019on trouve des monuments, des activit\u00e9s, de l\u2019art, de la culture, des mus\u00e9es et des habitants merveilleux. La ville d\u2019Antequera se distingue comme l\u2019une de celles qui poss\u00e8de la plus grande richesse architecturale d\u2019Espagne. C\u2019est la ville qui compte le plus grand nombre d\u2019\u00e9glises de tout le pays par rapport \u00e0 son nombre d\u2019habitants, avec un total de 33 \u00e9glises, monast\u00e8res et couvents r\u00e9partis dans toute la ville, certains de la Renaissance et d\u2019autres du baroque d\u2019Antequera. Elle abrite \u00e9galement l\u2019un des grands attraits de la province de M\u00e1laga : le Site des Dolmens d\u2019Antequera, compos\u00e9 de cinq monuments, trois culturels et deux naturels.    <\/p>\n<p>Antequera peut vous submerger de bien des fa\u00e7ons, mais la meilleure, sans aucun doute, est \u00e0 travers sa gastronomie. Les molletes, la porra antequerana ou le bienmesabe comptent parmi les sp\u00e9cialit\u00e9s typiques de la ville. <\/p>\n<p><\/p>\n<div class=\"contenedor-enlaces\"><p><img decoding=\"async\" src=\"https:\/\/spainbytrain.org\/wp-content\/themes\/spainbytrain\/img\/icono-de-mas.png\"><\/p>\n<div class=\"enlaces\"><a href=\"https:\/\/turismo.antequera.es\/\" target=\"_blank\" rel=\"noopener\"> turismo.antequera.es<\/a><\/div>\n<\/div>\t\t\t\t\t\t\t\t<\/div>\n\t\t\t\t<\/div>\n\t\t\t\t<\/div>\n\t\t<div class=\"elementor-element elementor-element-87da4bf e-con-full paddingImprescindible e-flex e-con e-child\" data-id=\"87da4bf\" data-element_type=\"container\" data-e-type=\"container\" id=\"containImprescindible\">\n\t\t\t\t<div class=\"elementor-element elementor-element-a45f892 titulo-imprescindibles e-transform elementor-widget elementor-widget-heading\" data-id=\"a45f892\" data-element_type=\"widget\" data-e-type=\"widget\" data-settings=\"{&quot;_transform_scale_effect&quot;:{&quot;unit&quot;:&quot;px&quot;,&quot;size&quot;:&quot;1&quot;,&quot;sizes&quot;:[]},&quot;_transform_scale_effect_tablet&quot;:{&quot;unit&quot;:&quot;px&quot;,&quot;size&quot;:&quot;&quot;,&quot;sizes&quot;:[]},&quot;_transform_scale_effect_mobile&quot;:{&quot;unit&quot;:&quot;px&quot;,&quot;size&quot;:&quot;&quot;,&quot;sizes&quot;:[]}}\" data-widget_type=\"heading.default\">\n\t\t\t\t<div class=\"elementor-widget-container\">\n\t\t\t\t\t<h1 class=\"elementor-heading-title elementor-size-default\">Incontournables<\/h1>\t\t\t\t<\/div>\n\t\t\t\t<\/div>\n\t\t\t\t<div class=\"elementor-element elementor-element-471314c flecha elementor-widget elementor-widget-image\" data-id=\"471314c\" data-element_type=\"widget\" data-e-type=\"widget\" data-widget_type=\"image.default\">\n\t\t\t\t<div class=\"elementor-widget-container\">\n\t\t\t\t\t\t\t\t\t\t\t\t\t\t\t<img decoding=\"async\" src=\"https:\/\/spainbytrain.org\/wp-content\/uploads\/sites\/17\/elementor\/thumbs\/icono-flechaAbajo-r45dq4d0ug9renwown1dmgena0kljy5botiq78ifww.png\" title=\"icono-flechaAbajo\" alt=\"icono-flechaAbajo\" loading=\"lazy\" \/>\t\t\t\t\t\t\t\t\t\t\t\t\t\t\t<\/div>\n\t\t\t\t<\/div>\n\t\t\t\t<\/div>\n\t\t\t\t<\/div>\n\t\t<div class=\"elementor-element elementor-element-a184932 boldest_map_destino_wrapper e-flex e-con-boxed e-con e-parent\" data-id=\"a184932\" data-element_type=\"container\" data-e-type=\"container\">\n\t\t\t\t\t<div class=\"e-con-inner\">\n\t\t\t\t<div class=\"elementor-element elementor-element-e7b1551 boldest_map_destino elementor-widget elementor-widget-html\" data-id=\"e7b1551\" data-element_type=\"widget\" data-e-type=\"widget\" data-widget_type=\"html.default\">\n\t\t\t\t<div class=\"elementor-widget-container\">\n\t\t\t\t\t<div id=\"bWidgetMap\" integration=\"segment\" topheight=\"40\" btncolor=\"#F1392D\" showcurtain=\"true\" showbuttons=\"true\" viewmaptext=\"MAPA CIUDAD\" parenturiprefix=\"bwidget:\" ignorebottomcontent=\"true\" embedurl=\"https:\/\/maps.spainbytrain.org\" embedmainuri=\"\/fr\/antequera\" mapscrollwheel=\"false\" onfocus=\"\" onfocusout=\"\"><\/div>\r\n    <script type=\"text\/javascript\" src=\"https:\/\/maps.spainbytrain.org\/embed.js\"><\/script>\t\t\t\t<\/div>\n\t\t\t\t<\/div>\n\t\t\t\t\t<\/div>\n\t\t\t\t<\/div>\n\t\t\t\t<\/div>\n\t\t","protected":false},"excerpt":{"rendered":"<p>Antequera EXP\u00c9RIENCES BILLETS DE TRAIN Antequera est une ville pleine de vie, une destination vibrante o\u00f9 l\u2019on trouve des monuments, des activit\u00e9s, de l\u2019art, de la culture, des mus\u00e9es et des habitants merveilleux. La ville d\u2019Antequera se distingue comme l\u2019une de celles qui poss\u00e8de la plus grande richesse architecturale d\u2019Espagne. C\u2019est la ville qui compte [&hellip;]<\/p>\n","protected":false},"author":2985,"featured_media":0,"parent":0,"menu_order":0,"comment_status":"closed","ping_status":"closed","template":"","meta":{"inline_featured_image":false,"footnotes":""},"class_list":["post-3756","page","type-page","status-publish","hentry"],"_links":{"self":[{"href":"https:\/\/spainbytrain.org\/fr\/wp-json\/wp\/v2\/pages\/3756","targetHints":{"allow":["GET"]}}],"collection":[{"href":"https:\/\/spainbytrain.org\/fr\/wp-json\/wp\/v2\/pages"}],"about":[{"href":"https:\/\/spainbytrain.org\/fr\/wp-json\/wp\/v2\/types\/page"}],"author":[{"embeddable":true,"href":"https:\/\/spainbytrain.org\/fr\/wp-json\/wp\/v2\/users\/2985"}],"replies":[{"embeddable":true,"href":"https:\/\/spainbytrain.org\/fr\/wp-json\/wp\/v2\/comments?post=3756"}],"version-history":[{"count":11,"href":"https:\/\/spainbytrain.org\/fr\/wp-json\/wp\/v2\/pages\/3756\/revisions"}],"predecessor-version":[{"id":4182,"href":"https:\/\/spainbytrain.org\/fr\/wp-json\/wp\/v2\/pages\/3756\/revisions\/4182"}],"wp:attachment":[{"href":"https:\/\/spainbytrain.org\/fr\/wp-json\/wp\/v2\/media?parent=3756"}],"curies":[{"name":"wp","href":"https:\/\/api.w.org\/{rel}","templated":true}]}}