{"id":3754,"date":"2025-11-12T14:58:57","date_gmt":"2025-11-12T13:58:57","guid":{"rendered":"https:\/\/spainbytrain.org\/alicante\/"},"modified":"2025-11-25T13:32:24","modified_gmt":"2025-11-25T12:32:24","slug":"alicante","status":"publish","type":"page","link":"https:\/\/spainbytrain.org\/fr\/alicante\/","title":{"rendered":"Alicante"},"content":{"rendered":"\t\t<div data-elementor-type=\"wp-page\" data-elementor-id=\"3754\" class=\"elementor elementor-3754 elementor-473\">\n\t\t\t\t<div class=\"elementor-element elementor-element-96695a5 contenedor-imagen e-con-full e-flex e-con e-parent\" data-id=\"96695a5\" data-element_type=\"container\" data-e-type=\"container\" data-settings=\"{&quot;background_background&quot;:&quot;slideshow&quot;,&quot;background_slideshow_gallery&quot;:[{&quot;id&quot;:&quot;1088&quot;,&quot;url&quot;:&quot;http:\\\/\\\/spainbytrain.org\\\/wp-content\\\/uploads\\\/sites\\\/17\\\/2025\\\/04\\\/imgAlicante.jpg&quot;}],&quot;background_slideshow_loop&quot;:&quot;yes&quot;,&quot;background_slideshow_slide_duration&quot;:5000,&quot;background_slideshow_slide_transition&quot;:&quot;fade&quot;,&quot;background_slideshow_transition_duration&quot;:500}\">\n\t\t<div class=\"elementor-element elementor-element-303893c texto-encima e-flex e-con-boxed e-con e-child\" data-id=\"303893c\" data-element_type=\"container\" data-e-type=\"container\" data-settings=\"{&quot;position&quot;:&quot;absolute&quot;}\">\n\t\t\t\t\t<div class=\"e-con-inner\">\n\t\t\t\t<div class=\"elementor-element elementor-element-a28797a elementor-widget elementor-widget-heading\" data-id=\"a28797a\" data-element_type=\"widget\" data-e-type=\"widget\" data-widget_type=\"heading.default\">\n\t\t\t\t<div class=\"elementor-widget-container\">\n\t\t\t\t\t<h1 class=\"elementor-heading-title elementor-size-default\">Alicante<\/h1>\t\t\t\t<\/div>\n\t\t\t\t<\/div>\n\t\t\t\t<div class=\"elementor-element elementor-element-d839269 elementor-widget elementor-widget-text-editor\" data-id=\"d839269\" data-element_type=\"widget\" data-e-type=\"widget\" data-widget_type=\"text-editor.default\">\n\t\t\t\t<div class=\"elementor-widget-container\">\n\t\t\t\t\t\t\t\t\t<a class=\"boton\" href=\"https:\/\/www.civitatis.com\/es\/alicante\/?aid=108634%20\" target=\"_blank\" rel=\"noopener\">EXP\u00c9RIENCES <img decoding=\"async\" class=\"icono-flecha\" src=\"https:\/\/spainbytrain.org\/wp-content\/themes\/spainbytrain\/img\/icono-flecha.png\" alt=\"flecha\"> <img decoding=\"async\" class=\"logo-civitatis\" src=\"https:\/\/spainbytrain.org\/wp-content\/themes\/spainbytrain\/img\/civitatis_logo.png\" alt=\"civitatis\"><\/a>\n<a class=\"boton\" href=\"https:\/\/www.thetrainline.com\/es\" target=\"_blank\" rel=\"noopener\">\n BILLETS\n<img decoding=\"async\" class=\"logo-trainline\" src=\"https:\/\/spainbytrain.org\/wp-content\/uploads\/sites\/17\/2025\/11\/trainline-green-vectorial.png\" alt=\"trainline\"> DE TRAIN\n\n<img decoding=\"async\" class=\"icono-flecha\" src=\"https:\/\/spainbytrain.org\/wp-content\/themes\/spainbytrain\/img\/icono-flecha.png\" alt=\"flecha\">        <\/a> \t\t\t\t\t\t\t\t<\/div>\n\t\t\t\t<\/div>\n\t\t\t\t\t<\/div>\n\t\t\t\t<\/div>\n\t\t\t\t<\/div>\n\t\t<div class=\"elementor-element elementor-element-a488dd6 e-con-full container-texto-ciudades e-flex e-con e-parent\" data-id=\"a488dd6\" data-element_type=\"container\" data-e-type=\"container\">\n\t\t<div class=\"elementor-element elementor-element-417f385   e-con-full e-flex e-con e-child\" data-id=\"417f385\" data-element_type=\"container\" data-e-type=\"container\">\n\t\t\t\t<div class=\"elementor-element elementor-element-ec4ae61 texto-columnas elementor-widget elementor-widget-text-editor\" data-id=\"ec4ae61\" data-element_type=\"widget\" data-e-type=\"widget\" data-widget_type=\"text-editor.default\">\n\t\t\t\t<div class=\"elementor-widget-container\">\n\t\t\t\t\t\t\t\t\t<p>Alicante vous invite \u00e0 plonger dans son essence la plus authentique et culturelle. Avec un agenda d\u2019\u00e9v\u00e9nements foisonnant, la ville allie histoire et cr\u00e9ativit\u00e9 pour offrir des exp\u00e9riences inoubliables. De ses monuments embl\u00e9matiques \u00e0 ses festivals et f\u00eates les plus marquants, il y a toujours quelque chose de nouveau \u00e0 d\u00e9couvrir. Que vous soyez passionn\u00e9 d\u2019art, attir\u00e9 par les traditions ou que vous pr\u00e9f\u00e9riez les \u00e9v\u00e9nements contemporains, vous y trouverez votre bonheur.<br>De plus, elle abrite certains des monuments les plus embl\u00e9matiques de la Costa Blanca. Son histoire se respire \u00e0 chaque coin de rue. Sa gastronomie m\u00e9diterran\u00e9enne propose des plats phares comme l\u2019arroz a banda et des produits embl\u00e9matiques tels que le turr\u00f3n, reflets d\u2019une riche histoire culinaire transmise de g\u00e9n\u00e9ration en g\u00e9n\u00e9ration. Alicante a quelque chose \u00e0 offrir \u00e0 chacun.       <\/p>\n<br><div class=\"contenedor-enlaces\">\n    <img decoding=\"async\" src=\"https:\/\/spainbytrain.org\/wp-content\/themes\/spainbytrain\/img\/icono-de-mas.png\"> \n    <div class=\"enlaces\">\n        <a href=\"https:\/\/alicanteturismo.com\/\" target=\"_blank\" rel=\"noopener\">alicanteturismo.com<\/a>\n    <\/div>\n<\/div>\t\t\t\t\t\t\t\t<\/div>\n\t\t\t\t<\/div>\n\t\t\t\t<\/div>\n\t\t<div class=\"elementor-element elementor-element-68b0418 e-con-full paddingImprescindible e-flex e-con e-child\" data-id=\"68b0418\" data-element_type=\"container\" data-e-type=\"container\" id=\"containImprescindible\">\n\t\t\t\t<div class=\"elementor-element elementor-element-d7292aa titulo-imprescindibles e-transform elementor-widget elementor-widget-heading\" data-id=\"d7292aa\" data-element_type=\"widget\" data-e-type=\"widget\" data-settings=\"{&quot;_transform_scale_effect&quot;:{&quot;unit&quot;:&quot;px&quot;,&quot;size&quot;:&quot;1&quot;,&quot;sizes&quot;:[]},&quot;_transform_scale_effect_tablet&quot;:{&quot;unit&quot;:&quot;px&quot;,&quot;size&quot;:&quot;&quot;,&quot;sizes&quot;:[]},&quot;_transform_scale_effect_mobile&quot;:{&quot;unit&quot;:&quot;px&quot;,&quot;size&quot;:&quot;&quot;,&quot;sizes&quot;:[]}}\" data-widget_type=\"heading.default\">\n\t\t\t\t<div class=\"elementor-widget-container\">\n\t\t\t\t\t<h1 class=\"elementor-heading-title elementor-size-default\">Incontournables<\/h1>\t\t\t\t<\/div>\n\t\t\t\t<\/div>\n\t\t\t\t<div class=\"elementor-element elementor-element-d8eae2c flecha elementor-widget elementor-widget-image\" data-id=\"d8eae2c\" data-element_type=\"widget\" data-e-type=\"widget\" data-widget_type=\"image.default\">\n\t\t\t\t<div class=\"elementor-widget-container\">\n\t\t\t\t\t\t\t\t\t\t\t\t\t\t\t<img decoding=\"async\" src=\"https:\/\/spainbytrain.org\/wp-content\/uploads\/sites\/17\/elementor\/thumbs\/icono-flechaAbajo-r45dq4d0ug9renwown1dmgena0kljy5botiq78ifww.png\" title=\"icono-flechaAbajo\" alt=\"icono-flechaAbajo\" loading=\"lazy\" \/>\t\t\t\t\t\t\t\t\t\t\t\t\t\t\t<\/div>\n\t\t\t\t<\/div>\n\t\t\t\t<\/div>\n\t\t\t\t<\/div>\n\t\t<div class=\"elementor-element elementor-element-d93fc33 boldest_map_destino_wrapper e-flex e-con-boxed e-con e-parent\" data-id=\"d93fc33\" data-element_type=\"container\" data-e-type=\"container\">\n\t\t\t\t\t<div class=\"e-con-inner\">\n\t\t\t\t<div class=\"elementor-element elementor-element-fc02927 boldest_map_destino elementor-widget elementor-widget-html\" data-id=\"fc02927\" data-element_type=\"widget\" data-e-type=\"widget\" data-widget_type=\"html.default\">\n\t\t\t\t<div class=\"elementor-widget-container\">\n\t\t\t\t\t<div id=\"bWidgetMap\" integration=\"segment\" topheight=\"40\" btncolor=\"#F1392D\" showcurtain=\"true\" showbuttons=\"true\" viewmaptext=\"MAPA CIUDAD\" parenturiprefix=\"bwidget:\" ignorebottomcontent=\"true\" embedurl=\"https:\/\/maps.spainbytrain.org\" embedmainuri=\"\/fr\/alicante\" mapscrollwheel=\"false\" onfocus=\"\" onfocusout=\"\"><\/div>\r\n    <script type=\"text\/javascript\" src=\"https:\/\/maps.spainbytrain.org\/embed.js\"><\/script>\r\n    \r\n\t\t\t\t<\/div>\n\t\t\t\t<\/div>\n\t\t\t\t\t<\/div>\n\t\t\t\t<\/div>\n\t\t\t\t<\/div>\n\t\t","protected":false},"excerpt":{"rendered":"<p>Alicante EXP\u00c9RIENCES BILLETS DE TRAIN Alicante vous invite \u00e0 plonger dans son essence la plus authentique et culturelle. Avec un agenda d\u2019\u00e9v\u00e9nements foisonnant, la ville allie histoire et cr\u00e9ativit\u00e9 pour offrir des exp\u00e9riences inoubliables. De ses monuments embl\u00e9matiques \u00e0 ses festivals et f\u00eates les plus marquants, il y a toujours quelque chose de nouveau \u00e0 [&hellip;]<\/p>\n","protected":false},"author":2985,"featured_media":0,"parent":0,"menu_order":0,"comment_status":"closed","ping_status":"closed","template":"","meta":{"inline_featured_image":false,"footnotes":""},"class_list":["post-3754","page","type-page","status-publish","hentry"],"_links":{"self":[{"href":"https:\/\/spainbytrain.org\/fr\/wp-json\/wp\/v2\/pages\/3754","targetHints":{"allow":["GET"]}}],"collection":[{"href":"https:\/\/spainbytrain.org\/fr\/wp-json\/wp\/v2\/pages"}],"about":[{"href":"https:\/\/spainbytrain.org\/fr\/wp-json\/wp\/v2\/types\/page"}],"author":[{"embeddable":true,"href":"https:\/\/spainbytrain.org\/fr\/wp-json\/wp\/v2\/users\/2985"}],"replies":[{"embeddable":true,"href":"https:\/\/spainbytrain.org\/fr\/wp-json\/wp\/v2\/comments?post=3754"}],"version-history":[{"count":13,"href":"https:\/\/spainbytrain.org\/fr\/wp-json\/wp\/v2\/pages\/3754\/revisions"}],"predecessor-version":[{"id":4363,"href":"https:\/\/spainbytrain.org\/fr\/wp-json\/wp\/v2\/pages\/3754\/revisions\/4363"}],"wp:attachment":[{"href":"https:\/\/spainbytrain.org\/fr\/wp-json\/wp\/v2\/media?parent=3754"}],"curies":[{"name":"wp","href":"https:\/\/api.w.org\/{rel}","templated":true}]}}