{"id":2584,"date":"2025-07-11T11:55:02","date_gmt":"2025-07-11T09:55:02","guid":{"rendered":"https:\/\/spainbytrain.org\/ciudad-real\/"},"modified":"2025-11-21T13:23:10","modified_gmt":"2025-11-21T12:23:10","slug":"ciudad-real","status":"publish","type":"page","link":"https:\/\/spainbytrain.org\/en\/ciudad-real\/","title":{"rendered":"Ciudad Real"},"content":{"rendered":"\t\t<div data-elementor-type=\"wp-page\" data-elementor-id=\"2584\" class=\"elementor elementor-2584 elementor-558\">\n\t\t\t\t<div class=\"elementor-element elementor-element-bac9e9e contenedor-imagen e-flex e-con-boxed e-con e-parent\" data-id=\"bac9e9e\" data-element_type=\"container\" data-e-type=\"container\" data-settings=\"{&quot;background_background&quot;:&quot;video&quot;,&quot;background_video_link&quot;:&quot;https:\\\/\\\/www.youtube.com\\\/watch?v=Jltu9FSfz4I&quot;}\">\n\t\t\t\t\t<div class=\"e-con-inner\">\n\t\t<div class=\"elementor-background-video-container elementor-hidden-mobile\">\n\t\t\t\t\t\t\t<div class=\"elementor-background-video-embed\" role=\"presentation\"><\/div>\n\t\t\t\t\t\t<\/div><div class=\"elementor-element elementor-element-acd25c4 texto-encima e-flex e-con-boxed e-con e-child\" data-id=\"acd25c4\" data-element_type=\"container\" data-e-type=\"container\" data-settings=\"{&quot;position&quot;:&quot;absolute&quot;}\">\n\t\t\t\t\t<div class=\"e-con-inner\">\n\t\t\t\t<div class=\"elementor-element elementor-element-fa70aec elementor-widget elementor-widget-heading\" data-id=\"fa70aec\" data-element_type=\"widget\" data-e-type=\"widget\" data-widget_type=\"heading.default\">\n\t\t\t\t<div class=\"elementor-widget-container\">\n\t\t\t\t\t<h1 class=\"elementor-heading-title elementor-size-default\">Ciudad Real<\/h1>\t\t\t\t<\/div>\n\t\t\t\t<\/div>\n\t\t\t\t<div class=\"elementor-element elementor-element-9f9ebb9 elementor-widget elementor-widget-text-editor\" data-id=\"9f9ebb9\" data-element_type=\"widget\" data-e-type=\"widget\" data-widget_type=\"text-editor.default\">\n\t\t\t\t<div class=\"elementor-widget-container\">\n\t\t\t\t\t\t\t\t\t<p><a class=\"boton\" href=\"https:\/\/www.civitatis.com\/en\/ciudad-real\/?aid=108634\" target=\"_blank\" rel=\"noopener\">EXPERIENCES <img decoding=\"async\" class=\"icono-flecha\" src=\"https:\/\/spainbytrain.org\/wp-content\/themes\/spainbytrain\/img\/icono-flecha.png\" alt=\"arrow\"> <img decoding=\"async\" class=\"logo-civitatis\" src=\"https:\/\/spainbytrain.org\/wp-content\/themes\/spainbytrain\/img\/civitatis_logo.png\" alt=\"civitatis\"><\/a><\/p>\t\t\t\t\t\t\t\t<\/div>\n\t\t\t\t<\/div>\n\t\t\t\t\t<\/div>\n\t\t\t\t<\/div>\n\t\t\t\t\t<\/div>\n\t\t\t\t<\/div>\n\t\t<div class=\"elementor-element elementor-element-43bf861 e-con-full container-texto-ciudades e-flex e-con e-parent\" data-id=\"43bf861\" data-element_type=\"container\" data-e-type=\"container\">\n\t\t<div class=\"elementor-element elementor-element-cf2e16b   e-con-full e-flex e-con e-child\" data-id=\"cf2e16b\" data-element_type=\"container\" data-e-type=\"container\">\n\t\t\t\t<div class=\"elementor-element elementor-element-49e2f17 texto-columnas elementor-widget elementor-widget-text-editor\" data-id=\"49e2f17\" data-element_type=\"widget\" data-e-type=\"widget\" data-widget_type=\"text-editor.default\">\n\t\t\t\t<div class=\"elementor-widget-container\">\n\t\t\t\t\t\t\t\t\t<p>Ciudad Real is a city rich in historical and cultural heritage. Its Plaza Mayor, with emblematic buildings such as the Town Hall, is the heart of the city. Among its monuments, the Gothic-style Cathedral of Santa Mar\u00eda del Prado and the L\u00f3pez Villase\u00f1or Museum, which houses significant art collections, stand out. The city is also known for the iconic Puerta de Toledo, one of the most significant remnants of its ancient walls. Additionally, Ciudad Real is famous for its gastronomy, particularly its traditional Manchegan dishes such as cheese, pisto, and lamb. Surrounded by a rural landscape, the city provides access to natural parks such as Las Tablas de Daimiel and Caba\u00f1eros National Park, ideal for nature lovers. With its peaceful atmosphere, Ciudad Real combines history, culture, and nature, making it an appealing destination for visitors.<\/p>\n<br><div class=\"contenedor-enlaces\">\n\t<img decoding=\"async\" src=\"https:\/\/spainbytrain.org\/wp-content\/themes\/spainbytrain\/img\/icono-de-mas.png\"> \n\t<div class=\"enlaces\">\n\t\t<a href=\"https:\/\/turismo.ciudadreal.es\/en\" target=\"_blank\" rel=\"noopener\">turismo.ciudadreal.es<\/a>\n\t<\/div>\n<\/div>\t\t\t\t\t\t\t\t<\/div>\n\t\t\t\t<\/div>\n\t\t\t\t<\/div>\n\t\t<div class=\"elementor-element elementor-element-5f77fbf e-con-full paddingImprescindible e-flex e-con e-child\" data-id=\"5f77fbf\" data-element_type=\"container\" data-e-type=\"container\" id=\"containImprescindible\">\n\t\t\t\t<div class=\"elementor-element elementor-element-56c5fe1 titulo-imprescindibles e-transform elementor-widget elementor-widget-heading\" data-id=\"56c5fe1\" data-element_type=\"widget\" data-e-type=\"widget\" data-settings=\"{&quot;_transform_scale_effect&quot;:{&quot;unit&quot;:&quot;px&quot;,&quot;size&quot;:&quot;1&quot;,&quot;sizes&quot;:[]},&quot;_transform_scale_effect_tablet&quot;:{&quot;unit&quot;:&quot;px&quot;,&quot;size&quot;:&quot;&quot;,&quot;sizes&quot;:[]},&quot;_transform_scale_effect_mobile&quot;:{&quot;unit&quot;:&quot;px&quot;,&quot;size&quot;:&quot;&quot;,&quot;sizes&quot;:[]}}\" data-widget_type=\"heading.default\">\n\t\t\t\t<div class=\"elementor-widget-container\">\n\t\t\t\t\t<h1 class=\"elementor-heading-title elementor-size-default\">Essential<\/h1>\t\t\t\t<\/div>\n\t\t\t\t<\/div>\n\t\t\t\t<div class=\"elementor-element elementor-element-a396235 flecha elementor-widget elementor-widget-image\" data-id=\"a396235\" data-element_type=\"widget\" data-e-type=\"widget\" data-widget_type=\"image.default\">\n\t\t\t\t<div class=\"elementor-widget-container\">\n\t\t\t\t\t\t\t\t\t\t\t\t\t\t\t<img decoding=\"async\" src=\"https:\/\/spainbytrain.org\/wp-content\/uploads\/sites\/17\/elementor\/thumbs\/icono-flechaAbajo-r45dq4d0ug9renwown1dmgena0kljy5botiq78ifww.png\" title=\"icono-flechaAbajo\" alt=\"icono-flechaAbajo\" loading=\"lazy\" \/>\t\t\t\t\t\t\t\t\t\t\t\t\t\t\t<\/div>\n\t\t\t\t<\/div>\n\t\t\t\t<\/div>\n\t\t\t\t<\/div>\n\t\t<div class=\"elementor-element elementor-element-edfd122 boldest_map_destino_wrapper e-flex e-con-boxed e-con e-parent\" data-id=\"edfd122\" data-element_type=\"container\" data-e-type=\"container\">\n\t\t\t\t\t<div class=\"e-con-inner\">\n\t\t\t\t<div class=\"elementor-element elementor-element-d8c50ca boldest_map_destino elementor-widget elementor-widget-html\" data-id=\"d8c50ca\" data-element_type=\"widget\" data-e-type=\"widget\" data-widget_type=\"html.default\">\n\t\t\t\t<div class=\"elementor-widget-container\">\n\t\t\t\t\t<div id=\"bWidgetMap\" integration=\"segment\" topheight=\"40\" btncolor=\"#F1392D\" showcurtain=\"true\" showbuttons=\"true\" viewmaptext=\"MAPA CIUDAD\" parenturiprefix=\"bwidget:\" ignorebottomcontent=\"true\" embedurl=\"https:\/\/maps.spainbytrain.org\" embedmainuri=\"\/en\/ciudad-real\" mapscrollwheel=\"false\" onfocus=\"\" onfocusout=\"\"><\/div>\r\n    <script type=\"text\/javascript\" src=\"https:\/\/maps.spainbytrain.org\/embed.js\"><\/script>\r\n    \r\n\t\t\t\t<\/div>\n\t\t\t\t<\/div>\n\t\t\t\t\t<\/div>\n\t\t\t\t<\/div>\n\t\t\t\t<\/div>\n\t\t","protected":false},"excerpt":{"rendered":"<p>Ciudad Real EXPERIENCES Ciudad Real is a city rich in historical and cultural heritage. Its Plaza Mayor, with emblematic buildings such as the Town Hall, is the heart of the city. Among its monuments, the Gothic-style Cathedral of Santa Mar\u00eda del Prado and the L\u00f3pez Villase\u00f1or Museum, which houses significant art collections, stand out. The [&hellip;]<\/p>\n","protected":false},"author":2985,"featured_media":0,"parent":0,"menu_order":0,"comment_status":"closed","ping_status":"closed","template":"","meta":{"inline_featured_image":false,"footnotes":""},"class_list":["post-2584","page","type-page","status-publish","hentry"],"_links":{"self":[{"href":"https:\/\/spainbytrain.org\/en\/wp-json\/wp\/v2\/pages\/2584","targetHints":{"allow":["GET"]}}],"collection":[{"href":"https:\/\/spainbytrain.org\/en\/wp-json\/wp\/v2\/pages"}],"about":[{"href":"https:\/\/spainbytrain.org\/en\/wp-json\/wp\/v2\/types\/page"}],"author":[{"embeddable":true,"href":"https:\/\/spainbytrain.org\/en\/wp-json\/wp\/v2\/users\/2985"}],"replies":[{"embeddable":true,"href":"https:\/\/spainbytrain.org\/en\/wp-json\/wp\/v2\/comments?post=2584"}],"version-history":[{"count":8,"href":"https:\/\/spainbytrain.org\/en\/wp-json\/wp\/v2\/pages\/2584\/revisions"}],"predecessor-version":[{"id":3939,"href":"https:\/\/spainbytrain.org\/en\/wp-json\/wp\/v2\/pages\/2584\/revisions\/3939"}],"wp:attachment":[{"href":"https:\/\/spainbytrain.org\/en\/wp-json\/wp\/v2\/media?parent=2584"}],"curies":[{"name":"wp","href":"https:\/\/api.w.org\/{rel}","templated":true}]}}